{"id":11990,"date":"2026-03-17T11:23:37","date_gmt":"2026-03-17T11:23:37","guid":{"rendered":"https:\/\/engitech.az\/?post_type=product&#038;p=11990"},"modified":"2026-03-17T11:23:38","modified_gmt":"2026-03-17T11:23:38","slug":"netsure-5100-high-temperature","status":"publish","type":"product","link":"https:\/\/engitech.az\/en\/product\/netsure-5100-high-temperature\/","title":{"rendered":"NetSure 5100 High Temperature"},"content":{"rendered":"<p>\u2022 <strong data-start=\"2\" data-end=\"13\">M\u0259hsul:<\/strong> Vertiv\u2122 NetSure\u2122 5100 High Temperature<br data-start=\"52\" data-end=\"55\" \/>\u2022 <strong data-start=\"57\" data-end=\"72\">Category:<\/strong> DC enerji sistemi (telekom \u00fc\u00e7\u00fcn)<br data-start=\"105\" data-end=\"108\" \/>\u2022 <strong data-start=\"110\" data-end=\"125\">Haz\u0131rlayan:<\/strong> Vertiv<br data-start=\"132\" data-end=\"135\" \/>\u2022 <strong data-start=\"137\" data-end=\"153\">Functions:<\/strong> -48 V DC \u00e7\u0131x\u0131\u015f, 6\u201324 kW g\u00fcc, y\u00fcks\u0259k effektivlik (~96%), geni\u015f temperatur aral\u0131\u011f\u0131 (-40\u00b0C \u2013 +80\u00b0C), modul dizayn <br data-start=\"302\" data-end=\"305\" \/>\u2022 <strong data-start=\"307\" data-end=\"320\">Usage:<\/strong> Telekom \u015f\u0259b\u0259k\u0259l\u0259ri v\u0259 \u00e7\u0259tin m\u00fchitl\u0259rd\u0259 (y\u00fcks\u0259k temperatur) enerji t\u0259minat\u0131<\/p>","protected":false},"excerpt":{"rendered":"<p>\u2022 M\u0259hsul: Vertiv\u2122 NetSure\u2122 5100 High Temperature\u2022 Kateqoriya: DC enerji  [&#8230;]<\/p>","protected":false},"featured_media":11991,"comment_status":"open","ping_status":"closed","template":"","meta":[],"product_brand":[],"product_cat":[196],"product_tag":[],"class_list":{"0":"post-11990","1":"product","2":"type-product","3":"status-publish","4":"has-post-thumbnail","6":"product_cat-vertiv","7":"pa_mehsul-tipi-dc-power-systems","9":"first","10":"instock","11":"sold-individually","12":"shipping-taxable","13":"purchasable","14":"product-type-simple"},"_links":{"self":[{"href":"https:\/\/engitech.az\/en\/wp-json\/wp\/v2\/product\/11990","targetHints":{"allow":["GET"]}}],"collection":[{"href":"https:\/\/engitech.az\/en\/wp-json\/wp\/v2\/product"}],"about":[{"href":"https:\/\/engitech.az\/en\/wp-json\/wp\/v2\/types\/product"}],"replies":[{"embeddable":true,"href":"https:\/\/engitech.az\/en\/wp-json\/wp\/v2\/comments?post=11990"}],"wp:featuredmedia":[{"embeddable":true,"href":"https:\/\/engitech.az\/en\/wp-json\/wp\/v2\/media\/11991"}],"wp:attachment":[{"href":"https:\/\/engitech.az\/en\/wp-json\/wp\/v2\/media?parent=11990"}],"wp:term":[{"taxonomy":"product_brand","embeddable":true,"href":"https:\/\/engitech.az\/en\/wp-json\/wp\/v2\/product_brand?post=11990"},{"taxonomy":"product_cat","embeddable":true,"href":"https:\/\/engitech.az\/en\/wp-json\/wp\/v2\/product_cat?post=11990"},{"taxonomy":"product_tag","embeddable":true,"href":"https:\/\/engitech.az\/en\/wp-json\/wp\/v2\/product_tag?post=11990"}],"curies":[{"name":"wp","href":"https:\/\/api.w.org\/{rel}","templated":true}]}}