{"id":11992,"date":"2026-03-17T11:25:31","date_gmt":"2026-03-17T11:25:31","guid":{"rendered":"https:\/\/engitech.az\/?post_type=product&#038;p=11992"},"modified":"2026-03-17T11:25:31","modified_gmt":"2026-03-17T11:25:31","slug":"netsure-7100-semi-bulk-dc-power-system","status":"publish","type":"product","link":"https:\/\/engitech.az\/en\/product\/netsure-7100-semi-bulk-dc-power-system\/","title":{"rendered":"NetSure 7100 Semi-Bulk DC Power System"},"content":{"rendered":"<p>\u2022 <strong data-start=\"2\" data-end=\"13\">M\u0259hsul:<\/strong> Vertiv\u2122 NetSure\u2122 7100 Semi-Bulk DC Power System<br data-start=\"61\" data-end=\"64\" \/>\u2022 <strong data-start=\"66\" data-end=\"81\">Category:<\/strong> DC enerji sistemi (telekom \u00fc\u00e7\u00fcn)<br data-start=\"114\" data-end=\"117\" \/>\u2022 <strong data-start=\"119\" data-end=\"134\">Haz\u0131rlayan:<\/strong> Vertiv<br data-start=\"141\" data-end=\"144\" \/>\u2022 <strong data-start=\"146\" data-end=\"162\">Functions:<\/strong> -48 V DC \u00e7\u0131x\u0131\u015f, <strong data-start=\"179\" data-end=\"189\">105 kW<\/strong> g\u00fcc (geni\u015fl\u0259n\u0259 bil\u0259n), modul dizayn, y\u00fcks\u0259k effektivlik (~96\u201398%), 3.5 kW rectifier modullar\u0131 <br data-start=\"321\" data-end=\"324\" \/>\u2022 <strong data-start=\"326\" data-end=\"339\">Usage:<\/strong> Telekom, data m\u0259rk\u0259zl\u0259ri v\u0259 kritik DC enerji infrastrukturlar\u0131 \u00fc\u00e7\u00fcn enerji t\u0259minat\u0131<\/p>","protected":false},"excerpt":{"rendered":"<p>\u2022 M\u0259hsul: Vertiv\u2122 NetSure\u2122 7100 Semi-Bulk DC Power System\u2022 Kateqoriya:  [&#8230;]<\/p>","protected":false},"featured_media":11993,"comment_status":"open","ping_status":"closed","template":"","meta":[],"product_brand":[],"product_cat":[196],"product_tag":[],"class_list":{"0":"post-11992","1":"product","2":"type-product","3":"status-publish","4":"has-post-thumbnail","6":"product_cat-vertiv","7":"pa_mehsul-tipi-dc-power-systems","9":"first","10":"instock","11":"sold-individually","12":"shipping-taxable","13":"purchasable","14":"product-type-simple"},"_links":{"self":[{"href":"https:\/\/engitech.az\/en\/wp-json\/wp\/v2\/product\/11992","targetHints":{"allow":["GET"]}}],"collection":[{"href":"https:\/\/engitech.az\/en\/wp-json\/wp\/v2\/product"}],"about":[{"href":"https:\/\/engitech.az\/en\/wp-json\/wp\/v2\/types\/product"}],"replies":[{"embeddable":true,"href":"https:\/\/engitech.az\/en\/wp-json\/wp\/v2\/comments?post=11992"}],"wp:featuredmedia":[{"embeddable":true,"href":"https:\/\/engitech.az\/en\/wp-json\/wp\/v2\/media\/11993"}],"wp:attachment":[{"href":"https:\/\/engitech.az\/en\/wp-json\/wp\/v2\/media?parent=11992"}],"wp:term":[{"taxonomy":"product_brand","embeddable":true,"href":"https:\/\/engitech.az\/en\/wp-json\/wp\/v2\/product_brand?post=11992"},{"taxonomy":"product_cat","embeddable":true,"href":"https:\/\/engitech.az\/en\/wp-json\/wp\/v2\/product_cat?post=11992"},{"taxonomy":"product_tag","embeddable":true,"href":"https:\/\/engitech.az\/en\/wp-json\/wp\/v2\/product_tag?post=11992"}],"curies":[{"name":"wp","href":"https:\/\/api.w.org\/{rel}","templated":true}]}}