{"id":11994,"date":"2026-03-17T11:30:43","date_gmt":"2026-03-17T11:30:43","guid":{"rendered":"https:\/\/engitech.az\/?post_type=product&#038;p=11994"},"modified":"2026-03-17T11:30:44","modified_gmt":"2026-03-17T11:30:44","slug":"netsure-7000-series-dc-power-systems-for-access-applications","status":"publish","type":"product","link":"https:\/\/engitech.az\/en\/product\/netsure-7000-series-dc-power-systems-for-access-applications\/","title":{"rendered":"NetSure 7000 Series DC Power Systems for Access Applications"},"content":{"rendered":"<div class=\"flex flex-col text-sm pb-25\">\n<article class=\"text-token-text-primary w-full focus:outline-none [--shadow-height:45px] has-data-writing-block:pointer-events-none has-data-writing-block:-mt-(--shadow-height) has-data-writing-block:pt-(--shadow-height) [&amp;:has([data-writing-block])&gt;*]:pointer-events-auto scroll-mt-[calc(var(--header-height)+min(200px,max(70px,20svh)))]\" dir=\"auto\" tabindex=\"-1\" data-turn-id=\"request-69b7bd40-2ef4-8325-b348-4cc5bc1f7977-0\" data-testid=\"conversation-turn-80\" data-scroll-anchor=\"true\" data-turn=\"assistant\">\n<div class=\"text-base my-auto mx-auto pb-10 [--thread-content-margin:var(--thread-content-margin-xs,calc(var(--spacing)*4))] @w-sm\/main:[--thread-content-margin:var(--thread-content-margin-sm,calc(var(--spacing)*6))] @w-lg\/main:[--thread-content-margin:var(--thread-content-margin-lg,calc(var(--spacing)*16))] px-(--thread-content-margin)\">\n<div class=\"[--thread-content-max-width:40rem] @w-lg\/main:[--thread-content-max-width:48rem] mx-auto max-w-(--thread-content-max-width) flex-1 group\/turn-messages focus-visible:outline-hidden relative flex w-full min-w-0 flex-col agent-turn\" tabindex=\"-1\">\n<div class=\"flex max-w-full flex-col gap-4 grow\">\n<div class=\"min-h-8 text-message relative flex w-full flex-col items-end gap-2 text-start break-words whitespace-normal [.text-message+&amp;]:mt-1\" dir=\"auto\" data-message-author-role=\"assistant\" data-message-id=\"191cd5bc-d61c-4eb3-856e-ea12a6b90412\" data-message-model-slug=\"gpt-5-3\">\n<div class=\"flex w-full flex-col gap-1 empty:hidden\">\n<div class=\"markdown prose dark:prose-invert w-full wrap-break-word dark markdown-new-styling\">\n<p data-start=\"0\" data-end=\"499\">\u2022 <strong data-start=\"2\" data-end=\"13\">M\u0259hsul:<\/strong> Vertiv\u2122 NetSure\u2122 7000 Series DC Power Systems for Access Applications<br data-start=\"83\" data-end=\"86\" \/>\u2022 <strong data-start=\"88\" data-end=\"103\">Category:<\/strong> DC enerji sistemi (telekom \u00fc\u00e7\u00fcn)<br data-start=\"136\" data-end=\"139\" \/>\u2022 <strong data-start=\"141\" data-end=\"156\">Haz\u0131rlayan:<\/strong> Vertiv<br data-start=\"163\" data-end=\"166\" \/>\u2022 <strong data-start=\"168\" data-end=\"184\">Functions:<\/strong> -48 V DC \u00e7\u0131x\u0131\u015f, y\u00fcks\u0259k g\u00fcc s\u0131xl\u0131\u011f\u0131, modul v\u0259 geni\u015fl\u0259n\u0259 bil\u0259n dizayn, y\u00fcks\u0259k effektivlik (~96%), uzaqdan monitorinq v\u0259 idar\u0259etm\u0259 <br data-start=\"350\" data-end=\"353\" \/>\u2022 <strong data-start=\"355\" data-end=\"368\">Usage:<\/strong> Telekom \u015f\u0259b\u0259k\u0259l\u0259ri, radio baza stansiyalar\u0131 v\u0259 data m\u0259rk\u0259zl\u0259ri \u00fc\u00e7\u00fcn etibarl\u0131 enerji t\u0259minat\u0131<\/p>\n<\/div>\n<\/div>\n<\/div>\n<\/div>\n<div class=\"z-0 flex min-h-[46px] justify-start\"><\/div>\n<div class=\"mt-3 w-full empty:hidden\">\n<div class=\"text-center\"><\/div>\n<\/div>\n<\/div>\n<\/div>\n<\/article>\n<\/div>\n<div class=\"pointer-events-none h-px w-px absolute bottom-0\" aria-hidden=\"true\" data-edge=\"true\"><\/div>","protected":false},"excerpt":{"rendered":"<p>\u2022 M\u0259hsul: Vertiv\u2122 NetSure\u2122 7000 Series DC Power Systems for  [&#8230;]<\/p>","protected":false},"featured_media":11995,"comment_status":"open","ping_status":"closed","template":"","meta":[],"product_brand":[],"product_cat":[196],"product_tag":[],"class_list":{"0":"post-11994","1":"product","2":"type-product","3":"status-publish","4":"has-post-thumbnail","6":"product_cat-vertiv","7":"pa_mehsul-tipi-dc-power-systems","9":"first","10":"instock","11":"sold-individually","12":"shipping-taxable","13":"purchasable","14":"product-type-simple"},"_links":{"self":[{"href":"https:\/\/engitech.az\/en\/wp-json\/wp\/v2\/product\/11994","targetHints":{"allow":["GET"]}}],"collection":[{"href":"https:\/\/engitech.az\/en\/wp-json\/wp\/v2\/product"}],"about":[{"href":"https:\/\/engitech.az\/en\/wp-json\/wp\/v2\/types\/product"}],"replies":[{"embeddable":true,"href":"https:\/\/engitech.az\/en\/wp-json\/wp\/v2\/comments?post=11994"}],"wp:featuredmedia":[{"embeddable":true,"href":"https:\/\/engitech.az\/en\/wp-json\/wp\/v2\/media\/11995"}],"wp:attachment":[{"href":"https:\/\/engitech.az\/en\/wp-json\/wp\/v2\/media?parent=11994"}],"wp:term":[{"taxonomy":"product_brand","embeddable":true,"href":"https:\/\/engitech.az\/en\/wp-json\/wp\/v2\/product_brand?post=11994"},{"taxonomy":"product_cat","embeddable":true,"href":"https:\/\/engitech.az\/en\/wp-json\/wp\/v2\/product_cat?post=11994"},{"taxonomy":"product_tag","embeddable":true,"href":"https:\/\/engitech.az\/en\/wp-json\/wp\/v2\/product_tag?post=11994"}],"curies":[{"name":"wp","href":"https:\/\/api.w.org\/{rel}","templated":true}]}}