{"id":11996,"date":"2026-03-17T11:42:51","date_gmt":"2026-03-17T11:42:51","guid":{"rendered":"https:\/\/engitech.az\/?post_type=product&#038;p=11996"},"modified":"2026-03-17T11:59:19","modified_gmt":"2026-03-17T11:59:19","slug":"vertiv-powergo-basic-monitored-and-switched-rack-pdu","status":"publish","type":"product","link":"https:\/\/engitech.az\/en\/product\/vertiv-powergo-basic-monitored-and-switched-rack-pdu\/","title":{"rendered":"Vertiv\u2122 PowerGo Basic, Monitored and Switched rack PDU"},"content":{"rendered":"<article class=\"text-token-text-primary w-full focus:outline-none [--shadow-height:45px] has-data-writing-block:pointer-events-none has-data-writing-block:-mt-(--shadow-height) has-data-writing-block:pt-(--shadow-height) [&amp;:has([data-writing-block])&gt;*]:pointer-events-auto scroll-mt-(--header-height)\" dir=\"auto\" tabindex=\"-1\" data-turn-id=\"54da6088-0766-4d61-9d68-5929530ddd40\" data-testid=\"conversation-turn-81\" data-scroll-anchor=\"false\" data-turn=\"user\"><\/article>\n<article class=\"text-token-text-primary w-full focus:outline-none [--shadow-height:45px] has-data-writing-block:pointer-events-none has-data-writing-block:-mt-(--shadow-height) has-data-writing-block:pt-(--shadow-height) [&amp;:has([data-writing-block])&gt;*]:pointer-events-auto scroll-mt-[calc(var(--header-height)+min(200px,max(70px,20svh)))]\" dir=\"auto\" tabindex=\"-1\" data-turn-id=\"request-69b7bd40-2ef4-8325-b348-4cc5bc1f7977-1\" data-testid=\"conversation-turn-82\" data-scroll-anchor=\"true\" data-turn=\"assistant\">\n<div class=\"text-base my-auto mx-auto pb-10 [--thread-content-margin:var(--thread-content-margin-xs,calc(var(--spacing)*4))] @w-sm\/main:[--thread-content-margin:var(--thread-content-margin-sm,calc(var(--spacing)*6))] @w-lg\/main:[--thread-content-margin:var(--thread-content-margin-lg,calc(var(--spacing)*16))] px-(--thread-content-margin)\">\n<div class=\"[--thread-content-max-width:40rem] @w-lg\/main:[--thread-content-max-width:48rem] mx-auto max-w-(--thread-content-max-width) flex-1 group\/turn-messages focus-visible:outline-hidden relative flex w-full min-w-0 flex-col agent-turn\" tabindex=\"-1\">\n<div class=\"flex max-w-full flex-col gap-4 grow\">\n<div class=\"min-h-8 text-message relative flex w-full flex-col items-end gap-2 text-start break-words whitespace-normal [.text-message+&amp;]:mt-1\" dir=\"auto\" data-message-author-role=\"assistant\" data-message-id=\"79b09b21-eff4-498c-9e60-19b64d386fd6\" data-message-model-slug=\"gpt-5-3\">\n<div class=\"flex w-full flex-col gap-1 empty:hidden\">\n<div class=\"markdown prose dark:prose-invert w-full wrap-break-word dark markdown-new-styling\">\n<p data-start=\"0\" data-end=\"552\">\u2022 <strong data-start=\"2\" data-end=\"13\">M\u0259hsul:<\/strong> Vertiv\u2122 PowerGo Basic, Monitored and Switched Rack PDU<br data-start=\"68\" data-end=\"71\" \/>\u2022 <strong data-start=\"73\" data-end=\"88\">Category:<\/strong> Rack tipli enerji paylama bloku (PDU)<br data-start=\"126\" data-end=\"129\" \/>\u2022 <strong data-start=\"131\" data-end=\"146\">Haz\u0131rlayan:<\/strong> Vertiv<br data-start=\"153\" data-end=\"156\" \/>\u2022 <strong data-start=\"158\" data-end=\"174\">Functions:<\/strong> 0U\/1U kompakt dizayn, \u00e7oxsayl\u0131 \u00e7\u0131x\u0131\u015f portlar\u0131 (C13\/C19\/Schuko), <strong data-start=\"239\" data-end=\"274\">monitorinq v\u0259 uzaqdan idar\u0259etm\u0259<\/strong> (se\u00e7ilmi\u015f modell\u0259rd\u0259), LED ekran, daisy-chain ba\u011flant\u0131, outlet switching imkan\u0131 <br data-start=\"392\" data-end=\"395\" \/>\u2022 <strong data-start=\"397\" data-end=\"410\">Usage:<\/strong> Data m\u0259rk\u0259zl\u0259ri, server rack-l\u0259ri v\u0259 \u015f\u0259b\u0259k\u0259 avadanl\u0131qlar\u0131 \u00fc\u00e7\u00fcn stabil v\u0259 idar\u0259 olunan enerji paylanmas\u0131<\/p>\n<\/div>\n<\/div>\n<\/div>\n<\/div>\n<\/div>\n<\/div>\n<\/article>","protected":false},"excerpt":{"rendered":"<p>\u2022 M\u0259hsul: Vertiv\u2122 PowerGo Basic, Monitored and Switched Rack PDU\u2022  [&#8230;]<\/p>","protected":false},"featured_media":11997,"comment_status":"open","ping_status":"closed","template":"","meta":[],"product_brand":[],"product_cat":[196],"product_tag":[],"class_list":{"0":"post-11996","1":"product","2":"type-product","3":"status-publish","4":"has-post-thumbnail","6":"product_cat-vertiv","7":"pa_mehsul-tipi-power-distribution","9":"first","10":"instock","11":"sold-individually","12":"shipping-taxable","13":"purchasable","14":"product-type-simple"},"_links":{"self":[{"href":"https:\/\/engitech.az\/en\/wp-json\/wp\/v2\/product\/11996","targetHints":{"allow":["GET"]}}],"collection":[{"href":"https:\/\/engitech.az\/en\/wp-json\/wp\/v2\/product"}],"about":[{"href":"https:\/\/engitech.az\/en\/wp-json\/wp\/v2\/types\/product"}],"replies":[{"embeddable":true,"href":"https:\/\/engitech.az\/en\/wp-json\/wp\/v2\/comments?post=11996"}],"wp:featuredmedia":[{"embeddable":true,"href":"https:\/\/engitech.az\/en\/wp-json\/wp\/v2\/media\/11997"}],"wp:attachment":[{"href":"https:\/\/engitech.az\/en\/wp-json\/wp\/v2\/media?parent=11996"}],"wp:term":[{"taxonomy":"product_brand","embeddable":true,"href":"https:\/\/engitech.az\/en\/wp-json\/wp\/v2\/product_brand?post=11996"},{"taxonomy":"product_cat","embeddable":true,"href":"https:\/\/engitech.az\/en\/wp-json\/wp\/v2\/product_cat?post=11996"},{"taxonomy":"product_tag","embeddable":true,"href":"https:\/\/engitech.az\/en\/wp-json\/wp\/v2\/product_tag?post=11996"}],"curies":[{"name":"wp","href":"https:\/\/api.w.org\/{rel}","templated":true}]}}