{"id":11998,"date":"2026-03-17T11:58:38","date_gmt":"2026-03-17T11:58:38","guid":{"rendered":"https:\/\/engitech.az\/?post_type=product&#038;p=11998"},"modified":"2026-03-17T11:58:38","modified_gmt":"2026-03-17T11:58:38","slug":"vertiv-powerit-rack-transfer-switch","status":"publish","type":"product","link":"https:\/\/engitech.az\/en\/product\/vertiv-powerit-rack-transfer-switch\/","title":{"rendered":"Vertiv\u2122 PowerIT Rack Transfer Switch"},"content":{"rendered":"<p>\u2022 <strong data-start=\"2\" data-end=\"13\">M\u0259hsul:<\/strong> Vertiv\u2122 PowerIT Rack Transfer Switch<br data-start=\"50\" data-end=\"53\" \/>\u2022 <strong data-start=\"55\" data-end=\"70\">Category:<\/strong> Rack transfer switch (enerji ke\u00e7id cihaz\u0131)<br data-start=\"113\" data-end=\"116\" \/>\u2022 <strong data-start=\"118\" data-end=\"133\">Haz\u0131rlayan:<\/strong> Vertiv<br data-start=\"140\" data-end=\"143\" \/>\u2022 <strong data-start=\"145\" data-end=\"161\">Functions:<\/strong> \u0130ki enerji giri\u015fli (A\/B), avtomatik ke\u00e7id (4\u20138 ms), enerji itkisini d\u0259rhal a\u015fkarlama, C13\/C19 \u00e7\u0131x\u0131\u015flar, monitorinq v\u0259 overload analizi <br data-start=\"334\" data-end=\"337\" \/>\u2022 <strong data-start=\"339\" data-end=\"352\">Usage:<\/strong> Server rack-l\u0259ri v\u0259 data m\u0259rk\u0259zl\u0259rind\u0259 t\u0259k kabel il\u0259 i\u015fl\u0259y\u0259n avadanl\u0131qlar \u00fc\u00e7\u00fcn fasil\u0259siz v\u0259 redundant enerji t\u0259minat\u0131<\/p>","protected":false},"excerpt":{"rendered":"<p>\u2022 M\u0259hsul: Vertiv\u2122 PowerIT Rack Transfer Switch\u2022 Kateqoriya: Rack transfer  [&#8230;]<\/p>","protected":false},"featured_media":12004,"comment_status":"open","ping_status":"closed","template":"","meta":[],"product_brand":[],"product_cat":[196],"product_tag":[],"class_list":{"0":"post-11998","1":"product","2":"type-product","3":"status-publish","4":"has-post-thumbnail","6":"product_cat-vertiv","7":"pa_mehsul-tipi-power-distribution","9":"first","10":"instock","11":"sold-individually","12":"shipping-taxable","13":"purchasable","14":"product-type-simple"},"_links":{"self":[{"href":"https:\/\/engitech.az\/en\/wp-json\/wp\/v2\/product\/11998","targetHints":{"allow":["GET"]}}],"collection":[{"href":"https:\/\/engitech.az\/en\/wp-json\/wp\/v2\/product"}],"about":[{"href":"https:\/\/engitech.az\/en\/wp-json\/wp\/v2\/types\/product"}],"replies":[{"embeddable":true,"href":"https:\/\/engitech.az\/en\/wp-json\/wp\/v2\/comments?post=11998"}],"wp:featuredmedia":[{"embeddable":true,"href":"https:\/\/engitech.az\/en\/wp-json\/wp\/v2\/media\/12004"}],"wp:attachment":[{"href":"https:\/\/engitech.az\/en\/wp-json\/wp\/v2\/media?parent=11998"}],"wp:term":[{"taxonomy":"product_brand","embeddable":true,"href":"https:\/\/engitech.az\/en\/wp-json\/wp\/v2\/product_brand?post=11998"},{"taxonomy":"product_cat","embeddable":true,"href":"https:\/\/engitech.az\/en\/wp-json\/wp\/v2\/product_cat?post=11998"},{"taxonomy":"product_tag","embeddable":true,"href":"https:\/\/engitech.az\/en\/wp-json\/wp\/v2\/product_tag?post=11998"}],"curies":[{"name":"wp","href":"https:\/\/api.w.org\/{rel}","templated":true}]}}