{"id":12006,"date":"2026-03-17T12:07:53","date_gmt":"2026-03-17T12:07:53","guid":{"rendered":"https:\/\/engitech.az\/?post_type=product&#038;p=12006"},"modified":"2026-03-17T12:07:53","modified_gmt":"2026-03-17T12:07:53","slug":"vertiv-powerit-facility-side-cable","status":"publish","type":"product","link":"https:\/\/engitech.az\/en\/product\/vertiv-powerit-facility-side-cable\/","title":{"rendered":"Vertiv\u2122 PowerIT Facility Side Cable"},"content":{"rendered":"<p>\u2022 <strong data-start=\"2\" data-end=\"13\">M\u0259hsul:<\/strong> Vertiv\u2122 PowerIT Facility Side Cable<br data-start=\"49\" data-end=\"52\" \/>\u2022 <strong data-start=\"54\" data-end=\"69\">Category:<\/strong> Enerji giri\u015f kabeli (PDU \u00fc\u00e7\u00fcn)<br data-start=\"100\" data-end=\"103\" \/>\u2022 <strong data-start=\"105\" data-end=\"120\">Haz\u0131rlayan:<\/strong> Vertiv<br data-start=\"127\" data-end=\"130\" \/>\u2022 <strong data-start=\"132\" data-end=\"148\">Functions:<\/strong> 16\u201360A v\u0259 120\u2013415 V d\u0259st\u0259yi, universal konnektor, UPDU il\u0259 uy\u011funluq, \u00e7evik v\u0259 d\u0259yi\u015fdiril\u0259 bil\u0259n kabel dizayn\u0131 <br data-start=\"296\" data-end=\"299\" \/>\u2022 <strong data-start=\"301\" data-end=\"314\">Usage:<\/strong> Data m\u0259rk\u0259zl\u0259rind\u0259 rack PDU-lar\u0131 enerji m\u0259nb\u0259yin\u0259 qo\u015fmaq v\u0259 m\u00fcxt\u0259lif enerji infrastrukturlar\u0131na uy\u011funla\u015fmaq \u00fc\u00e7\u00fcn<\/p>","protected":false},"excerpt":{"rendered":"<p>\u2022 M\u0259hsul: Vertiv\u2122 PowerIT Facility Side Cable\u2022 Kateqoriya: Enerji giri\u015f  [&#8230;]<\/p>","protected":false},"featured_media":12007,"comment_status":"open","ping_status":"closed","template":"","meta":[],"product_brand":[],"product_cat":[196],"product_tag":[],"class_list":{"0":"post-12006","1":"product","2":"type-product","3":"status-publish","4":"has-post-thumbnail","6":"product_cat-vertiv","7":"pa_mehsul-tipi-power-distribution","9":"first","10":"instock","11":"sold-individually","12":"shipping-taxable","13":"purchasable","14":"product-type-simple"},"_links":{"self":[{"href":"https:\/\/engitech.az\/en\/wp-json\/wp\/v2\/product\/12006","targetHints":{"allow":["GET"]}}],"collection":[{"href":"https:\/\/engitech.az\/en\/wp-json\/wp\/v2\/product"}],"about":[{"href":"https:\/\/engitech.az\/en\/wp-json\/wp\/v2\/types\/product"}],"replies":[{"embeddable":true,"href":"https:\/\/engitech.az\/en\/wp-json\/wp\/v2\/comments?post=12006"}],"wp:featuredmedia":[{"embeddable":true,"href":"https:\/\/engitech.az\/en\/wp-json\/wp\/v2\/media\/12007"}],"wp:attachment":[{"href":"https:\/\/engitech.az\/en\/wp-json\/wp\/v2\/media?parent=12006"}],"wp:term":[{"taxonomy":"product_brand","embeddable":true,"href":"https:\/\/engitech.az\/en\/wp-json\/wp\/v2\/product_brand?post=12006"},{"taxonomy":"product_cat","embeddable":true,"href":"https:\/\/engitech.az\/en\/wp-json\/wp\/v2\/product_cat?post=12006"},{"taxonomy":"product_tag","embeddable":true,"href":"https:\/\/engitech.az\/en\/wp-json\/wp\/v2\/product_tag?post=12006"}],"curies":[{"name":"wp","href":"https:\/\/api.w.org\/{rel}","templated":true}]}}