{"id":12008,"date":"2026-03-17T12:20:48","date_gmt":"2026-03-17T12:20:48","guid":{"rendered":"https:\/\/engitech.az\/?post_type=product&#038;p=12008"},"modified":"2026-03-17T12:20:48","modified_gmt":"2026-03-17T12:20:48","slug":"vertiv-coolchip-cdu-70","status":"publish","type":"product","link":"https:\/\/engitech.az\/en\/product\/vertiv-coolchip-cdu-70\/","title":{"rendered":"Vertiv\u2122 CoolChip CDU 70"},"content":{"rendered":"<p>\u2022 <strong data-start=\"2\" data-end=\"13\">M\u0259hsul:<\/strong> Vertiv\u2122 CoolChip CDU 70<br data-start=\"37\" data-end=\"40\" \/>\u2022 <strong data-start=\"42\" data-end=\"57\">Category:<\/strong> Rack tipli soyuq hava paylay\u0131c\u0131 (CDU)<br data-start=\"95\" data-end=\"98\" \/>\u2022 <strong data-start=\"100\" data-end=\"115\">Haz\u0131rlayan:<\/strong> Vertiv<br data-start=\"122\" data-end=\"125\" \/>\u2022 <strong data-start=\"127\" data-end=\"143\">Functions:<\/strong> 70\u202fkW g\u00fcc, effektiv istilik paylanmas\u0131, y\u00fcks\u0259k performansl\u0131 fanlar, rack-mount dizayn, enerji q\u0259na\u0259tli i\u015fl\u0259m\u0259<br data-start=\"398\" data-end=\"401\" \/>\u2022 <strong data-start=\"403\" data-end=\"416\">Usage:<\/strong> Data m\u0259rk\u0259zl\u0259rind\u0259 server rack-l\u0259rinin optimal soyudulmas\u0131 v\u0259 istilik idar\u0259si \u00fc\u00e7\u00fcn.<\/p>","protected":false},"excerpt":{"rendered":"<p>\u2022 M\u0259hsul: Vertiv\u2122 CoolChip CDU 70\u2022 Kateqoriya: Rack tipli soyuq  [&#8230;]<\/p>","protected":false},"featured_media":12015,"comment_status":"open","ping_status":"closed","template":"","meta":[],"product_brand":[],"product_cat":[196],"product_tag":[],"class_list":{"0":"post-12008","1":"product","2":"type-product","3":"status-publish","4":"has-post-thumbnail","6":"product_cat-vertiv","7":"pa_mehsul-tipi-thermal-management","9":"first","10":"instock","11":"sold-individually","12":"shipping-taxable","13":"purchasable","14":"product-type-simple"},"_links":{"self":[{"href":"https:\/\/engitech.az\/en\/wp-json\/wp\/v2\/product\/12008","targetHints":{"allow":["GET"]}}],"collection":[{"href":"https:\/\/engitech.az\/en\/wp-json\/wp\/v2\/product"}],"about":[{"href":"https:\/\/engitech.az\/en\/wp-json\/wp\/v2\/types\/product"}],"replies":[{"embeddable":true,"href":"https:\/\/engitech.az\/en\/wp-json\/wp\/v2\/comments?post=12008"}],"wp:featuredmedia":[{"embeddable":true,"href":"https:\/\/engitech.az\/en\/wp-json\/wp\/v2\/media\/12015"}],"wp:attachment":[{"href":"https:\/\/engitech.az\/en\/wp-json\/wp\/v2\/media?parent=12008"}],"wp:term":[{"taxonomy":"product_brand","embeddable":true,"href":"https:\/\/engitech.az\/en\/wp-json\/wp\/v2\/product_brand?post=12008"},{"taxonomy":"product_cat","embeddable":true,"href":"https:\/\/engitech.az\/en\/wp-json\/wp\/v2\/product_cat?post=12008"},{"taxonomy":"product_tag","embeddable":true,"href":"https:\/\/engitech.az\/en\/wp-json\/wp\/v2\/product_tag?post=12008"}],"curies":[{"name":"wp","href":"https:\/\/api.w.org\/{rel}","templated":true}]}}