{"id":12016,"date":"2026-03-17T12:26:56","date_gmt":"2026-03-17T12:26:56","guid":{"rendered":"https:\/\/engitech.az\/?post_type=product&#038;p=12016"},"modified":"2026-03-17T12:26:56","modified_gmt":"2026-03-17T12:26:56","slug":"vertiv-liebert-dcd-water-based-cooling-modules-up-to-50-kw","status":"publish","type":"product","link":"https:\/\/engitech.az\/en\/product\/vertiv-liebert-dcd-water-based-cooling-modules-up-to-50-kw\/","title":{"rendered":"Vertiv\u2122 Liebert\u00ae DCD Water Based Cooling Modules up to 50 kW"},"content":{"rendered":"<p>\u2022 <strong data-start=\"2\" data-end=\"13\">M\u0259hsul:<\/strong> Vertiv\u2122 Liebert\u00ae DCD Water Based Cooling Modules up to 50\u202fkW<br data-start=\"74\" data-end=\"77\" \/>\u2022 <strong data-start=\"79\" data-end=\"94\">Category:<\/strong> Su il\u0259 soyudulan rack modulu<br data-start=\"123\" data-end=\"126\" \/>\u2022 <strong data-start=\"128\" data-end=\"143\">Haz\u0131rlayan:<\/strong> Vertiv<br data-start=\"150\" data-end=\"153\" \/>\u2022 <strong data-start=\"155\" data-end=\"171\">Functions:<\/strong> 50\u202fkW g\u00fcc, y\u00fcks\u0259k s\u0259m\u0259r\u0259lilik, modul dizayn, data m\u0259rk\u0259zl\u0259ri \u00fc\u00e7\u00fcn effektiv istilik idar\u0259si<br data-start=\"262\" data-end=\"265\" \/>\u2022 <strong data-start=\"267\" data-end=\"280\">Usage:<\/strong> Server rack\u2011l\u0259rinin soyudulmas\u0131 v\u0259 istilik idar\u0259si.<\/p>","protected":false},"excerpt":{"rendered":"<p>\u2022 M\u0259hsul: Vertiv\u2122 Liebert\u00ae DCD Water Based Cooling Modules up  [&#8230;]<\/p>","protected":false},"featured_media":12017,"comment_status":"open","ping_status":"closed","template":"","meta":[],"product_brand":[],"product_cat":[196],"product_tag":[],"class_list":{"0":"post-12016","1":"product","2":"type-product","3":"status-publish","4":"has-post-thumbnail","6":"product_cat-vertiv","7":"pa_mehsul-tipi-thermal-management","9":"first","10":"instock","11":"sold-individually","12":"shipping-taxable","13":"purchasable","14":"product-type-simple"},"_links":{"self":[{"href":"https:\/\/engitech.az\/en\/wp-json\/wp\/v2\/product\/12016","targetHints":{"allow":["GET"]}}],"collection":[{"href":"https:\/\/engitech.az\/en\/wp-json\/wp\/v2\/product"}],"about":[{"href":"https:\/\/engitech.az\/en\/wp-json\/wp\/v2\/types\/product"}],"replies":[{"embeddable":true,"href":"https:\/\/engitech.az\/en\/wp-json\/wp\/v2\/comments?post=12016"}],"wp:featuredmedia":[{"embeddable":true,"href":"https:\/\/engitech.az\/en\/wp-json\/wp\/v2\/media\/12017"}],"wp:attachment":[{"href":"https:\/\/engitech.az\/en\/wp-json\/wp\/v2\/media?parent=12016"}],"wp:term":[{"taxonomy":"product_brand","embeddable":true,"href":"https:\/\/engitech.az\/en\/wp-json\/wp\/v2\/product_brand?post=12016"},{"taxonomy":"product_cat","embeddable":true,"href":"https:\/\/engitech.az\/en\/wp-json\/wp\/v2\/product_cat?post=12016"},{"taxonomy":"product_tag","embeddable":true,"href":"https:\/\/engitech.az\/en\/wp-json\/wp\/v2\/product_tag?post=12016"}],"curies":[{"name":"wp","href":"https:\/\/api.w.org\/{rel}","templated":true}]}}