{"id":12018,"date":"2026-03-17T12:36:29","date_gmt":"2026-03-17T12:36:29","guid":{"rendered":"https:\/\/engitech.az\/?post_type=product&#038;p=12018"},"modified":"2026-03-17T12:36:30","modified_gmt":"2026-03-17T12:36:30","slug":"pi059","status":"publish","type":"product","link":"https:\/\/engitech.az\/en\/product\/pi059\/","title":{"rendered":"PI059"},"content":{"rendered":"<p>\u2022 <strong data-start=\"2\" data-end=\"13\">M\u0259hsul:<\/strong> Vertiv\u2122 PI059<br data-start=\"27\" data-end=\"30\" \/>\u2022 <strong data-start=\"32\" data-end=\"47\">Category:<\/strong> Rack\/avadanl\u0131q aksesuar\u0131<br data-start=\"72\" data-end=\"75\" \/>\u2022 <strong data-start=\"77\" data-end=\"92\">Haz\u0131rlayan:<\/strong> Vertiv<br data-start=\"99\" data-end=\"102\" \/>\u2022 <strong data-start=\"104\" data-end=\"120\">Functions:<\/strong> (\u00dcmumi aksesuar funksiyas\u0131 \u2013 model\u0259 g\u00f6r\u0259 f\u0259rql\u0259n\u0259 bil\u0259r) elektrik\/enerji paylama v\u0259 montaj d\u0259stl\u0259ri kimi istifad\u0259 edilir<br data-start=\"241\" data-end=\"244\" \/>\u2022 <strong data-start=\"246\" data-end=\"259\">Usage:<\/strong> Rack sisteml\u0259ri v\u0259 data m\u0259rk\u0259zi avadanl\u0131qlar\u0131na \u0259lav\u0259 enerji\/aksesuar d\u0259st\u0259yi \u00fc\u00e7\u00fcn.<\/p>","protected":false},"excerpt":{"rendered":"<p>\u2022 M\u0259hsul: Vertiv\u2122 PI059\u2022 Kateqoriya: Rack\/avadanl\u0131q aksesuar\u0131\u2022 Haz\u0131rlayan: Vertiv\u2022 Funksiyalar:  [&#8230;]<\/p>","protected":false},"featured_media":12019,"comment_status":"open","ping_status":"closed","template":"","meta":[],"product_brand":[],"product_cat":[196],"product_tag":[],"class_list":{"0":"post-12018","1":"product","2":"type-product","3":"status-publish","4":"has-post-thumbnail","6":"product_cat-vertiv","7":"pa_mehsul-tipi-thermal-management","9":"first","10":"instock","11":"sold-individually","12":"shipping-taxable","13":"purchasable","14":"product-type-simple"},"_links":{"self":[{"href":"https:\/\/engitech.az\/en\/wp-json\/wp\/v2\/product\/12018","targetHints":{"allow":["GET"]}}],"collection":[{"href":"https:\/\/engitech.az\/en\/wp-json\/wp\/v2\/product"}],"about":[{"href":"https:\/\/engitech.az\/en\/wp-json\/wp\/v2\/types\/product"}],"replies":[{"embeddable":true,"href":"https:\/\/engitech.az\/en\/wp-json\/wp\/v2\/comments?post=12018"}],"wp:featuredmedia":[{"embeddable":true,"href":"https:\/\/engitech.az\/en\/wp-json\/wp\/v2\/media\/12019"}],"wp:attachment":[{"href":"https:\/\/engitech.az\/en\/wp-json\/wp\/v2\/media?parent=12018"}],"wp:term":[{"taxonomy":"product_brand","embeddable":true,"href":"https:\/\/engitech.az\/en\/wp-json\/wp\/v2\/product_brand?post=12018"},{"taxonomy":"product_cat","embeddable":true,"href":"https:\/\/engitech.az\/en\/wp-json\/wp\/v2\/product_cat?post=12018"},{"taxonomy":"product_tag","embeddable":true,"href":"https:\/\/engitech.az\/en\/wp-json\/wp\/v2\/product_tag?post=12018"}],"curies":[{"name":"wp","href":"https:\/\/api.w.org\/{rel}","templated":true}]}}