{"id":12023,"date":"2026-03-17T12:49:17","date_gmt":"2026-03-17T12:49:17","guid":{"rendered":"https:\/\/engitech.az\/?post_type=product&#038;p=12023"},"modified":"2026-03-17T12:49:17","modified_gmt":"2026-03-17T12:49:17","slug":"liebert-dcl-modular-rack-cooling-up-to-35-kw","status":"publish","type":"product","link":"https:\/\/engitech.az\/en\/product\/liebert-dcl-modular-rack-cooling-up-to-35-kw\/","title":{"rendered":"Liebert DCL &#8211; Modular Rack Cooling up to 35 kW"},"content":{"rendered":"<p>\u2022 <strong data-start=\"2\" data-end=\"13\">M\u0259hsul:<\/strong> Vertiv\u2122 Liebert\u00ae DCL \u2013 Modular Rack Cooling up to 35\u202fkW<br data-start=\"69\" data-end=\"72\" \/>\u2022 <strong data-start=\"74\" data-end=\"89\">Category:<\/strong> Modul rack soyutma sistemi<br data-start=\"116\" data-end=\"119\" \/>\u2022 <strong data-start=\"121\" data-end=\"136\">Haz\u0131rlayan:<\/strong> Vertiv<br data-start=\"143\" data-end=\"146\" \/>\u2022 <strong data-start=\"148\" data-end=\"164\">Functions:<\/strong> 35\u202fkW\u2011a q\u0259d\u0259r soyutma g\u00fcc\u00fc, modul dizayn, y\u00fcks\u0259k s\u0259m\u0259r\u0259lilik, server rack\u2011l\u0259ri \u00fc\u00e7\u00fcn effektiv istilik idar\u0259si<br data-start=\"273\" data-end=\"276\" \/>\u2022 <strong data-start=\"278\" data-end=\"291\">Usage:<\/strong> Data m\u0259rk\u0259zl\u0259ri v\u0259 y\u00fcks\u0259k s\u0131xl\u0131ql\u0131 IT rack sisteml\u0259ri \u00fc\u00e7\u00fcn soyutma.<\/p>","protected":false},"excerpt":{"rendered":"<p>\u2022 M\u0259hsul: Vertiv\u2122 Liebert\u00ae DCL \u2013 Modular Rack Cooling up  [&#8230;]<\/p>","protected":false},"featured_media":12025,"comment_status":"open","ping_status":"closed","template":"","meta":[],"product_brand":[],"product_cat":[196],"product_tag":[],"class_list":{"0":"post-12023","1":"product","2":"type-product","3":"status-publish","4":"has-post-thumbnail","6":"product_cat-vertiv","7":"pa_mehsul-tipi-thermal-management","9":"first","10":"instock","11":"sold-individually","12":"shipping-taxable","13":"purchasable","14":"product-type-simple"},"_links":{"self":[{"href":"https:\/\/engitech.az\/en\/wp-json\/wp\/v2\/product\/12023","targetHints":{"allow":["GET"]}}],"collection":[{"href":"https:\/\/engitech.az\/en\/wp-json\/wp\/v2\/product"}],"about":[{"href":"https:\/\/engitech.az\/en\/wp-json\/wp\/v2\/types\/product"}],"replies":[{"embeddable":true,"href":"https:\/\/engitech.az\/en\/wp-json\/wp\/v2\/comments?post=12023"}],"wp:featuredmedia":[{"embeddable":true,"href":"https:\/\/engitech.az\/en\/wp-json\/wp\/v2\/media\/12025"}],"wp:attachment":[{"href":"https:\/\/engitech.az\/en\/wp-json\/wp\/v2\/media?parent=12023"}],"wp:term":[{"taxonomy":"product_brand","embeddable":true,"href":"https:\/\/engitech.az\/en\/wp-json\/wp\/v2\/product_brand?post=12023"},{"taxonomy":"product_cat","embeddable":true,"href":"https:\/\/engitech.az\/en\/wp-json\/wp\/v2\/product_cat?post=12023"},{"taxonomy":"product_tag","embeddable":true,"href":"https:\/\/engitech.az\/en\/wp-json\/wp\/v2\/product_tag?post=12023"}],"curies":[{"name":"wp","href":"https:\/\/api.w.org\/{rel}","templated":true}]}}