{"id":12026,"date":"2026-03-17T12:58:53","date_gmt":"2026-03-17T12:58:53","guid":{"rendered":"https:\/\/engitech.az\/?post_type=product&#038;p=12026"},"modified":"2026-03-17T12:58:53","modified_gmt":"2026-03-17T12:58:53","slug":"vertiv-liebert-dcd-water-based-cooling-modules-up-to-50-kw-2","status":"publish","type":"product","link":"https:\/\/engitech.az\/en\/product\/vertiv-liebert-dcd-water-based-cooling-modules-up-to-50-kw-2\/","title":{"rendered":"Vertiv\u2122 Liebert\u00ae DCD Water Based Cooling Modules up to 50 kW"},"content":{"rendered":"<p>\u2022 <strong data-start=\"2\" data-end=\"13\">M\u0259hsul:<\/strong> Vertiv\u2122 Liebert\u00ae DCD Water Based Cooling Modules up to 50\u202fkW<br data-start=\"74\" data-end=\"77\" \/>\u2022 <strong data-start=\"79\" data-end=\"94\">Category:<\/strong> Su il\u0259 soyudulan rack soyutma modulu<br data-start=\"131\" data-end=\"134\" \/>\u2022 <strong data-start=\"136\" data-end=\"151\">Haz\u0131rlayan:<\/strong> Vertiv<br data-start=\"158\" data-end=\"161\" \/>\u2022 <strong data-start=\"163\" data-end=\"179\">Functions:<\/strong> 50\u202fkW\u2011a q\u0259d\u0259r soyutma g\u00fcc\u00fc, modul dizayn, y\u00fcks\u0259k s\u0259m\u0259r\u0259lilik<br data-start=\"240\" data-end=\"243\" \/>\u2022 <strong data-start=\"245\" data-end=\"258\">Usage:<\/strong> Data m\u0259rk\u0259zl\u0259ri v\u0259 server rack\u2011l\u0259rinin istilik idar\u0259si \u00fc\u00e7\u00fcn.<\/p>","protected":false},"excerpt":{"rendered":"<p>\u2022 M\u0259hsul: Vertiv\u2122 Liebert\u00ae DCD Water Based Cooling Modules up  [&#8230;]<\/p>","protected":false},"featured_media":12028,"comment_status":"open","ping_status":"closed","template":"","meta":[],"product_brand":[],"product_cat":[196],"product_tag":[],"class_list":{"0":"post-12026","1":"product","2":"type-product","3":"status-publish","4":"has-post-thumbnail","6":"product_cat-vertiv","7":"pa_mehsul-tipi-thermal-management","9":"first","10":"instock","11":"sold-individually","12":"shipping-taxable","13":"purchasable","14":"product-type-simple"},"_links":{"self":[{"href":"https:\/\/engitech.az\/en\/wp-json\/wp\/v2\/product\/12026","targetHints":{"allow":["GET"]}}],"collection":[{"href":"https:\/\/engitech.az\/en\/wp-json\/wp\/v2\/product"}],"about":[{"href":"https:\/\/engitech.az\/en\/wp-json\/wp\/v2\/types\/product"}],"replies":[{"embeddable":true,"href":"https:\/\/engitech.az\/en\/wp-json\/wp\/v2\/comments?post=12026"}],"wp:featuredmedia":[{"embeddable":true,"href":"https:\/\/engitech.az\/en\/wp-json\/wp\/v2\/media\/12028"}],"wp:attachment":[{"href":"https:\/\/engitech.az\/en\/wp-json\/wp\/v2\/media?parent=12026"}],"wp:term":[{"taxonomy":"product_brand","embeddable":true,"href":"https:\/\/engitech.az\/en\/wp-json\/wp\/v2\/product_brand?post=12026"},{"taxonomy":"product_cat","embeddable":true,"href":"https:\/\/engitech.az\/en\/wp-json\/wp\/v2\/product_cat?post=12026"},{"taxonomy":"product_tag","embeddable":true,"href":"https:\/\/engitech.az\/en\/wp-json\/wp\/v2\/product_tag?post=12026"}],"curies":[{"name":"wp","href":"https:\/\/api.w.org\/{rel}","templated":true}]}}