{"id":12029,"date":"2026-03-17T13:07:15","date_gmt":"2026-03-17T13:07:15","guid":{"rendered":"https:\/\/engitech.az\/?post_type=product&#038;p=12029"},"modified":"2026-03-17T13:07:15","modified_gmt":"2026-03-17T13:07:15","slug":"vertiv-knurr-dcm-colocation-rack","status":"publish","type":"product","link":"https:\/\/engitech.az\/en\/product\/vertiv-knurr-dcm-colocation-rack\/","title":{"rendered":"Vertiv Kn\u00fcrr DCM Colocation Rack"},"content":{"rendered":"<p>\u2022 <strong data-start=\"2\" data-end=\"13\">M\u0259hsul:<\/strong> Vertiv\u2122 Kn\u00fcrr DCM Colocation Rack<br data-start=\"47\" data-end=\"50\" \/>\u2022 <strong data-start=\"52\" data-end=\"67\">Category:<\/strong> Server \/ colocation rack kabineti<br data-start=\"101\" data-end=\"104\" \/>\u2022 <strong data-start=\"106\" data-end=\"121\">Haz\u0131rlayan:<\/strong> Vertiv<br data-start=\"128\" data-end=\"131\" \/>\u2022 <strong data-start=\"133\" data-end=\"149\">Functions:<\/strong> Modul dizayn, y\u00fcks\u0259k dayan\u0131ql\u0131q v\u0259 hava idar\u0259etm\u0259si, kabel idar\u0259etm\u0259si v\u0259 avadanl\u0131q montaj\u0131 \u00fc\u00e7\u00fcn standart tutacaqlar<br data-start=\"266\" data-end=\"269\" \/>\u2022 <strong data-start=\"271\" data-end=\"284\">Usage:<\/strong> Data m\u0259rk\u0259zl\u0259ri, colocation m\u0259rk\u0259zl\u0259ri v\u0259 IT avadanl\u0131qlar\u0131n\u0131n montaj\u0131 v\u0259 qorunmas\u0131 \u00fc\u00e7\u00fcn.<\/p>","protected":false},"excerpt":{"rendered":"<p>\u2022 M\u0259hsul: Vertiv\u2122 Kn\u00fcrr DCM Colocation Rack\u2022 Kateqoriya: Server \/  [&#8230;]<\/p>","protected":false},"featured_media":12030,"comment_status":"open","ping_status":"closed","template":"","meta":[],"product_brand":[],"product_cat":[196],"product_tag":[],"class_list":{"0":"post-12029","1":"product","2":"type-product","3":"status-publish","4":"has-post-thumbnail","6":"product_cat-vertiv","7":"pa_mehsul-tipi-thermal-management","9":"first","10":"instock","11":"sold-individually","12":"shipping-taxable","13":"purchasable","14":"product-type-simple"},"_links":{"self":[{"href":"https:\/\/engitech.az\/en\/wp-json\/wp\/v2\/product\/12029","targetHints":{"allow":["GET"]}}],"collection":[{"href":"https:\/\/engitech.az\/en\/wp-json\/wp\/v2\/product"}],"about":[{"href":"https:\/\/engitech.az\/en\/wp-json\/wp\/v2\/types\/product"}],"replies":[{"embeddable":true,"href":"https:\/\/engitech.az\/en\/wp-json\/wp\/v2\/comments?post=12029"}],"wp:featuredmedia":[{"embeddable":true,"href":"https:\/\/engitech.az\/en\/wp-json\/wp\/v2\/media\/12030"}],"wp:attachment":[{"href":"https:\/\/engitech.az\/en\/wp-json\/wp\/v2\/media?parent=12029"}],"wp:term":[{"taxonomy":"product_brand","embeddable":true,"href":"https:\/\/engitech.az\/en\/wp-json\/wp\/v2\/product_brand?post=12029"},{"taxonomy":"product_cat","embeddable":true,"href":"https:\/\/engitech.az\/en\/wp-json\/wp\/v2\/product_cat?post=12029"},{"taxonomy":"product_tag","embeddable":true,"href":"https:\/\/engitech.az\/en\/wp-json\/wp\/v2\/product_tag?post=12029"}],"curies":[{"name":"wp","href":"https:\/\/api.w.org\/{rel}","templated":true}]}}