{"id":12038,"date":"2026-03-31T08:23:23","date_gmt":"2026-03-31T08:23:23","guid":{"rendered":"https:\/\/engitech.az\/?post_type=product&#038;p=12038"},"modified":"2026-03-31T08:23:23","modified_gmt":"2026-03-31T08:23:23","slug":"vrcs3350-230vsu","status":"publish","type":"product","link":"https:\/\/engitech.az\/en\/product\/vrcs3350-230vsu\/","title":{"rendered":"VRCS3350-230VSU"},"content":{"rendered":"<p>\u2022 <strong data-start=\"2\" data-end=\"13\">M\u0259hsul:<\/strong> Vertiv\u2122 VRCS3350\u2011230VSU<br data-start=\"37\" data-end=\"40\" \/>\u2022 <strong data-start=\"42\" data-end=\"57\">Category:<\/strong> Line\u2011interactive UPS<br data-start=\"78\" data-end=\"81\" \/>\u2022 <strong data-start=\"83\" data-end=\"98\">Haz\u0131rlayan:<\/strong> Vertiv<br data-start=\"105\" data-end=\"108\" \/>\u2022 <strong data-start=\"110\" data-end=\"126\">Functions:<\/strong> 230\u202fV \u00e7\u0131x\u0131\u015f, AVR, etibarl\u0131 enerji qorunmas\u0131<br data-start=\"170\" data-end=\"173\" \/>\u2022 <strong data-start=\"175\" data-end=\"188\">Usage:<\/strong> Komp\u00fcter v\u0259 ki\u00e7ik IT avadanl\u0131qlar\u0131 \u00fc\u00e7\u00fcn enerji ehtiyat\u0131.<\/p>","protected":false},"excerpt":{"rendered":"<p>\u2022 M\u0259hsul: Vertiv\u2122 VRCS3350\u2011230VSU\u2022 Kateqoriya: Line\u2011interactive UPS\u2022 Haz\u0131rlayan: Vertiv\u2022 Funksiyalar:  [&#8230;]<\/p>","protected":false},"featured_media":12039,"comment_status":"open","ping_status":"closed","template":"","meta":[],"product_brand":[],"product_cat":[196],"product_tag":[],"class_list":{"0":"post-12038","1":"product","2":"type-product","3":"status-publish","4":"has-post-thumbnail","6":"product_cat-vertiv","7":"pa_mehsul-tipi-racks-and-containment","9":"first","10":"instock","11":"sold-individually","12":"shipping-taxable","13":"purchasable","14":"product-type-simple"},"_links":{"self":[{"href":"https:\/\/engitech.az\/en\/wp-json\/wp\/v2\/product\/12038","targetHints":{"allow":["GET"]}}],"collection":[{"href":"https:\/\/engitech.az\/en\/wp-json\/wp\/v2\/product"}],"about":[{"href":"https:\/\/engitech.az\/en\/wp-json\/wp\/v2\/types\/product"}],"replies":[{"embeddable":true,"href":"https:\/\/engitech.az\/en\/wp-json\/wp\/v2\/comments?post=12038"}],"wp:featuredmedia":[{"embeddable":true,"href":"https:\/\/engitech.az\/en\/wp-json\/wp\/v2\/media\/12039"}],"wp:attachment":[{"href":"https:\/\/engitech.az\/en\/wp-json\/wp\/v2\/media?parent=12038"}],"wp:term":[{"taxonomy":"product_brand","embeddable":true,"href":"https:\/\/engitech.az\/en\/wp-json\/wp\/v2\/product_brand?post=12038"},{"taxonomy":"product_cat","embeddable":true,"href":"https:\/\/engitech.az\/en\/wp-json\/wp\/v2\/product_cat?post=12038"},{"taxonomy":"product_tag","embeddable":true,"href":"https:\/\/engitech.az\/en\/wp-json\/wp\/v2\/product_tag?post=12038"}],"curies":[{"name":"wp","href":"https:\/\/api.w.org\/{rel}","templated":true}]}}