{"id":12040,"date":"2026-03-31T08:29:45","date_gmt":"2026-03-31T08:29:45","guid":{"rendered":"https:\/\/engitech.az\/?post_type=product&#038;p=12040"},"modified":"2026-03-31T08:29:45","modified_gmt":"2026-03-31T08:29:45","slug":"vertiv-smartcabinet-id","status":"publish","type":"product","link":"https:\/\/engitech.az\/en\/product\/vertiv-smartcabinet-id\/","title":{"rendered":"Vertiv\u2122 SmartCabinet\u2122 ID"},"content":{"rendered":"<p>\u2022 <strong data-start=\"2\" data-end=\"13\">M\u0259hsul:<\/strong> Vertiv\u2122 SmartCabinet\u2122 ID<br data-start=\"38\" data-end=\"41\" \/>\u2022 <strong data-start=\"43\" data-end=\"58\">Category:<\/strong> A\u011f\u0131ll\u0131 server rack<br data-start=\"77\" data-end=\"80\" \/>\u2022 <strong data-start=\"82\" data-end=\"97\">Haz\u0131rlayan:<\/strong> Vertiv<br data-start=\"104\" data-end=\"107\" \/>\u2022 <strong data-start=\"109\" data-end=\"125\">Functions:<\/strong> Monitorinq, sensorlar, avadanl\u0131q v\u0259ziyy\u0259ti izl\u0259nm\u0259si<br data-start=\"178\" data-end=\"181\" \/>\u2022 <strong data-start=\"183\" data-end=\"196\">Usage:<\/strong> Data m\u0259rk\u0259zl\u0259ri \u00fc\u00e7\u00fcn a\u011f\u0131ll\u0131 rack idar\u0259si.<\/p>","protected":false},"excerpt":{"rendered":"<p>\u2022 M\u0259hsul: Vertiv\u2122 SmartCabinet\u2122 ID\u2022 Kateqoriya: A\u011f\u0131ll\u0131 server rack\u2022 Haz\u0131rlayan:  [&#8230;]<\/p>","protected":false},"featured_media":12041,"comment_status":"open","ping_status":"closed","template":"","meta":[],"product_brand":[],"product_cat":[196],"product_tag":[],"class_list":{"0":"post-12040","1":"product","2":"type-product","3":"status-publish","4":"has-post-thumbnail","6":"product_cat-vertiv","7":"pa_mehsul-tipi-racks-and-containment","9":"first","10":"instock","11":"sold-individually","12":"shipping-taxable","13":"purchasable","14":"product-type-simple"},"_links":{"self":[{"href":"https:\/\/engitech.az\/en\/wp-json\/wp\/v2\/product\/12040","targetHints":{"allow":["GET"]}}],"collection":[{"href":"https:\/\/engitech.az\/en\/wp-json\/wp\/v2\/product"}],"about":[{"href":"https:\/\/engitech.az\/en\/wp-json\/wp\/v2\/types\/product"}],"replies":[{"embeddable":true,"href":"https:\/\/engitech.az\/en\/wp-json\/wp\/v2\/comments?post=12040"}],"wp:featuredmedia":[{"embeddable":true,"href":"https:\/\/engitech.az\/en\/wp-json\/wp\/v2\/media\/12041"}],"wp:attachment":[{"href":"https:\/\/engitech.az\/en\/wp-json\/wp\/v2\/media?parent=12040"}],"wp:term":[{"taxonomy":"product_brand","embeddable":true,"href":"https:\/\/engitech.az\/en\/wp-json\/wp\/v2\/product_brand?post=12040"},{"taxonomy":"product_cat","embeddable":true,"href":"https:\/\/engitech.az\/en\/wp-json\/wp\/v2\/product_cat?post=12040"},{"taxonomy":"product_tag","embeddable":true,"href":"https:\/\/engitech.az\/en\/wp-json\/wp\/v2\/product_tag?post=12040"}],"curies":[{"name":"wp","href":"https:\/\/api.w.org\/{rel}","templated":true}]}}