{"id":12046,"date":"2026-03-31T08:55:08","date_gmt":"2026-03-31T08:55:08","guid":{"rendered":"https:\/\/engitech.az\/?post_type=product&#038;p=12046"},"modified":"2026-03-31T08:55:09","modified_gmt":"2026-03-31T08:55:09","slug":"vr3300","status":"publish","type":"product","link":"https:\/\/engitech.az\/en\/product\/vr3300\/","title":{"rendered":"VR3300"},"content":{"rendered":"<p>\u2022 <strong data-start=\"2\" data-end=\"13\">M\u0259hsul:<\/strong> Vertiv\u2122 VR3300<br data-start=\"28\" data-end=\"31\" \/>\u2022 <strong data-start=\"33\" data-end=\"48\">Category:<\/strong> Line\u2011interactive UPS<br data-start=\"69\" data-end=\"72\" \/>\u2022 <strong data-start=\"74\" data-end=\"89\">Haz\u0131rlayan:<\/strong> Vertiv<br data-start=\"96\" data-end=\"99\" \/>\u2022 <strong data-start=\"101\" data-end=\"117\">Functions:<\/strong> 230\u202fV \u00e7\u0131x\u0131\u015f, AVR (avtomatik g\u0259rginlik t\u0259nziml\u0259yicisi), etibarl\u0131 enerji qorunmas\u0131<br data-start=\"198\" data-end=\"201\" \/>\u2022 <strong data-start=\"203\" data-end=\"216\">Usage:<\/strong> Ofis v\u0259 ki\u00e7ik IT avadanl\u0131qlar\u0131 \u00fc\u00e7\u00fcn fasil\u0259siz enerji t\u0259minat\u0131.<\/p>","protected":false},"excerpt":{"rendered":"<p>\u2022 M\u0259hsul: Vertiv\u2122 VR3300\u2022 Kateqoriya: Line\u2011interactive UPS\u2022 Haz\u0131rlayan: Vertiv\u2022 Funksiyalar:  [&#8230;]<\/p>","protected":false},"featured_media":12047,"comment_status":"open","ping_status":"closed","template":"","meta":[],"product_brand":[],"product_cat":[196],"product_tag":[],"class_list":{"0":"post-12046","1":"product","2":"type-product","3":"status-publish","4":"has-post-thumbnail","6":"product_cat-vertiv","7":"pa_mehsul-tipi-racks-and-containment","9":"first","10":"instock","11":"sold-individually","12":"shipping-taxable","13":"purchasable","14":"product-type-simple"},"_links":{"self":[{"href":"https:\/\/engitech.az\/en\/wp-json\/wp\/v2\/product\/12046","targetHints":{"allow":["GET"]}}],"collection":[{"href":"https:\/\/engitech.az\/en\/wp-json\/wp\/v2\/product"}],"about":[{"href":"https:\/\/engitech.az\/en\/wp-json\/wp\/v2\/types\/product"}],"replies":[{"embeddable":true,"href":"https:\/\/engitech.az\/en\/wp-json\/wp\/v2\/comments?post=12046"}],"wp:featuredmedia":[{"embeddable":true,"href":"https:\/\/engitech.az\/en\/wp-json\/wp\/v2\/media\/12047"}],"wp:attachment":[{"href":"https:\/\/engitech.az\/en\/wp-json\/wp\/v2\/media?parent=12046"}],"wp:term":[{"taxonomy":"product_brand","embeddable":true,"href":"https:\/\/engitech.az\/en\/wp-json\/wp\/v2\/product_brand?post=12046"},{"taxonomy":"product_cat","embeddable":true,"href":"https:\/\/engitech.az\/en\/wp-json\/wp\/v2\/product_cat?post=12046"},{"taxonomy":"product_tag","embeddable":true,"href":"https:\/\/engitech.az\/en\/wp-json\/wp\/v2\/product_tag?post=12046"}],"curies":[{"name":"wp","href":"https:\/\/api.w.org\/{rel}","templated":true}]}}