{"id":12048,"date":"2026-03-31T10:11:46","date_gmt":"2026-03-31T10:11:46","guid":{"rendered":"https:\/\/engitech.az\/?post_type=product&#038;p=12048"},"modified":"2026-03-31T10:11:46","modified_gmt":"2026-03-31T10:11:46","slug":"vertiv-knurr-dcm-server-rack-db8gcgsscfbxxx8","status":"publish","type":"product","link":"https:\/\/engitech.az\/en\/product\/vertiv-knurr-dcm-server-rack-db8gcgsscfbxxx8\/","title":{"rendered":"Vertiv Kn\u00fcrr DCM Server Rack &#8211; DB8GCGSSCFBXXX8"},"content":{"rendered":"<p>\u2022 <strong data-start=\"2\" data-end=\"13\">M\u0259hsul:<\/strong> Vertiv\u2122 Kn\u00fcrr DCM Server Rack (DB8GCGSSCFBXXX8)<br data-start=\"61\" data-end=\"64\" \/>\u2022 <strong data-start=\"66\" data-end=\"81\">Category:<\/strong> Server\/IT rack kabineti<br data-start=\"105\" data-end=\"108\" \/>\u2022 <strong data-start=\"110\" data-end=\"125\">Haz\u0131rlayan:<\/strong> Vertiv<br data-start=\"132\" data-end=\"135\" \/>\u2022 <strong data-start=\"137\" data-end=\"153\">Functions:<\/strong> G\u00fccl\u00fc struktur, effektiv hava ax\u0131n\u0131 v\u0259 kabel idar\u0259etm\u0259si<br data-start=\"210\" data-end=\"213\" \/>\u2022 <strong data-start=\"215\" data-end=\"228\">Usage:<\/strong> Data m\u0259rk\u0259zl\u0259ri v\u0259 server sisteml\u0259ri \u00fc\u00e7\u00fcn kabinet.<\/p>","protected":false},"excerpt":{"rendered":"<p>\u2022 M\u0259hsul: Vertiv\u2122 Kn\u00fcrr DCM Server Rack (DB8GCGSSCFBXXX8)\u2022 Kateqoriya: Server\/IT  [&#8230;]<\/p>","protected":false},"featured_media":12049,"comment_status":"open","ping_status":"closed","template":"","meta":[],"product_brand":[],"product_cat":[196],"product_tag":[],"class_list":{"0":"post-12048","1":"product","2":"type-product","3":"status-publish","4":"has-post-thumbnail","6":"product_cat-vertiv","7":"pa_mehsul-tipi-racks-and-containment","9":"first","10":"instock","11":"sold-individually","12":"shipping-taxable","13":"purchasable","14":"product-type-simple"},"_links":{"self":[{"href":"https:\/\/engitech.az\/en\/wp-json\/wp\/v2\/product\/12048","targetHints":{"allow":["GET"]}}],"collection":[{"href":"https:\/\/engitech.az\/en\/wp-json\/wp\/v2\/product"}],"about":[{"href":"https:\/\/engitech.az\/en\/wp-json\/wp\/v2\/types\/product"}],"replies":[{"embeddable":true,"href":"https:\/\/engitech.az\/en\/wp-json\/wp\/v2\/comments?post=12048"}],"wp:featuredmedia":[{"embeddable":true,"href":"https:\/\/engitech.az\/en\/wp-json\/wp\/v2\/media\/12049"}],"wp:attachment":[{"href":"https:\/\/engitech.az\/en\/wp-json\/wp\/v2\/media?parent=12048"}],"wp:term":[{"taxonomy":"product_brand","embeddable":true,"href":"https:\/\/engitech.az\/en\/wp-json\/wp\/v2\/product_brand?post=12048"},{"taxonomy":"product_cat","embeddable":true,"href":"https:\/\/engitech.az\/en\/wp-json\/wp\/v2\/product_cat?post=12048"},{"taxonomy":"product_tag","embeddable":true,"href":"https:\/\/engitech.az\/en\/wp-json\/wp\/v2\/product_tag?post=12048"}],"curies":[{"name":"wp","href":"https:\/\/api.w.org\/{rel}","templated":true}]}}