{"id":12050,"date":"2026-03-31T10:15:07","date_gmt":"2026-03-31T10:15:07","guid":{"rendered":"https:\/\/engitech.az\/?post_type=product&#038;p=12050"},"modified":"2026-03-31T10:15:08","modified_gmt":"2026-03-31T10:15:08","slug":"vertiv-knurr-dcm-colocation-rack-2","status":"publish","type":"product","link":"https:\/\/engitech.az\/en\/product\/vertiv-knurr-dcm-colocation-rack-2\/","title":{"rendered":"Vertiv Kn\u00fcrr DCM Colocation Rack"},"content":{"rendered":"<p>\u2022 <strong data-start=\"2\" data-end=\"13\">M\u0259hsul:<\/strong> Vertiv\u2122 Kn\u00fcrr DCM Colocation Rack<br data-start=\"47\" data-end=\"50\" \/>\u2022 <strong data-start=\"52\" data-end=\"67\">Category:<\/strong> Server\/colocation rack kabineti<br data-start=\"99\" data-end=\"102\" \/>\u2022 <strong data-start=\"104\" data-end=\"119\">Haz\u0131rlayan:<\/strong> Vertiv<br data-start=\"126\" data-end=\"129\" \/>\u2022 <strong data-start=\"131\" data-end=\"147\">Functions:<\/strong> Modul struktur, effektiv hava ax\u0131n\u0131 v\u0259 kabel idar\u0259etm\u0259si<br data-start=\"204\" data-end=\"207\" \/>\u2022 <strong data-start=\"209\" data-end=\"222\">Usage:<\/strong> Data m\u0259rk\u0259zl\u0259ri v\u0259 colocation xidm\u0259tl\u0259ri \u00fc\u00e7\u00fcn etibarl\u0131 rack kabineti.<\/p>","protected":false},"excerpt":{"rendered":"<p>\u2022 M\u0259hsul: Vertiv\u2122 Kn\u00fcrr DCM Colocation Rack\u2022 Kateqoriya: Server\/colocation rack  [&#8230;]<\/p>","protected":false},"featured_media":12051,"comment_status":"open","ping_status":"closed","template":"","meta":[],"product_brand":[],"product_cat":[196],"product_tag":[],"class_list":{"0":"post-12050","1":"product","2":"type-product","3":"status-publish","4":"has-post-thumbnail","6":"product_cat-vertiv","7":"pa_mehsul-tipi-racks-and-containment","9":"first","10":"instock","11":"sold-individually","12":"shipping-taxable","13":"purchasable","14":"product-type-simple"},"_links":{"self":[{"href":"https:\/\/engitech.az\/en\/wp-json\/wp\/v2\/product\/12050","targetHints":{"allow":["GET"]}}],"collection":[{"href":"https:\/\/engitech.az\/en\/wp-json\/wp\/v2\/product"}],"about":[{"href":"https:\/\/engitech.az\/en\/wp-json\/wp\/v2\/types\/product"}],"replies":[{"embeddable":true,"href":"https:\/\/engitech.az\/en\/wp-json\/wp\/v2\/comments?post=12050"}],"wp:featuredmedia":[{"embeddable":true,"href":"https:\/\/engitech.az\/en\/wp-json\/wp\/v2\/media\/12051"}],"wp:attachment":[{"href":"https:\/\/engitech.az\/en\/wp-json\/wp\/v2\/media?parent=12050"}],"wp:term":[{"taxonomy":"product_brand","embeddable":true,"href":"https:\/\/engitech.az\/en\/wp-json\/wp\/v2\/product_brand?post=12050"},{"taxonomy":"product_cat","embeddable":true,"href":"https:\/\/engitech.az\/en\/wp-json\/wp\/v2\/product_cat?post=12050"},{"taxonomy":"product_tag","embeddable":true,"href":"https:\/\/engitech.az\/en\/wp-json\/wp\/v2\/product_tag?post=12050"}],"curies":[{"name":"wp","href":"https:\/\/api.w.org\/{rel}","templated":true}]}}