{"id":12054,"date":"2026-03-31T10:22:45","date_gmt":"2026-03-31T10:22:45","guid":{"rendered":"https:\/\/engitech.az\/?post_type=product&#038;p=12054"},"modified":"2026-03-31T10:22:45","modified_gmt":"2026-03-31T10:22:45","slug":"vertiv-knurr-sma-compact-rack-emc","status":"publish","type":"product","link":"https:\/\/engitech.az\/en\/product\/vertiv-knurr-sma-compact-rack-emc\/","title":{"rendered":"Vertiv Kn\u00fcrr SMA Compact Rack EMC"},"content":{"rendered":"<p>\u2022 <strong data-start=\"2\" data-end=\"13\">M\u0259hsul:<\/strong> Vertiv\u2122 Kn\u00fcrr SMA Compact Rack EMC<br data-start=\"48\" data-end=\"51\" \/>\u2022 <strong data-start=\"53\" data-end=\"68\">Category:<\/strong> Kompakt server\/IT rack kabineti<br data-start=\"100\" data-end=\"103\" \/>\u2022 <strong data-start=\"105\" data-end=\"120\">Haz\u0131rlayan:<\/strong> Vertiv<br data-start=\"127\" data-end=\"130\" \/>\u2022 <strong data-start=\"132\" data-end=\"148\">Functions:<\/strong> EMC (elektromaqnit uyumluluq) qorunmas\u0131, kompakt struktur, effektiv hava ax\u0131n\u0131<br data-start=\"227\" data-end=\"230\" \/>\u2022 <strong data-start=\"232\" data-end=\"245\">Usage:<\/strong> Data m\u0259rk\u0259zl\u0259ri v\u0259 IT avadanl\u0131qlar\u0131 \u00fc\u00e7\u00fcn kompakt, EMC standartl\u0131 kabinet.<\/p>","protected":false},"excerpt":{"rendered":"<p>\u2022 M\u0259hsul: Vertiv\u2122 Kn\u00fcrr SMA Compact Rack EMC\u2022 Kateqoriya: Kompakt  [&#8230;]<\/p>","protected":false},"featured_media":12055,"comment_status":"open","ping_status":"closed","template":"","meta":[],"product_brand":[],"product_cat":[196],"product_tag":[],"class_list":{"0":"post-12054","1":"product","2":"type-product","3":"status-publish","4":"has-post-thumbnail","6":"product_cat-vertiv","7":"pa_mehsul-tipi-racks-and-containment","9":"first","10":"instock","11":"sold-individually","12":"shipping-taxable","13":"purchasable","14":"product-type-simple"},"_links":{"self":[{"href":"https:\/\/engitech.az\/en\/wp-json\/wp\/v2\/product\/12054","targetHints":{"allow":["GET"]}}],"collection":[{"href":"https:\/\/engitech.az\/en\/wp-json\/wp\/v2\/product"}],"about":[{"href":"https:\/\/engitech.az\/en\/wp-json\/wp\/v2\/types\/product"}],"replies":[{"embeddable":true,"href":"https:\/\/engitech.az\/en\/wp-json\/wp\/v2\/comments?post=12054"}],"wp:featuredmedia":[{"embeddable":true,"href":"https:\/\/engitech.az\/en\/wp-json\/wp\/v2\/media\/12055"}],"wp:attachment":[{"href":"https:\/\/engitech.az\/en\/wp-json\/wp\/v2\/media?parent=12054"}],"wp:term":[{"taxonomy":"product_brand","embeddable":true,"href":"https:\/\/engitech.az\/en\/wp-json\/wp\/v2\/product_brand?post=12054"},{"taxonomy":"product_cat","embeddable":true,"href":"https:\/\/engitech.az\/en\/wp-json\/wp\/v2\/product_cat?post=12054"},{"taxonomy":"product_tag","embeddable":true,"href":"https:\/\/engitech.az\/en\/wp-json\/wp\/v2\/product_tag?post=12054"}],"curies":[{"name":"wp","href":"https:\/\/api.w.org\/{rel}","templated":true}]}}