{"id":12056,"date":"2026-03-31T10:26:28","date_gmt":"2026-03-31T10:26:28","guid":{"rendered":"https:\/\/engitech.az\/?post_type=product&#038;p=12056"},"modified":"2026-03-31T10:26:28","modified_gmt":"2026-03-31T10:26:28","slug":"vertiv-knurr-sma-compact-rack-ip54","status":"publish","type":"product","link":"https:\/\/engitech.az\/en\/product\/vertiv-knurr-sma-compact-rack-ip54\/","title":{"rendered":"Vertiv Kn\u00fcrr SMA Compact Rack IP54"},"content":{"rendered":"<p>\u2022 <strong data-start=\"2\" data-end=\"13\">M\u0259hsul:<\/strong> Vertiv\u2122 Kn\u00fcrr SMA Compact Rack IP54<br data-start=\"49\" data-end=\"52\" \/>\u2022 <strong data-start=\"54\" data-end=\"69\">Category:<\/strong> Kompakt server\/IT rack kabineti<br data-start=\"101\" data-end=\"104\" \/>\u2022 <strong data-start=\"106\" data-end=\"121\">Haz\u0131rlayan:<\/strong> Vertiv<br data-start=\"128\" data-end=\"131\" \/>\u2022 <strong data-start=\"133\" data-end=\"149\">Functions:<\/strong> <strong data-start=\"150\" data-end=\"166\">IP54 qorunma<\/strong> (toz v\u0259 su s\u0131\u00e7ramas\u0131na qar\u015f\u0131), kompakt struktur, effektiv hava ax\u0131n\u0131<br data-start=\"235\" data-end=\"238\" \/>\u2022 <strong data-start=\"240\" data-end=\"253\">Usage:<\/strong> \u00c7\u0259tin m\u00fchitl\u0259rd\u0259 v\u0259 s\u0259naye sah\u0259l\u0259rind\u0259 server v\u0259 IT avadanl\u0131qlar \u00fc\u00e7\u00fcn rack kabineti.<\/p>","protected":false},"excerpt":{"rendered":"<p>\u2022 M\u0259hsul: Vertiv\u2122 Kn\u00fcrr SMA Compact Rack IP54\u2022 Kateqoriya: Kompakt  [&#8230;]<\/p>","protected":false},"featured_media":12057,"comment_status":"open","ping_status":"closed","template":"","meta":[],"product_brand":[],"product_cat":[196],"product_tag":[],"class_list":{"0":"post-12056","1":"product","2":"type-product","3":"status-publish","4":"has-post-thumbnail","6":"product_cat-vertiv","7":"pa_mehsul-tipi-racks-and-containment","9":"first","10":"instock","11":"sold-individually","12":"shipping-taxable","13":"purchasable","14":"product-type-simple"},"_links":{"self":[{"href":"https:\/\/engitech.az\/en\/wp-json\/wp\/v2\/product\/12056","targetHints":{"allow":["GET"]}}],"collection":[{"href":"https:\/\/engitech.az\/en\/wp-json\/wp\/v2\/product"}],"about":[{"href":"https:\/\/engitech.az\/en\/wp-json\/wp\/v2\/types\/product"}],"replies":[{"embeddable":true,"href":"https:\/\/engitech.az\/en\/wp-json\/wp\/v2\/comments?post=12056"}],"wp:featuredmedia":[{"embeddable":true,"href":"https:\/\/engitech.az\/en\/wp-json\/wp\/v2\/media\/12057"}],"wp:attachment":[{"href":"https:\/\/engitech.az\/en\/wp-json\/wp\/v2\/media?parent=12056"}],"wp:term":[{"taxonomy":"product_brand","embeddable":true,"href":"https:\/\/engitech.az\/en\/wp-json\/wp\/v2\/product_brand?post=12056"},{"taxonomy":"product_cat","embeddable":true,"href":"https:\/\/engitech.az\/en\/wp-json\/wp\/v2\/product_cat?post=12056"},{"taxonomy":"product_tag","embeddable":true,"href":"https:\/\/engitech.az\/en\/wp-json\/wp\/v2\/product_tag?post=12056"}],"curies":[{"name":"wp","href":"https:\/\/api.w.org\/{rel}","templated":true}]}}