{"id":12058,"date":"2026-03-31T10:31:52","date_gmt":"2026-03-31T10:31:52","guid":{"rendered":"https:\/\/engitech.az\/?post_type=product&#038;p=12058"},"modified":"2026-03-31T10:31:52","modified_gmt":"2026-03-31T10:31:52","slug":"vertiv-knurr-dpr-enclosure-without-front-door","status":"publish","type":"product","link":"https:\/\/engitech.az\/en\/product\/vertiv-knurr-dpr-enclosure-without-front-door\/","title":{"rendered":"Vertiv Kn\u00fcrr DPR Enclosure without Front Door"},"content":{"rendered":"<p>\u2022 <strong data-start=\"2\" data-end=\"13\">M\u0259hsul:<\/strong> Vertiv\u2122 Kn\u00fcrr DPR Enclosure without Front Door<br data-start=\"60\" data-end=\"63\" \/>\u2022 <strong data-start=\"65\" data-end=\"80\">Category:<\/strong> Rack\/IT kabinet \u00e7\u0259r\u00e7iv\u0259si (qap\u0131s\u0131z)<br data-start=\"116\" data-end=\"119\" \/>\u2022 <strong data-start=\"121\" data-end=\"136\">Haz\u0131rlayan:<\/strong> Vertiv<br data-start=\"143\" data-end=\"146\" \/>\u2022 <strong data-start=\"148\" data-end=\"164\">Functions:<\/strong> \u00d6n qap\u0131 olmadan a\u00e7\u0131q \u00e7\u0259r\u00e7iv\u0259 dizayn\u0131, kabel ke\u00e7idl\u0259ri v\u0259 aksesuar montaj imkanlar\u0131<br data-start=\"247\" data-end=\"250\" \/>\u2022 <strong data-start=\"252\" data-end=\"265\">Usage:<\/strong> Data m\u0259rk\u0259zi v\u0259 server otaqlar\u0131nda avadanl\u0131q montaj\u0131 v\u0259 fleksibl rack konfiqurasiyas\u0131 \u00fc\u00e7\u00fcn.<\/p>","protected":false},"excerpt":{"rendered":"<p>\u2022 M\u0259hsul: Vertiv\u2122 Kn\u00fcrr DPR Enclosure without Front Door\u2022 Kateqoriya:  [&#8230;]<\/p>","protected":false},"featured_media":12059,"comment_status":"open","ping_status":"closed","template":"","meta":[],"product_brand":[],"product_cat":[196],"product_tag":[],"class_list":{"0":"post-12058","1":"product","2":"type-product","3":"status-publish","4":"has-post-thumbnail","6":"product_cat-vertiv","7":"pa_mehsul-tipi-racks-and-containment","9":"first","10":"instock","11":"sold-individually","12":"shipping-taxable","13":"purchasable","14":"product-type-simple"},"_links":{"self":[{"href":"https:\/\/engitech.az\/en\/wp-json\/wp\/v2\/product\/12058","targetHints":{"allow":["GET"]}}],"collection":[{"href":"https:\/\/engitech.az\/en\/wp-json\/wp\/v2\/product"}],"about":[{"href":"https:\/\/engitech.az\/en\/wp-json\/wp\/v2\/types\/product"}],"replies":[{"embeddable":true,"href":"https:\/\/engitech.az\/en\/wp-json\/wp\/v2\/comments?post=12058"}],"wp:featuredmedia":[{"embeddable":true,"href":"https:\/\/engitech.az\/en\/wp-json\/wp\/v2\/media\/12059"}],"wp:attachment":[{"href":"https:\/\/engitech.az\/en\/wp-json\/wp\/v2\/media?parent=12058"}],"wp:term":[{"taxonomy":"product_brand","embeddable":true,"href":"https:\/\/engitech.az\/en\/wp-json\/wp\/v2\/product_brand?post=12058"},{"taxonomy":"product_cat","embeddable":true,"href":"https:\/\/engitech.az\/en\/wp-json\/wp\/v2\/product_cat?post=12058"},{"taxonomy":"product_tag","embeddable":true,"href":"https:\/\/engitech.az\/en\/wp-json\/wp\/v2\/product_tag?post=12058"}],"curies":[{"name":"wp","href":"https:\/\/api.w.org\/{rel}","templated":true}]}}