{"id":12060,"date":"2026-03-31T10:35:32","date_gmt":"2026-03-31T10:35:32","guid":{"rendered":"https:\/\/engitech.az\/?post_type=product&#038;p=12060"},"modified":"2026-03-31T10:35:33","modified_gmt":"2026-03-31T10:35:33","slug":"vertiv-knurr-sma-compact-rack-server","status":"publish","type":"product","link":"https:\/\/engitech.az\/en\/product\/vertiv-knurr-sma-compact-rack-server\/","title":{"rendered":"Vertiv Kn\u00fcrr SMA Compact Rack Server"},"content":{"rendered":"<p>\u2022 <strong data-start=\"2\" data-end=\"13\">M\u0259hsul:<\/strong> Vertiv\u2122 Kn\u00fcrr SMA Compact Rack Server<br data-start=\"51\" data-end=\"54\" \/>\u2022 <strong data-start=\"56\" data-end=\"71\">Category:<\/strong> Kompakt server rack kabineti<br data-start=\"100\" data-end=\"103\" \/>\u2022 <strong data-start=\"105\" data-end=\"120\">Haz\u0131rlayan:<\/strong> Vertiv<br data-start=\"127\" data-end=\"130\" \/>\u2022 <strong data-start=\"132\" data-end=\"148\">Functions:<\/strong> 19\u2033 standart, kompakt \u00f6l\u00e7\u00fc, modul v\u0259 geni\u015fl\u0259n\u0259 bil\u0259n dizayn, effektiv hava ax\u0131n\u0131 v\u0259 kabel idar\u0259etm\u0259si <br data-start=\"288\" data-end=\"291\" \/>\u2022 <strong data-start=\"293\" data-end=\"306\">Usage:<\/strong> Ki\u00e7ik IT otaqlar\u0131, ofisl\u0259r v\u0259 data m\u0259rk\u0259zl\u0259rind\u0259 server avadanl\u0131qlar\u0131n\u0131n yerl\u0259\u015fdirilm\u0259si \u00fc\u00e7\u00fcn<\/p>","protected":false},"excerpt":{"rendered":"<p>\u2022 M\u0259hsul: Vertiv\u2122 Kn\u00fcrr SMA Compact Rack Server\u2022 Kateqoriya: Kompakt  [&#8230;]<\/p>","protected":false},"featured_media":12061,"comment_status":"open","ping_status":"closed","template":"","meta":[],"product_brand":[],"product_cat":[196],"product_tag":[],"class_list":{"0":"post-12060","1":"product","2":"type-product","3":"status-publish","4":"has-post-thumbnail","6":"product_cat-vertiv","7":"pa_mehsul-tipi-racks-and-containment","9":"first","10":"instock","11":"sold-individually","12":"shipping-taxable","13":"purchasable","14":"product-type-simple"},"_links":{"self":[{"href":"https:\/\/engitech.az\/en\/wp-json\/wp\/v2\/product\/12060","targetHints":{"allow":["GET"]}}],"collection":[{"href":"https:\/\/engitech.az\/en\/wp-json\/wp\/v2\/product"}],"about":[{"href":"https:\/\/engitech.az\/en\/wp-json\/wp\/v2\/types\/product"}],"replies":[{"embeddable":true,"href":"https:\/\/engitech.az\/en\/wp-json\/wp\/v2\/comments?post=12060"}],"wp:featuredmedia":[{"embeddable":true,"href":"https:\/\/engitech.az\/en\/wp-json\/wp\/v2\/media\/12061"}],"wp:attachment":[{"href":"https:\/\/engitech.az\/en\/wp-json\/wp\/v2\/media?parent=12060"}],"wp:term":[{"taxonomy":"product_brand","embeddable":true,"href":"https:\/\/engitech.az\/en\/wp-json\/wp\/v2\/product_brand?post=12060"},{"taxonomy":"product_cat","embeddable":true,"href":"https:\/\/engitech.az\/en\/wp-json\/wp\/v2\/product_cat?post=12060"},{"taxonomy":"product_tag","embeddable":true,"href":"https:\/\/engitech.az\/en\/wp-json\/wp\/v2\/product_tag?post=12060"}],"curies":[{"name":"wp","href":"https:\/\/api.w.org\/{rel}","templated":true}]}}