{"id":12062,"date":"2026-03-31T10:51:09","date_gmt":"2026-03-31T10:51:09","guid":{"rendered":"https:\/\/engitech.az\/?post_type=product&#038;p=12062"},"modified":"2026-03-31T10:51:09","modified_gmt":"2026-03-31T10:51:09","slug":"rack-monitoring-system","status":"publish","type":"product","link":"https:\/\/engitech.az\/en\/product\/rack-monitoring-system\/","title":{"rendered":"Rack Monitoring System"},"content":{"rendered":"<p>\u2022 <strong data-start=\"2\" data-end=\"13\">M\u0259hsul:<\/strong> Vertiv\u2122 Rack Monitoring System<br data-start=\"44\" data-end=\"47\" \/>\u2022 <strong data-start=\"49\" data-end=\"64\">Category:<\/strong> Rack monitorinq sistemi<br data-start=\"88\" data-end=\"91\" \/>\u2022 <strong data-start=\"93\" data-end=\"108\">Haz\u0131rlayan:<\/strong> Vertiv<br data-start=\"115\" data-end=\"118\" \/>\u2022 <strong data-start=\"120\" data-end=\"136\">Functions:<\/strong> Temperatur v\u0259 r\u00fctub\u0259t monitorinqi, sensor d\u0259st\u0259yi (\u224812 sensor), SNMP\/Web idar\u0259etm\u0259, alarm v\u0259 bildiri\u015f sistemi<br data-start=\"246\" data-end=\"249\" \/>\u2022 <strong data-start=\"251\" data-end=\"264\">Usage:<\/strong> Server rack-l\u0259rind\u0259 m\u00fchitin izl\u0259nm\u0259si v\u0259 nasazl\u0131qlar\u0131n erk\u0259n a\u015fkarlanmas\u0131 \u00fc\u00e7\u00fcn<\/p>","protected":false},"excerpt":{"rendered":"<p>\u2022 M\u0259hsul: Vertiv\u2122 Rack Monitoring System\u2022 Kateqoriya: Rack monitorinq sistemi\u2022  [&#8230;]<\/p>","protected":false},"featured_media":12063,"comment_status":"open","ping_status":"closed","template":"","meta":[],"product_brand":[],"product_cat":[196],"product_tag":[],"class_list":{"0":"post-12062","1":"product","2":"type-product","3":"status-publish","4":"has-post-thumbnail","6":"product_cat-vertiv","7":"pa_mehsul-tipi-racks-and-containment","9":"first","10":"instock","11":"sold-individually","12":"shipping-taxable","13":"purchasable","14":"product-type-simple"},"_links":{"self":[{"href":"https:\/\/engitech.az\/en\/wp-json\/wp\/v2\/product\/12062","targetHints":{"allow":["GET"]}}],"collection":[{"href":"https:\/\/engitech.az\/en\/wp-json\/wp\/v2\/product"}],"about":[{"href":"https:\/\/engitech.az\/en\/wp-json\/wp\/v2\/types\/product"}],"replies":[{"embeddable":true,"href":"https:\/\/engitech.az\/en\/wp-json\/wp\/v2\/comments?post=12062"}],"wp:featuredmedia":[{"embeddable":true,"href":"https:\/\/engitech.az\/en\/wp-json\/wp\/v2\/media\/12063"}],"wp:attachment":[{"href":"https:\/\/engitech.az\/en\/wp-json\/wp\/v2\/media?parent=12062"}],"wp:term":[{"taxonomy":"product_brand","embeddable":true,"href":"https:\/\/engitech.az\/en\/wp-json\/wp\/v2\/product_brand?post=12062"},{"taxonomy":"product_cat","embeddable":true,"href":"https:\/\/engitech.az\/en\/wp-json\/wp\/v2\/product_cat?post=12062"},{"taxonomy":"product_tag","embeddable":true,"href":"https:\/\/engitech.az\/en\/wp-json\/wp\/v2\/product_tag?post=12062"}],"curies":[{"name":"wp","href":"https:\/\/api.w.org\/{rel}","templated":true}]}}