{"id":12064,"date":"2026-03-31T11:01:40","date_gmt":"2026-03-31T11:01:40","guid":{"rendered":"https:\/\/engitech.az\/?post_type=product&#038;p=12064"},"modified":"2026-03-31T12:07:02","modified_gmt":"2026-03-31T12:07:02","slug":"vertiv-avocent-mp1000-management-platform","status":"publish","type":"product","link":"https:\/\/engitech.az\/en\/product\/vertiv-avocent-mp1000-management-platform\/","title":{"rendered":"Vertiv\u2122 Avocent\u00ae MP1000 Management Platform"},"content":{"rendered":"<p>\u2022 <strong data-start=\"2\" data-end=\"13\">M\u0259hsul:<\/strong> Vertiv\u2122 Avocent\u00ae MP1000 Management Platform<br data-start=\"57\" data-end=\"60\" \/>\u2022 <strong data-start=\"62\" data-end=\"77\">Category:<\/strong> IT infrastruktur idar\u0259etm\u0259 platformas\u0131<br data-start=\"116\" data-end=\"119\" \/>\u2022 <strong data-start=\"121\" data-end=\"136\">Haz\u0131rlayan:<\/strong> Vertiv<br data-start=\"143\" data-end=\"146\" \/>\u2022 <strong data-start=\"148\" data-end=\"164\">Functions:<\/strong> Uzaqdan idar\u0259etm\u0259 (KVM over IP), m\u0259rk\u0259zl\u0259\u015fdirilmi\u015f n\u0259zar\u0259t, REST API v\u0259 avtomatla\u015fd\u0131rma, firmware yenil\u0259m\u0259 v\u0259 100+ istifad\u0259\u00e7i d\u0259st\u0259yi <br data-start=\"336\" data-end=\"339\" \/>\u2022 <strong data-start=\"341\" data-end=\"354\">Usage:<\/strong> Data m\u0259rk\u0259zl\u0259ri v\u0259 IT sisteml\u0259rinin uzaqdan monitorinqi v\u0259 idar\u0259 olunmas\u0131 \u00fc\u00e7\u00fcn platforma.<\/p>","protected":false},"excerpt":{"rendered":"<p>\u2022 M\u0259hsul: Vertiv\u2122 Avocent\u00ae MP1000 Management Platform\u2022 Kateqoriya: IT infrastruktur  [&#8230;]<\/p>","protected":false},"featured_media":12070,"comment_status":"open","ping_status":"closed","template":"","meta":[],"product_brand":[],"product_cat":[196],"product_tag":[],"class_list":{"0":"post-12064","1":"product","2":"type-product","3":"status-publish","4":"has-post-thumbnail","6":"product_cat-vertiv","7":"pa_mehsul-tipi-monitoring-management","9":"first","10":"instock","11":"sold-individually","12":"shipping-taxable","13":"purchasable","14":"product-type-simple"},"_links":{"self":[{"href":"https:\/\/engitech.az\/en\/wp-json\/wp\/v2\/product\/12064","targetHints":{"allow":["GET"]}}],"collection":[{"href":"https:\/\/engitech.az\/en\/wp-json\/wp\/v2\/product"}],"about":[{"href":"https:\/\/engitech.az\/en\/wp-json\/wp\/v2\/types\/product"}],"replies":[{"embeddable":true,"href":"https:\/\/engitech.az\/en\/wp-json\/wp\/v2\/comments?post=12064"}],"wp:featuredmedia":[{"embeddable":true,"href":"https:\/\/engitech.az\/en\/wp-json\/wp\/v2\/media\/12070"}],"wp:attachment":[{"href":"https:\/\/engitech.az\/en\/wp-json\/wp\/v2\/media?parent=12064"}],"wp:term":[{"taxonomy":"product_brand","embeddable":true,"href":"https:\/\/engitech.az\/en\/wp-json\/wp\/v2\/product_brand?post=12064"},{"taxonomy":"product_cat","embeddable":true,"href":"https:\/\/engitech.az\/en\/wp-json\/wp\/v2\/product_cat?post=12064"},{"taxonomy":"product_tag","embeddable":true,"href":"https:\/\/engitech.az\/en\/wp-json\/wp\/v2\/product_tag?post=12064"}],"curies":[{"name":"wp","href":"https:\/\/api.w.org\/{rel}","templated":true}]}}