{"id":12071,"date":"2026-03-31T11:06:12","date_gmt":"2026-03-31T11:06:12","guid":{"rendered":"https:\/\/engitech.az\/?post_type=product&#038;p=12071"},"modified":"2026-03-31T12:06:23","modified_gmt":"2026-03-31T12:06:23","slug":"vertiv-avocent-rm1048p-rack-manager","status":"publish","type":"product","link":"https:\/\/engitech.az\/en\/product\/vertiv-avocent-rm1048p-rack-manager\/","title":{"rendered":"Vertiv\u2122 Avocent\u00ae RM1048P Rack Manager"},"content":{"rendered":"<p>\u2022 <strong data-start=\"2\" data-end=\"13\">M\u0259hsul:<\/strong> Vertiv\u2122 Avocent\u00ae RM1048P Rack Manager<br data-start=\"51\" data-end=\"54\" \/>\u2022 <strong data-start=\"56\" data-end=\"71\">Category:<\/strong> Rack idar\u0259etm\u0259 v\u0259 KVM platformas\u0131<br data-start=\"105\" data-end=\"108\" \/>\u2022 <strong data-start=\"110\" data-end=\"125\">Haz\u0131rlayan:<\/strong> Vertiv<br data-start=\"132\" data-end=\"135\" \/>\u2022 <strong data-start=\"137\" data-end=\"153\">Functions:<\/strong> 48 portlu idar\u0259etm\u0259, <strong data-start=\"175\" data-end=\"190\">KVM over IP<\/strong>, 100+ istifad\u0259\u00e7i d\u0259st\u0259yi, PoE il\u0259 az kabel v\u0259 enerji istifad\u0259si, API v\u0259 uzaqdan idar\u0259etm\u0259 <br data-start=\"318\" data-end=\"321\" \/>\u2022 <strong data-start=\"323\" data-end=\"336\">Usage:<\/strong> Data m\u0259rk\u0259zl\u0259ri v\u0259 IT infrastrukturlar\u0131nda server v\u0259 cihazlar\u0131n m\u0259rk\u0259zl\u0259\u015fdirilmi\u015f idar\u0259si \u00fc\u00e7\u00fcn.<\/p>","protected":false},"excerpt":{"rendered":"<p>\u2022 M\u0259hsul: Vertiv\u2122 Avocent\u00ae RM1048P Rack Manager\u2022 Kateqoriya: Rack idar\u0259etm\u0259  [&#8230;]<\/p>","protected":false},"featured_media":12072,"comment_status":"open","ping_status":"closed","template":"","meta":[],"product_brand":[],"product_cat":[196],"product_tag":[],"class_list":{"0":"post-12071","1":"product","2":"type-product","3":"status-publish","4":"has-post-thumbnail","6":"product_cat-vertiv","7":"pa_mehsul-tipi-monitoring-management","9":"first","10":"instock","11":"sold-individually","12":"shipping-taxable","13":"purchasable","14":"product-type-simple"},"_links":{"self":[{"href":"https:\/\/engitech.az\/en\/wp-json\/wp\/v2\/product\/12071","targetHints":{"allow":["GET"]}}],"collection":[{"href":"https:\/\/engitech.az\/en\/wp-json\/wp\/v2\/product"}],"about":[{"href":"https:\/\/engitech.az\/en\/wp-json\/wp\/v2\/types\/product"}],"replies":[{"embeddable":true,"href":"https:\/\/engitech.az\/en\/wp-json\/wp\/v2\/comments?post=12071"}],"wp:featuredmedia":[{"embeddable":true,"href":"https:\/\/engitech.az\/en\/wp-json\/wp\/v2\/media\/12072"}],"wp:attachment":[{"href":"https:\/\/engitech.az\/en\/wp-json\/wp\/v2\/media?parent=12071"}],"wp:term":[{"taxonomy":"product_brand","embeddable":true,"href":"https:\/\/engitech.az\/en\/wp-json\/wp\/v2\/product_brand?post=12071"},{"taxonomy":"product_cat","embeddable":true,"href":"https:\/\/engitech.az\/en\/wp-json\/wp\/v2\/product_cat?post=12071"},{"taxonomy":"product_tag","embeddable":true,"href":"https:\/\/engitech.az\/en\/wp-json\/wp\/v2\/product_tag?post=12071"}],"curies":[{"name":"wp","href":"https:\/\/api.w.org\/{rel}","templated":true}]}}