{"id":12073,"date":"2026-03-31T11:10:03","date_gmt":"2026-03-31T11:10:03","guid":{"rendered":"https:\/\/engitech.az\/?post_type=product&#038;p=12073"},"modified":"2026-03-31T12:05:44","modified_gmt":"2026-03-31T12:05:44","slug":"vertiv-avocent-ipuhd-4k-ip-kvm","status":"publish","type":"product","link":"https:\/\/engitech.az\/en\/product\/vertiv-avocent-ipuhd-4k-ip-kvm\/","title":{"rendered":"Vertiv\u2122 Avocent\u00ae IPUHD 4K IP KVM"},"content":{"rendered":"<p>\u2022 <strong data-start=\"2\" data-end=\"13\">M\u0259hsul:<\/strong> Vertiv\u2122 Avocent\u00ae IPUHD 4K IP KVM<br data-start=\"46\" data-end=\"49\" \/>\u2022 <strong data-start=\"51\" data-end=\"66\">Category:<\/strong> IP KVM (uzaqdan idar\u0259etm\u0259 cihaz\u0131)<br data-start=\"100\" data-end=\"103\" \/>\u2022 <strong data-start=\"105\" data-end=\"120\">Haz\u0131rlayan:<\/strong> Vertiv<br data-start=\"127\" data-end=\"130\" \/>\u2022 <strong data-start=\"132\" data-end=\"148\">Functions:<\/strong> 4K video (3840\u00d72160), KVM over IP, USB-C d\u0259st\u0259yi, PoE il\u0259 enerji, 100+ istifad\u0259\u00e7i d\u0259st\u0259yi, t\u0259hl\u00fck\u0259siz uzaqdan giri\u015f <br data-start=\"302\" data-end=\"305\" \/>\u2022 <strong data-start=\"307\" data-end=\"320\">Usage:<\/strong> Data m\u0259rk\u0259zl\u0259ri v\u0259 serverl\u0259rin uzaqdan idar\u0259 olunmas\u0131 \u00fc\u00e7\u00fcn.<\/p>","protected":false},"excerpt":{"rendered":"<p>\u2022 M\u0259hsul: Vertiv\u2122 Avocent\u00ae IPUHD 4K IP KVM\u2022 Kateqoriya: IP  [&#8230;]<\/p>","protected":false},"featured_media":12074,"comment_status":"open","ping_status":"closed","template":"","meta":[],"product_brand":[],"product_cat":[196],"product_tag":[],"class_list":{"0":"post-12073","1":"product","2":"type-product","3":"status-publish","4":"has-post-thumbnail","6":"product_cat-vertiv","7":"pa_mehsul-tipi-monitoring-management","9":"first","10":"instock","11":"sold-individually","12":"shipping-taxable","13":"purchasable","14":"product-type-simple"},"_links":{"self":[{"href":"https:\/\/engitech.az\/en\/wp-json\/wp\/v2\/product\/12073","targetHints":{"allow":["GET"]}}],"collection":[{"href":"https:\/\/engitech.az\/en\/wp-json\/wp\/v2\/product"}],"about":[{"href":"https:\/\/engitech.az\/en\/wp-json\/wp\/v2\/types\/product"}],"replies":[{"embeddable":true,"href":"https:\/\/engitech.az\/en\/wp-json\/wp\/v2\/comments?post=12073"}],"wp:featuredmedia":[{"embeddable":true,"href":"https:\/\/engitech.az\/en\/wp-json\/wp\/v2\/media\/12074"}],"wp:attachment":[{"href":"https:\/\/engitech.az\/en\/wp-json\/wp\/v2\/media?parent=12073"}],"wp:term":[{"taxonomy":"product_brand","embeddable":true,"href":"https:\/\/engitech.az\/en\/wp-json\/wp\/v2\/product_brand?post=12073"},{"taxonomy":"product_cat","embeddable":true,"href":"https:\/\/engitech.az\/en\/wp-json\/wp\/v2\/product_cat?post=12073"},{"taxonomy":"product_tag","embeddable":true,"href":"https:\/\/engitech.az\/en\/wp-json\/wp\/v2\/product_tag?post=12073"}],"curies":[{"name":"wp","href":"https:\/\/api.w.org\/{rel}","templated":true}]}}