{"id":12079,"date":"2026-03-31T12:11:04","date_gmt":"2026-03-31T12:11:04","guid":{"rendered":"https:\/\/engitech.az\/?post_type=product&#038;p=12079"},"modified":"2026-03-31T12:11:04","modified_gmt":"2026-03-31T12:11:04","slug":"avocent-hmx-advanced-manager-hmxamgr24g2-400","status":"publish","type":"product","link":"https:\/\/engitech.az\/en\/product\/avocent-hmx-advanced-manager-hmxamgr24g2-400\/","title":{"rendered":"Avocent\u00ae HMX Advanced Manager (HMXAMGR24G2-400)"},"content":{"rendered":"<p>\u2022 <strong data-start=\"2\" data-end=\"13\">M\u0259hsul:<\/strong> Vertiv\u2122 Avocent\u00ae HMX Advanced Manager (HMXAMGR24G2-400)<br data-start=\"69\" data-end=\"72\" \/>\u2022 <strong data-start=\"74\" data-end=\"89\">Category:<\/strong> KVM idar\u0259etm\u0259 platformas\u0131<br data-start=\"115\" data-end=\"118\" \/>\u2022 <strong data-start=\"120\" data-end=\"135\">Haz\u0131rlayan:<\/strong> Vertiv<br data-start=\"142\" data-end=\"145\" \/>\u2022 <strong data-start=\"147\" data-end=\"163\">Functions:<\/strong> M\u0259rk\u0259zl\u0259\u015fdirilmi\u015f idar\u0259etm\u0259, KVM over IP d\u0259st\u0259yi, istifad\u0259\u00e7i v\u0259 giri\u015f n\u0259zar\u0259ti (AD\/LDAP), real-time monitorinq, firmware yenil\u0259m\u0259 <br data-start=\"331\" data-end=\"334\" \/>\u2022 <strong data-start=\"336\" data-end=\"349\">Usage:<\/strong> Data m\u0259rk\u0259zl\u0259ri v\u0259 IT sisteml\u0259rind\u0259 \u00e7oxsayl\u0131 KVM extender cihazlar\u0131n\u0131n uzaqdan idar\u0259 olunmas\u0131 v\u0259 n\u0259zar\u0259ti \u00fc\u00e7\u00fcn.<\/p>","protected":false},"excerpt":{"rendered":"<p>\u2022 M\u0259hsul: Vertiv\u2122 Avocent\u00ae HMX Advanced Manager (HMXAMGR24G2-400)\u2022 Kateqoriya: KVM  [&#8230;]<\/p>","protected":false},"featured_media":12080,"comment_status":"open","ping_status":"closed","template":"","meta":[],"product_brand":[],"product_cat":[196],"product_tag":[],"class_list":{"0":"post-12079","1":"product","2":"type-product","3":"status-publish","4":"has-post-thumbnail","6":"product_cat-vertiv","7":"pa_mehsul-tipi-monitoring-management","9":"first","10":"instock","11":"sold-individually","12":"shipping-taxable","13":"purchasable","14":"product-type-simple"},"_links":{"self":[{"href":"https:\/\/engitech.az\/en\/wp-json\/wp\/v2\/product\/12079","targetHints":{"allow":["GET"]}}],"collection":[{"href":"https:\/\/engitech.az\/en\/wp-json\/wp\/v2\/product"}],"about":[{"href":"https:\/\/engitech.az\/en\/wp-json\/wp\/v2\/types\/product"}],"replies":[{"embeddable":true,"href":"https:\/\/engitech.az\/en\/wp-json\/wp\/v2\/comments?post=12079"}],"wp:featuredmedia":[{"embeddable":true,"href":"https:\/\/engitech.az\/en\/wp-json\/wp\/v2\/media\/12080"}],"wp:attachment":[{"href":"https:\/\/engitech.az\/en\/wp-json\/wp\/v2\/media?parent=12079"}],"wp:term":[{"taxonomy":"product_brand","embeddable":true,"href":"https:\/\/engitech.az\/en\/wp-json\/wp\/v2\/product_brand?post=12079"},{"taxonomy":"product_cat","embeddable":true,"href":"https:\/\/engitech.az\/en\/wp-json\/wp\/v2\/product_cat?post=12079"},{"taxonomy":"product_tag","embeddable":true,"href":"https:\/\/engitech.az\/en\/wp-json\/wp\/v2\/product_tag?post=12079"}],"curies":[{"name":"wp","href":"https:\/\/api.w.org\/{rel}","templated":true}]}}