{"id":12081,"date":"2026-03-31T12:14:35","date_gmt":"2026-03-31T12:14:35","guid":{"rendered":"https:\/\/engitech.az\/?post_type=product&#038;p=12081"},"modified":"2026-03-31T12:14:35","modified_gmt":"2026-03-31T12:14:35","slug":"svmv280dph-400-vertiv-avocent-commercial-multiviewer-kvm-switch-8-port","status":"publish","type":"product","link":"https:\/\/engitech.az\/en\/product\/svmv280dph-400-vertiv-avocent-commercial-multiviewer-kvm-switch-8-port\/","title":{"rendered":"SVMV280DPH-400, Vertiv\u2122 Avocent\u00ae Commercial MultiViewer KVM Switch 8 port"},"content":{"rendered":"<div class=\"flex flex-col text-sm pb-25\">\n<section class=\"text-token-text-primary w-full focus:outline-none [--shadow-height:45px] has-data-writing-block:pointer-events-none has-data-writing-block:-mt-(--shadow-height) has-data-writing-block:pt-(--shadow-height) [&amp;:has([data-writing-block])&gt;*]:pointer-events-auto scroll-mt-[calc(var(--header-height)+min(200px,max(70px,20svh)))]\" dir=\"auto\" data-turn-id=\"request-69b7bd40-2ef4-8325-b348-4cc5bc1f7977-2\" data-testid=\"conversation-turn-152\" data-scroll-anchor=\"true\" data-turn=\"assistant\">\n<div class=\"text-base my-auto mx-auto pb-10 [--thread-content-margin:var(--thread-content-margin-xs,calc(var(--spacing)*4))] @w-sm\/main:[--thread-content-margin:var(--thread-content-margin-sm,calc(var(--spacing)*6))] @w-lg\/main:[--thread-content-margin:var(--thread-content-margin-lg,calc(var(--spacing)*16))] px-(--thread-content-margin)\">\n<div class=\"[--thread-content-max-width:40rem] @w-lg\/main:[--thread-content-max-width:48rem] mx-auto max-w-(--thread-content-max-width) flex-1 group\/turn-messages focus-visible:outline-hidden relative flex w-full min-w-0 flex-col agent-turn\">\n<div class=\"flex max-w-full flex-col gap-4 grow\">\n<div class=\"min-h-8 text-message relative flex w-full flex-col items-end gap-2 text-start break-words whitespace-normal outline-none keyboard-focused:focus-ring [.text-message+&amp;]:mt-1\" dir=\"auto\" tabindex=\"0\" data-message-author-role=\"assistant\" data-message-id=\"cef63b9e-56f5-4341-bab1-55c17c8bb2f2\" data-turn-start-message=\"true\" data-message-model-slug=\"gpt-5-3\">\n<div class=\"flex w-full flex-col gap-1 empty:hidden\">\n<div class=\"markdown prose dark:prose-invert w-full wrap-break-word dark markdown-new-styling\">\n<p data-start=\"0\" data-end=\"559\">\u2022 <strong data-start=\"2\" data-end=\"13\">M\u0259hsul:<\/strong> Vertiv\u2122 Avocent\u00ae MultiViewer KVM Switch (SVMV280DPH-400, 8-Port)<br data-start=\"78\" data-end=\"81\" \/>\u2022 <strong data-start=\"83\" data-end=\"98\">Category:<\/strong> KVM switch (multi-viewer)<br data-start=\"124\" data-end=\"127\" \/>\u2022 <strong data-start=\"129\" data-end=\"144\">Haz\u0131rlayan:<\/strong> Vertiv<br data-start=\"151\" data-end=\"154\" \/>\u2022 <strong data-start=\"156\" data-end=\"172\">Functions:<\/strong> 8 cihaz d\u0259st\u0259yi, HDMI\/DisplayPort universal giri\u015fl\u0259r, <strong data-start=\"227\" data-end=\"245\">4K (3840\u00d72160)<\/strong> video, eyni anda \u00e7ox sistemin ekranda g\u00f6st\u0259rilm\u0259si (tiling\/windowing), USB v\u0259 audio d\u0259st\u0259yi <br data-start=\"375\" data-end=\"378\" \/>\u2022 <strong data-start=\"380\" data-end=\"393\">Usage:<\/strong> Data m\u0259rk\u0259zl\u0259ri, t\u0259hl\u00fck\u0259siz m\u00fchitl\u0259r (bank, d\u00f6vl\u0259t, s\u0259hiyy\u0259) v\u0259 \u00e7oxsayl\u0131 serverl\u0259rin eyni anda izl\u0259nm\u0259si v\u0259 idar\u0259 olunmas\u0131 \u00fc\u00e7\u00fcn<\/p>\n<\/div>\n<\/div>\n<\/div>\n<\/div>\n<div class=\"z-0 flex min-h-[46px] justify-start\"><\/div>\n<div class=\"mt-3 w-full empty:hidden\">\n<div class=\"text-center\"><\/div>\n<\/div>\n<\/div>\n<\/div>\n<\/section>\n<\/div>\n<div class=\"pointer-events-none h-px w-px absolute bottom-0\" aria-hidden=\"true\" data-edge=\"true\"><\/div>","protected":false},"excerpt":{"rendered":"<p>\u2022 M\u0259hsul: Vertiv\u2122 Avocent\u00ae MultiViewer KVM Switch (SVMV280DPH-400, 8-Port)\u2022 Kateqoriya:  [&#8230;]<\/p>","protected":false},"featured_media":12082,"comment_status":"open","ping_status":"closed","template":"","meta":[],"product_brand":[],"product_cat":[196],"product_tag":[],"class_list":{"0":"post-12081","1":"product","2":"type-product","3":"status-publish","4":"has-post-thumbnail","6":"product_cat-vertiv","7":"pa_mehsul-tipi-monitoring-management","9":"first","10":"instock","11":"sold-individually","12":"shipping-taxable","13":"purchasable","14":"product-type-simple"},"_links":{"self":[{"href":"https:\/\/engitech.az\/en\/wp-json\/wp\/v2\/product\/12081","targetHints":{"allow":["GET"]}}],"collection":[{"href":"https:\/\/engitech.az\/en\/wp-json\/wp\/v2\/product"}],"about":[{"href":"https:\/\/engitech.az\/en\/wp-json\/wp\/v2\/types\/product"}],"replies":[{"embeddable":true,"href":"https:\/\/engitech.az\/en\/wp-json\/wp\/v2\/comments?post=12081"}],"wp:featuredmedia":[{"embeddable":true,"href":"https:\/\/engitech.az\/en\/wp-json\/wp\/v2\/media\/12082"}],"wp:attachment":[{"href":"https:\/\/engitech.az\/en\/wp-json\/wp\/v2\/media?parent=12081"}],"wp:term":[{"taxonomy":"product_brand","embeddable":true,"href":"https:\/\/engitech.az\/en\/wp-json\/wp\/v2\/product_brand?post=12081"},{"taxonomy":"product_cat","embeddable":true,"href":"https:\/\/engitech.az\/en\/wp-json\/wp\/v2\/product_cat?post=12081"},{"taxonomy":"product_tag","embeddable":true,"href":"https:\/\/engitech.az\/en\/wp-json\/wp\/v2\/product_tag?post=12081"}],"curies":[{"name":"wp","href":"https:\/\/api.w.org\/{rel}","templated":true}]}}