{"id":12085,"date":"2026-04-01T08:06:30","date_gmt":"2026-04-01T08:06:30","guid":{"rendered":"https:\/\/engitech.az\/?post_type=product&#038;p=12085"},"modified":"2026-04-01T08:06:31","modified_gmt":"2026-04-01T08:06:31","slug":"ds-2cd20123g2-liuy","status":"publish","type":"product","link":"https:\/\/engitech.az\/en\/product\/ds-2cd20123g2-liuy\/","title":{"rendered":"DS-2CD20123G2-LI(U)Y"},"content":{"rendered":"<p>\u2022 <strong data-start=\"2\" data-end=\"13\">M\u0259hsul:<\/strong> DS-2CD20123G2-LI(U)Y<br data-start=\"34\" data-end=\"37\" \/>\u2022 <strong data-start=\"39\" data-end=\"54\">Category:<\/strong> IP t\u0259hl\u00fck\u0259sizlik kameras\u0131<br data-start=\"80\" data-end=\"83\" \/>\u2022 <strong data-start=\"85\" data-end=\"101\">Functions:<\/strong> 12 MP (4608\u00d72592), 1\/1.8\u2033 sensor, Smart Hybrid Light (IR + a\u011f i\u015f\u0131q), 40 m gec\u0259 g\u00f6r\u00fcnt\u00fcs\u00fc, 120 dB WDR, H.265+\/H.264 s\u0131x\u0131lma, microSD (512 GB-a q\u0259d\u0259r) <br data-start=\"292\" data-end=\"295\" \/>\u2022 <strong data-start=\"297\" data-end=\"310\">Usage:<\/strong> Ev, ofis v\u0259 obyektl\u0259rd\u0259 video n\u0259zar\u0259t v\u0259 t\u0259hl\u00fck\u0259sizlik \u00fc\u00e7\u00fcn.<\/p>","protected":false},"excerpt":{"rendered":"<p>\u2022 M\u0259hsul: DS-2CD20123G2-LI(U)Y\u2022 Kateqoriya: IP t\u0259hl\u00fck\u0259sizlik kameras\u0131\u2022 Funksiyalar: 12 MP  [&#8230;]<\/p>","protected":false},"featured_media":12106,"comment_status":"open","ping_status":"closed","template":"","meta":[],"product_brand":[],"product_cat":[167],"product_tag":[],"class_list":{"0":"post-12085","1":"product","2":"type-product","3":"status-publish","4":"has-post-thumbnail","6":"product_cat-hikvision","7":"pa_mehsul-tipi-network-products","9":"first","10":"instock","11":"sold-individually","12":"shipping-taxable","13":"purchasable","14":"product-type-simple"},"_links":{"self":[{"href":"https:\/\/engitech.az\/en\/wp-json\/wp\/v2\/product\/12085","targetHints":{"allow":["GET"]}}],"collection":[{"href":"https:\/\/engitech.az\/en\/wp-json\/wp\/v2\/product"}],"about":[{"href":"https:\/\/engitech.az\/en\/wp-json\/wp\/v2\/types\/product"}],"replies":[{"embeddable":true,"href":"https:\/\/engitech.az\/en\/wp-json\/wp\/v2\/comments?post=12085"}],"wp:featuredmedia":[{"embeddable":true,"href":"https:\/\/engitech.az\/en\/wp-json\/wp\/v2\/media\/12106"}],"wp:attachment":[{"href":"https:\/\/engitech.az\/en\/wp-json\/wp\/v2\/media?parent=12085"}],"wp:term":[{"taxonomy":"product_brand","embeddable":true,"href":"https:\/\/engitech.az\/en\/wp-json\/wp\/v2\/product_brand?post=12085"},{"taxonomy":"product_cat","embeddable":true,"href":"https:\/\/engitech.az\/en\/wp-json\/wp\/v2\/product_cat?post=12085"},{"taxonomy":"product_tag","embeddable":true,"href":"https:\/\/engitech.az\/en\/wp-json\/wp\/v2\/product_tag?post=12085"}],"curies":[{"name":"wp","href":"https:\/\/api.w.org\/{rel}","templated":true}]}}