{"id":12107,"date":"2026-04-01T08:09:07","date_gmt":"2026-04-01T08:09:07","guid":{"rendered":"https:\/\/engitech.az\/?post_type=product&#038;p=12107"},"modified":"2026-04-01T08:09:07","modified_gmt":"2026-04-01T08:09:07","slug":"ds-2cd2143g2-liptrzs2uy","status":"publish","type":"product","link":"https:\/\/engitech.az\/en\/product\/ds-2cd2143g2-liptrzs2uy\/","title":{"rendered":"DS-2CD2143G2-LIPTRZ(S2U)Y"},"content":{"rendered":"<p>\u2022 <strong data-start=\"2\" data-end=\"13\">M\u0259hsul:<\/strong> DS-2CD2143G2-LIPTRZ(S2U)Y<br data-start=\"39\" data-end=\"42\" \/>\u2022 <strong data-start=\"44\" data-end=\"59\">Category:<\/strong> IP t\u0259hl\u00fck\u0259sizlik kameras\u0131<br data-start=\"85\" data-end=\"88\" \/>\u2022 <strong data-start=\"90\" data-end=\"106\">Functions:<\/strong> 4 MP, motorlu PTRZ, Smart Light, 30 m gec\u0259 g\u00f6r\u00fcnt\u00fcs\u00fc, AI tan\u0131ma, IP67\/IK10<br data-start=\"181\" data-end=\"184\" \/>\u2022 <strong data-start=\"186\" data-end=\"199\">Usage:<\/strong> Obyekt v\u0259 a\u00e7\u0131q sah\u0259l\u0259r \u00fc\u00e7\u00fcn video n\u0259zar\u0259t.<\/p>","protected":false},"excerpt":{"rendered":"<p>\u2022 M\u0259hsul: DS-2CD2143G2-LIPTRZ(S2U)Y\u2022 Kateqoriya: IP t\u0259hl\u00fck\u0259sizlik kameras\u0131\u2022 Funksiyalar: 4 MP,  [&#8230;]<\/p>","protected":false},"featured_media":12108,"comment_status":"open","ping_status":"closed","template":"","meta":[],"product_brand":[],"product_cat":[167],"product_tag":[],"class_list":{"0":"post-12107","1":"product","2":"type-product","3":"status-publish","4":"has-post-thumbnail","6":"product_cat-hikvision","7":"pa_mehsul-tipi-network-products","9":"first","10":"instock","11":"sold-individually","12":"shipping-taxable","13":"purchasable","14":"product-type-simple"},"_links":{"self":[{"href":"https:\/\/engitech.az\/en\/wp-json\/wp\/v2\/product\/12107","targetHints":{"allow":["GET"]}}],"collection":[{"href":"https:\/\/engitech.az\/en\/wp-json\/wp\/v2\/product"}],"about":[{"href":"https:\/\/engitech.az\/en\/wp-json\/wp\/v2\/types\/product"}],"replies":[{"embeddable":true,"href":"https:\/\/engitech.az\/en\/wp-json\/wp\/v2\/comments?post=12107"}],"wp:featuredmedia":[{"embeddable":true,"href":"https:\/\/engitech.az\/en\/wp-json\/wp\/v2\/media\/12108"}],"wp:attachment":[{"href":"https:\/\/engitech.az\/en\/wp-json\/wp\/v2\/media?parent=12107"}],"wp:term":[{"taxonomy":"product_brand","embeddable":true,"href":"https:\/\/engitech.az\/en\/wp-json\/wp\/v2\/product_brand?post=12107"},{"taxonomy":"product_cat","embeddable":true,"href":"https:\/\/engitech.az\/en\/wp-json\/wp\/v2\/product_cat?post=12107"},{"taxonomy":"product_tag","embeddable":true,"href":"https:\/\/engitech.az\/en\/wp-json\/wp\/v2\/product_tag?post=12107"}],"curies":[{"name":"wp","href":"https:\/\/api.w.org\/{rel}","templated":true}]}}