{"id":12116,"date":"2026-04-01T08:43:18","date_gmt":"2026-04-01T08:43:18","guid":{"rendered":"https:\/\/engitech.az\/?post_type=product&#038;p=12116"},"modified":"2026-04-01T08:43:19","modified_gmt":"2026-04-01T08:43:19","slug":"ds-2cd2t127g3p-lis2uy-slrb","status":"publish","type":"product","link":"https:\/\/engitech.az\/en\/product\/ds-2cd2t127g3p-lis2uy-slrb\/","title":{"rendered":"DS-2CD2T127G3P-LIS2UY\/S(L)(RB)"},"content":{"rendered":"<p>\u2022 <strong data-start=\"2\" data-end=\"13\">M\u0259hsul:<\/strong> DS-2CD2T127G3P-LIS2UY\/S(L)(RB)<br data-start=\"44\" data-end=\"47\" \/>\u2022 <strong data-start=\"49\" data-end=\"64\">Category:<\/strong> IP t\u0259hl\u00fck\u0259sizlik kameras\u0131<br data-start=\"90\" data-end=\"93\" \/>\u2022 <strong data-start=\"95\" data-end=\"111\">Functions:<\/strong> 12 MP, <strong data-start=\"119\" data-end=\"145\">180\u00b0 panoramik g\u00f6r\u00fcnt\u00fc<\/strong>, Smart Hybrid Light (IR + a\u011f i\u015f\u0131q), 40 m gec\u0259 g\u00f6r\u00fcnt\u00fcs\u00fc, <strong data-start=\"203\" data-end=\"234\">strobe v\u0259 s\u0259sli x\u0259b\u0259rdarl\u0131q<\/strong>, AI (insan\/avtomobil tan\u0131ma), 130 dB WDR, IP67 <br data-start=\"319\" data-end=\"322\" \/>\u2022 <strong data-start=\"324\" data-end=\"337\">Usage:<\/strong> Geni\u015f \u0259razil\u0259rin (h\u0259y\u0259t, park, obyekt) tam bucaq alt\u0131nda video n\u0259zar\u0259ti \u00fc\u00e7\u00fcn.<\/p>","protected":false},"excerpt":{"rendered":"<p>\u2022 M\u0259hsul: DS-2CD2T127G3P-LIS2UY\/S(L)(RB)\u2022 Kateqoriya: IP t\u0259hl\u00fck\u0259sizlik kameras\u0131\u2022 Funksiyalar: 12 MP,  [&#8230;]<\/p>","protected":false},"featured_media":12117,"comment_status":"open","ping_status":"closed","template":"","meta":[],"product_brand":[],"product_cat":[167],"product_tag":[],"class_list":{"0":"post-12116","1":"product","2":"type-product","3":"status-publish","4":"has-post-thumbnail","6":"product_cat-hikvision","7":"pa_mehsul-tipi-network-products","9":"first","10":"instock","11":"sold-individually","12":"shipping-taxable","13":"purchasable","14":"product-type-simple"},"_links":{"self":[{"href":"https:\/\/engitech.az\/en\/wp-json\/wp\/v2\/product\/12116","targetHints":{"allow":["GET"]}}],"collection":[{"href":"https:\/\/engitech.az\/en\/wp-json\/wp\/v2\/product"}],"about":[{"href":"https:\/\/engitech.az\/en\/wp-json\/wp\/v2\/types\/product"}],"replies":[{"embeddable":true,"href":"https:\/\/engitech.az\/en\/wp-json\/wp\/v2\/comments?post=12116"}],"wp:featuredmedia":[{"embeddable":true,"href":"https:\/\/engitech.az\/en\/wp-json\/wp\/v2\/media\/12117"}],"wp:attachment":[{"href":"https:\/\/engitech.az\/en\/wp-json\/wp\/v2\/media?parent=12116"}],"wp:term":[{"taxonomy":"product_brand","embeddable":true,"href":"https:\/\/engitech.az\/en\/wp-json\/wp\/v2\/product_brand?post=12116"},{"taxonomy":"product_cat","embeddable":true,"href":"https:\/\/engitech.az\/en\/wp-json\/wp\/v2\/product_cat?post=12116"},{"taxonomy":"product_tag","embeddable":true,"href":"https:\/\/engitech.az\/en\/wp-json\/wp\/v2\/product_tag?post=12116"}],"curies":[{"name":"wp","href":"https:\/\/api.w.org\/{rel}","templated":true}]}}