{"id":12118,"date":"2026-04-01T08:46:41","date_gmt":"2026-04-01T08:46:41","guid":{"rendered":"https:\/\/engitech.az\/?post_type=product&#038;p=12118"},"modified":"2026-04-01T08:46:42","modified_gmt":"2026-04-01T08:46:42","slug":"ds-2cd20126g3-iuy","status":"publish","type":"product","link":"https:\/\/engitech.az\/en\/product\/ds-2cd20126g3-iuy\/","title":{"rendered":"DS-2CD20126G3-I(U)Y"},"content":{"rendered":"<p>\u2022 <strong data-start=\"2\" data-end=\"13\">M\u0259hsul:<\/strong> DS-2CD20126G3-I(U)Y<br data-start=\"33\" data-end=\"36\" \/>\u2022 <strong data-start=\"38\" data-end=\"53\">Category:<\/strong> IP t\u0259hl\u00fck\u0259sizlik kameras\u0131<br data-start=\"79\" data-end=\"82\" \/>\u2022 <strong data-start=\"84\" data-end=\"100\">Functions:<\/strong> 12 MP (4608\u00d72592), 1\/1.8\u2033 sensor, 40 m IR gec\u0259 g\u00f6r\u00fcnt\u00fcs\u00fc, AI (insan\/avtomobil tan\u0131ma), 130 dB WDR, H.265+, IP67 qoruma <br data-start=\"261\" data-end=\"264\" \/>\u2022 <strong data-start=\"266\" data-end=\"279\">Usage:<\/strong> Obyekt v\u0259 a\u00e7\u0131q sah\u0259l\u0259r \u00fc\u00e7\u00fcn y\u00fcks\u0259k keyfiyy\u0259tli video n\u0259zar\u0259t.<\/p>","protected":false},"excerpt":{"rendered":"<p>\u2022 M\u0259hsul: DS-2CD20126G3-I(U)Y\u2022 Kateqoriya: IP t\u0259hl\u00fck\u0259sizlik kameras\u0131\u2022 Funksiyalar: 12 MP  [&#8230;]<\/p>","protected":false},"featured_media":12119,"comment_status":"open","ping_status":"closed","template":"","meta":[],"product_brand":[],"product_cat":[167],"product_tag":[],"class_list":{"0":"post-12118","1":"product","2":"type-product","3":"status-publish","4":"has-post-thumbnail","6":"product_cat-hikvision","7":"pa_mehsul-tipi-network-products","9":"first","10":"instock","11":"sold-individually","12":"shipping-taxable","13":"purchasable","14":"product-type-simple"},"_links":{"self":[{"href":"https:\/\/engitech.az\/en\/wp-json\/wp\/v2\/product\/12118","targetHints":{"allow":["GET"]}}],"collection":[{"href":"https:\/\/engitech.az\/en\/wp-json\/wp\/v2\/product"}],"about":[{"href":"https:\/\/engitech.az\/en\/wp-json\/wp\/v2\/types\/product"}],"replies":[{"embeddable":true,"href":"https:\/\/engitech.az\/en\/wp-json\/wp\/v2\/comments?post=12118"}],"wp:featuredmedia":[{"embeddable":true,"href":"https:\/\/engitech.az\/en\/wp-json\/wp\/v2\/media\/12119"}],"wp:attachment":[{"href":"https:\/\/engitech.az\/en\/wp-json\/wp\/v2\/media?parent=12118"}],"wp:term":[{"taxonomy":"product_brand","embeddable":true,"href":"https:\/\/engitech.az\/en\/wp-json\/wp\/v2\/product_brand?post=12118"},{"taxonomy":"product_cat","embeddable":true,"href":"https:\/\/engitech.az\/en\/wp-json\/wp\/v2\/product_cat?post=12118"},{"taxonomy":"product_tag","embeddable":true,"href":"https:\/\/engitech.az\/en\/wp-json\/wp\/v2\/product_tag?post=12118"}],"curies":[{"name":"wp","href":"https:\/\/api.w.org\/{rel}","templated":true}]}}