{"id":12124,"date":"2026-04-01T08:56:00","date_gmt":"2026-04-01T08:56:00","guid":{"rendered":"https:\/\/engitech.az\/?post_type=product&#038;p=12124"},"modified":"2026-04-01T08:56:00","modified_gmt":"2026-04-01T08:56:00","slug":"ds-2cd27126g3-iptrzs2uy-slrb","status":"publish","type":"product","link":"https:\/\/engitech.az\/en\/product\/ds-2cd27126g3-iptrzs2uy-slrb\/","title":{"rendered":"DS-2CD27126G3-IPTRZS2UY\/S(L)(RB)"},"content":{"rendered":"<p>\u2022 <strong data-start=\"2\" data-end=\"13\">M\u0259hsul:<\/strong> DS\u20112CD27126G3\u2011IPTRZS2UY\/S(L)(RB)<br data-start=\"46\" data-end=\"49\" \/>\u2022 <strong data-start=\"51\" data-end=\"66\">Category:<\/strong> IP t\u0259hl\u00fck\u0259sizlik kameras\u0131<br data-start=\"92\" data-end=\"95\" \/>\u2022 <strong data-start=\"97\" data-end=\"113\">Functions:<\/strong> 12\u202fMP, motorlu PTRZ (pan\/tilt\/rotate\/zoom), 2.8\u201312\u202fmm varifokal lens, Smart Light (IR + a\u011f i\u015f\u0131q), AI tan\u0131ma (insan\/avtomobil), 50\u202fm gec\u0259 g\u00f6r\u00fcnt\u00fcs\u00fc, IP67\/IK10<br data-start=\"275\" data-end=\"278\" \/>\u2022 <strong data-start=\"280\" data-end=\"293\">Usage:<\/strong> Obyekt, h\u0259y\u0259t v\u0259 geni\u015f \u0259razil\u0259r \u00fc\u00e7\u00fcn \u00e7evik g\u00f6r\u00fcnt\u00fc t\u0259nziml\u0259m\u0259si il\u0259 video n\u0259zar\u0259t.<\/p>","protected":false},"excerpt":{"rendered":"<p>\u2022 M\u0259hsul: DS\u20112CD27126G3\u2011IPTRZS2UY\/S(L)(RB)\u2022 Kateqoriya: IP t\u0259hl\u00fck\u0259sizlik kameras\u0131\u2022 Funksiyalar: 12\u202fMP, motorlu  [&#8230;]<\/p>","protected":false},"featured_media":12125,"comment_status":"open","ping_status":"closed","template":"","meta":[],"product_brand":[],"product_cat":[167],"product_tag":[],"class_list":{"0":"post-12124","1":"product","2":"type-product","3":"status-publish","4":"has-post-thumbnail","6":"product_cat-hikvision","7":"pa_mehsul-tipi-network-products","9":"first","10":"instock","11":"sold-individually","12":"shipping-taxable","13":"purchasable","14":"product-type-simple"},"_links":{"self":[{"href":"https:\/\/engitech.az\/en\/wp-json\/wp\/v2\/product\/12124","targetHints":{"allow":["GET"]}}],"collection":[{"href":"https:\/\/engitech.az\/en\/wp-json\/wp\/v2\/product"}],"about":[{"href":"https:\/\/engitech.az\/en\/wp-json\/wp\/v2\/types\/product"}],"replies":[{"embeddable":true,"href":"https:\/\/engitech.az\/en\/wp-json\/wp\/v2\/comments?post=12124"}],"wp:featuredmedia":[{"embeddable":true,"href":"https:\/\/engitech.az\/en\/wp-json\/wp\/v2\/media\/12125"}],"wp:attachment":[{"href":"https:\/\/engitech.az\/en\/wp-json\/wp\/v2\/media?parent=12124"}],"wp:term":[{"taxonomy":"product_brand","embeddable":true,"href":"https:\/\/engitech.az\/en\/wp-json\/wp\/v2\/product_brand?post=12124"},{"taxonomy":"product_cat","embeddable":true,"href":"https:\/\/engitech.az\/en\/wp-json\/wp\/v2\/product_cat?post=12124"},{"taxonomy":"product_tag","embeddable":true,"href":"https:\/\/engitech.az\/en\/wp-json\/wp\/v2\/product_tag?post=12124"}],"curies":[{"name":"wp","href":"https:\/\/api.w.org\/{rel}","templated":true}]}}