{"id":12126,"date":"2026-04-01T08:58:39","date_gmt":"2026-04-01T08:58:39","guid":{"rendered":"https:\/\/engitech.az\/?post_type=product&#038;p=12126"},"modified":"2026-04-01T08:58:40","modified_gmt":"2026-04-01T08:58:40","slug":"ds-2cd2h126g3-izs2uy-slrb","status":"publish","type":"product","link":"https:\/\/engitech.az\/en\/product\/ds-2cd2h126g3-izs2uy-slrb\/","title":{"rendered":"DS-2CD2H126G3-IZS2UY\/S(L)(RB)"},"content":{"rendered":"<p>\u2022 <strong data-start=\"2\" data-end=\"13\">M\u0259hsul:<\/strong> DS\u20112CD2H126G3\u2011IZS2UY\/S(L)(RB)<br data-start=\"43\" data-end=\"46\" \/>\u2022 <strong data-start=\"48\" data-end=\"63\">Category:<\/strong> IP t\u0259hl\u00fck\u0259sizlik kameras\u0131<br data-start=\"89\" data-end=\"92\" \/>\u2022 <strong data-start=\"94\" data-end=\"110\">Functions:<\/strong> 12\u202fMP, motorlu varifokal lens (2.8\u201312\u202fmm), Smart Light (IR + a\u011f i\u015f\u0131q), AI tan\u0131ma (insan\/avtomobil), 50\u202fm gec\u0259 g\u00f6r\u00fcnt\u00fcs\u00fc, 130\u202fdB WDR, IP67\/IK10 qorumas\u0131<br data-start=\"274\" data-end=\"277\" \/>\u2022 <strong data-start=\"279\" data-end=\"292\">Usage:<\/strong> Obyekt v\u0259 a\u00e7\u0131q sah\u0259l\u0259r \u00fc\u00e7\u00fcn y\u00fcks\u0259k keyfiyy\u0259tli video n\u0259zar\u0259t.<\/p>","protected":false},"excerpt":{"rendered":"<p>\u2022 M\u0259hsul: DS\u20112CD2H126G3\u2011IZS2UY\/S(L)(RB)\u2022 Kateqoriya: IP t\u0259hl\u00fck\u0259sizlik kameras\u0131\u2022 Funksiyalar: 12\u202fMP, motorlu  [&#8230;]<\/p>","protected":false},"featured_media":12127,"comment_status":"open","ping_status":"closed","template":"","meta":[],"product_brand":[],"product_cat":[167],"product_tag":[],"class_list":{"0":"post-12126","1":"product","2":"type-product","3":"status-publish","4":"has-post-thumbnail","6":"product_cat-hikvision","7":"pa_mehsul-tipi-network-products","9":"first","10":"instock","11":"sold-individually","12":"shipping-taxable","13":"purchasable","14":"product-type-simple"},"_links":{"self":[{"href":"https:\/\/engitech.az\/en\/wp-json\/wp\/v2\/product\/12126","targetHints":{"allow":["GET"]}}],"collection":[{"href":"https:\/\/engitech.az\/en\/wp-json\/wp\/v2\/product"}],"about":[{"href":"https:\/\/engitech.az\/en\/wp-json\/wp\/v2\/types\/product"}],"replies":[{"embeddable":true,"href":"https:\/\/engitech.az\/en\/wp-json\/wp\/v2\/comments?post=12126"}],"wp:featuredmedia":[{"embeddable":true,"href":"https:\/\/engitech.az\/en\/wp-json\/wp\/v2\/media\/12127"}],"wp:attachment":[{"href":"https:\/\/engitech.az\/en\/wp-json\/wp\/v2\/media?parent=12126"}],"wp:term":[{"taxonomy":"product_brand","embeddable":true,"href":"https:\/\/engitech.az\/en\/wp-json\/wp\/v2\/product_brand?post=12126"},{"taxonomy":"product_cat","embeddable":true,"href":"https:\/\/engitech.az\/en\/wp-json\/wp\/v2\/product_cat?post=12126"},{"taxonomy":"product_tag","embeddable":true,"href":"https:\/\/engitech.az\/en\/wp-json\/wp\/v2\/product_tag?post=12126"}],"curies":[{"name":"wp","href":"https:\/\/api.w.org\/{rel}","templated":true}]}}