{"id":12128,"date":"2026-04-01T10:13:55","date_gmt":"2026-04-01T10:13:55","guid":{"rendered":"https:\/\/engitech.az\/?post_type=product&#038;p=12128"},"modified":"2026-04-01T10:15:51","modified_gmt":"2026-04-01T10:15:51","slug":"ds-2cd2h126g3-izs2uy-slrb-2","status":"publish","type":"product","link":"https:\/\/engitech.az\/en\/product\/ds-2cd2h126g3-izs2uy-slrb-2\/","title":{"rendered":"iDS-2CD70166G2-AP"},"content":{"rendered":"<p>\u2022 <strong data-start=\"2\" data-end=\"13\">M\u0259hsul:<\/strong> iDS-2CD70166G2-AP<br data-start=\"31\" data-end=\"34\" \/>\u2022 <strong data-start=\"36\" data-end=\"51\">Category:<\/strong> IP t\u0259hl\u00fck\u0259sizlik kameras\u0131 (box tip)<br data-start=\"87\" data-end=\"90\" \/>\u2022 <strong data-start=\"92\" data-end=\"108\">Functions:<\/strong> 16 MP (4608\u00d73456), 1\/1.8\u2033 sensor, DarkFighter a\u015fa\u011f\u0131 i\u015f\u0131q performans\u0131, AI analitika (\u00fcz, insan, n\u0259qliyyat), 120 dB WDR, H.265+, daxili mikrofon, 5 TOPS AI g\u00fcc\u00fc, microSD (1 TB-a q\u0259d\u0259r) <br data-start=\"337\" data-end=\"340\" \/>\u2022 <strong data-start=\"342\" data-end=\"355\">Usage:<\/strong> Y\u00fcks\u0259k s\u0259viyy\u0259li t\u0259hl\u00fck\u0259sizlik, analitika v\u0259 a\u011f\u0131ll\u0131 video n\u0259zar\u0259t sisteml\u0259ri \u00fc\u00e7\u00fcn.<\/p>","protected":false},"excerpt":{"rendered":"<p>\u2022 M\u0259hsul: iDS-2CD70166G2-AP\u2022 Kateqoriya: IP t\u0259hl\u00fck\u0259sizlik kameras\u0131 (box tip)\u2022 Funksiyalar:  [&#8230;]<\/p>","protected":false},"featured_media":12129,"comment_status":"open","ping_status":"closed","template":"","meta":[],"product_brand":[],"product_cat":[167],"product_tag":[],"class_list":{"0":"post-12128","1":"product","2":"type-product","3":"status-publish","4":"has-post-thumbnail","6":"product_cat-hikvision","7":"pa_mehsul-tipi-network-products","9":"first","10":"instock","11":"sold-individually","12":"shipping-taxable","13":"purchasable","14":"product-type-simple"},"_links":{"self":[{"href":"https:\/\/engitech.az\/en\/wp-json\/wp\/v2\/product\/12128","targetHints":{"allow":["GET"]}}],"collection":[{"href":"https:\/\/engitech.az\/en\/wp-json\/wp\/v2\/product"}],"about":[{"href":"https:\/\/engitech.az\/en\/wp-json\/wp\/v2\/types\/product"}],"replies":[{"embeddable":true,"href":"https:\/\/engitech.az\/en\/wp-json\/wp\/v2\/comments?post=12128"}],"wp:featuredmedia":[{"embeddable":true,"href":"https:\/\/engitech.az\/en\/wp-json\/wp\/v2\/media\/12129"}],"wp:attachment":[{"href":"https:\/\/engitech.az\/en\/wp-json\/wp\/v2\/media?parent=12128"}],"wp:term":[{"taxonomy":"product_brand","embeddable":true,"href":"https:\/\/engitech.az\/en\/wp-json\/wp\/v2\/product_brand?post=12128"},{"taxonomy":"product_cat","embeddable":true,"href":"https:\/\/engitech.az\/en\/wp-json\/wp\/v2\/product_cat?post=12128"},{"taxonomy":"product_tag","embeddable":true,"href":"https:\/\/engitech.az\/en\/wp-json\/wp\/v2\/product_tag?post=12128"}],"curies":[{"name":"wp","href":"https:\/\/api.w.org\/{rel}","templated":true}]}}