{"id":12132,"date":"2026-04-01T10:23:40","date_gmt":"2026-04-01T10:23:40","guid":{"rendered":"https:\/\/engitech.az\/?post_type=product&#038;p=12132"},"modified":"2026-04-01T10:23:40","modified_gmt":"2026-04-01T10:23:40","slug":"ids-2cd70166g2-e-ihsyr","status":"publish","type":"product","link":"https:\/\/engitech.az\/en\/product\/ids-2cd70166g2-e-ihsyr\/","title":{"rendered":"iDS-2CD70166G2\/E-IHSYR"},"content":{"rendered":"<p>\u2022 <strong data-start=\"2\" data-end=\"13\">M\u0259hsul:<\/strong> iDS-2CD70166G2\/E-IHSYR<br data-start=\"36\" data-end=\"39\" \/>\u2022 <strong data-start=\"41\" data-end=\"56\">Category:<\/strong> IP t\u0259hl\u00fck\u0259sizlik kameras\u0131 (box tip)<br data-start=\"92\" data-end=\"95\" \/>\u2022 <strong data-start=\"97\" data-end=\"113\">Functions:<\/strong> 16 MP, 1\/1.8\u2033 sensor, motorlu varifokal lens, DarkFighter a\u015fa\u011f\u0131 i\u015f\u0131q performans\u0131, 120 dB WDR, 80\u2013120 m IR gec\u0259 g\u00f6r\u00fcnt\u00fcs\u00fc, AI analitika (\u00fcz, insan, n\u0259qliyyat), H.265+, IP66 qoruma <br data-start=\"338\" data-end=\"341\" \/>\u2022 <strong data-start=\"343\" data-end=\"356\">Usage:<\/strong> Y\u00fcks\u0259k s\u0259viyy\u0259li t\u0259hl\u00fck\u0259sizlik, analitika v\u0259 geni\u015f \u0259razil\u0259rin monitorinqi \u00fc\u00e7\u00fcn.<\/p>","protected":false},"excerpt":{"rendered":"<p>\u2022 M\u0259hsul: iDS-2CD70166G2\/E-IHSYR\u2022 Kateqoriya: IP t\u0259hl\u00fck\u0259sizlik kameras\u0131 (box tip)\u2022 Funksiyalar:  [&#8230;]<\/p>","protected":false},"featured_media":12133,"comment_status":"open","ping_status":"closed","template":"","meta":[],"product_brand":[],"product_cat":[167],"product_tag":[],"class_list":{"0":"post-12132","1":"product","2":"type-product","3":"status-publish","4":"has-post-thumbnail","6":"product_cat-hikvision","7":"pa_mehsul-tipi-network-products","9":"first","10":"instock","11":"sold-individually","12":"shipping-taxable","13":"purchasable","14":"product-type-simple"},"_links":{"self":[{"href":"https:\/\/engitech.az\/en\/wp-json\/wp\/v2\/product\/12132","targetHints":{"allow":["GET"]}}],"collection":[{"href":"https:\/\/engitech.az\/en\/wp-json\/wp\/v2\/product"}],"about":[{"href":"https:\/\/engitech.az\/en\/wp-json\/wp\/v2\/types\/product"}],"replies":[{"embeddable":true,"href":"https:\/\/engitech.az\/en\/wp-json\/wp\/v2\/comments?post=12132"}],"wp:featuredmedia":[{"embeddable":true,"href":"https:\/\/engitech.az\/en\/wp-json\/wp\/v2\/media\/12133"}],"wp:attachment":[{"href":"https:\/\/engitech.az\/en\/wp-json\/wp\/v2\/media?parent=12132"}],"wp:term":[{"taxonomy":"product_brand","embeddable":true,"href":"https:\/\/engitech.az\/en\/wp-json\/wp\/v2\/product_brand?post=12132"},{"taxonomy":"product_cat","embeddable":true,"href":"https:\/\/engitech.az\/en\/wp-json\/wp\/v2\/product_cat?post=12132"},{"taxonomy":"product_tag","embeddable":true,"href":"https:\/\/engitech.az\/en\/wp-json\/wp\/v2\/product_tag?post=12132"}],"curies":[{"name":"wp","href":"https:\/\/api.w.org\/{rel}","templated":true}]}}