{"id":12134,"date":"2026-04-01T10:27:02","date_gmt":"2026-04-01T10:27:02","guid":{"rendered":"https:\/\/engitech.az\/?post_type=product&#038;p=12134"},"modified":"2026-04-01T10:27:02","modified_gmt":"2026-04-01T10:27:02","slug":"ds-2cd3146g3-su","status":"publish","type":"product","link":"https:\/\/engitech.az\/en\/product\/ds-2cd3146g3-su\/","title":{"rendered":"DS-2CD3146G3-SU"},"content":{"rendered":"<p>\u2022 <strong data-start=\"2\" data-end=\"13\">M\u0259hsul:<\/strong> DS-2CD3146G3-SU<br data-start=\"29\" data-end=\"32\" \/>\u2022 <strong data-start=\"34\" data-end=\"49\">Category:<\/strong> IP t\u0259hl\u00fck\u0259sizlik kameras\u0131<br data-start=\"75\" data-end=\"78\" \/>\u2022 <strong data-start=\"80\" data-end=\"96\">Functions:<\/strong> 4 MP (2688\u00d71520), 2 mm geni\u015f bucaq lens, 130 dB WDR, AI analitika (insan\/avtomobil), daxili iki mikrofon, H.265+, microSD (512 GB), PoE d\u0259st\u0259yi <br data-start=\"290\" data-end=\"293\" \/>\u2022 <strong data-start=\"295\" data-end=\"308\">Usage:<\/strong> Daxili m\u0259kanlarda (ofis, lift, otaq) video n\u0259zar\u0259t v\u0259 s\u0259sli monitorinq \u00fc\u00e7\u00fcn.<\/p>","protected":false},"excerpt":{"rendered":"<p>\u2022 M\u0259hsul: DS-2CD3146G3-SU\u2022 Kateqoriya: IP t\u0259hl\u00fck\u0259sizlik kameras\u0131\u2022 Funksiyalar: 4 MP  [&#8230;]<\/p>","protected":false},"featured_media":12135,"comment_status":"open","ping_status":"closed","template":"","meta":[],"product_brand":[],"product_cat":[167],"product_tag":[],"class_list":{"0":"post-12134","1":"product","2":"type-product","3":"status-publish","4":"has-post-thumbnail","6":"product_cat-hikvision","7":"pa_mehsul-tipi-network-products","9":"first","10":"instock","11":"sold-individually","12":"shipping-taxable","13":"purchasable","14":"product-type-simple"},"_links":{"self":[{"href":"https:\/\/engitech.az\/en\/wp-json\/wp\/v2\/product\/12134","targetHints":{"allow":["GET"]}}],"collection":[{"href":"https:\/\/engitech.az\/en\/wp-json\/wp\/v2\/product"}],"about":[{"href":"https:\/\/engitech.az\/en\/wp-json\/wp\/v2\/types\/product"}],"replies":[{"embeddable":true,"href":"https:\/\/engitech.az\/en\/wp-json\/wp\/v2\/comments?post=12134"}],"wp:featuredmedia":[{"embeddable":true,"href":"https:\/\/engitech.az\/en\/wp-json\/wp\/v2\/media\/12135"}],"wp:attachment":[{"href":"https:\/\/engitech.az\/en\/wp-json\/wp\/v2\/media?parent=12134"}],"wp:term":[{"taxonomy":"product_brand","embeddable":true,"href":"https:\/\/engitech.az\/en\/wp-json\/wp\/v2\/product_brand?post=12134"},{"taxonomy":"product_cat","embeddable":true,"href":"https:\/\/engitech.az\/en\/wp-json\/wp\/v2\/product_cat?post=12134"},{"taxonomy":"product_tag","embeddable":true,"href":"https:\/\/engitech.az\/en\/wp-json\/wp\/v2\/product_tag?post=12134"}],"curies":[{"name":"wp","href":"https:\/\/api.w.org\/{rel}","templated":true}]}}