{"id":12136,"date":"2026-04-01T10:32:07","date_gmt":"2026-04-01T10:32:07","guid":{"rendered":"https:\/\/engitech.az\/?post_type=product&#038;p=12136"},"modified":"2026-04-01T10:42:58","modified_gmt":"2026-04-01T10:42:58","slug":"ds-2cd3586g3-isy","status":"publish","type":"product","link":"https:\/\/engitech.az\/en\/product\/ds-2cd3586g3-isy\/","title":{"rendered":"DS-2CD3586G3-IS(Y)"},"content":{"rendered":"<p>\u2022 <strong data-start=\"2\" data-end=\"13\">M\u0259hsul:<\/strong> DS-2CD3586G3-IS(Y)<br data-start=\"32\" data-end=\"35\" \/>\u2022 <strong data-start=\"37\" data-end=\"52\">Category:<\/strong> IP t\u0259hl\u00fck\u0259sizlik kameras\u0131<br data-start=\"78\" data-end=\"81\" \/>\u2022 <strong data-start=\"83\" data-end=\"99\">Functions:<\/strong> 8 MP (4K), 4 mm lens, IR (30 m), 130 dB WDR, AI (insan\/avtomobil), daxili mikrofon, H.265+, microSD (512 GB), PoE, IP67\/IK08<br data-start=\"224\" data-end=\"227\" \/>\u2022 <strong data-start=\"229\" data-end=\"242\">Usage:<\/strong> Obyekt v\u0259 a\u00e7\u0131q sah\u0259l\u0259rd\u0259 video n\u0259zar\u0259t \u00fc\u00e7\u00fcn<\/p>\n<p>&nbsp;<\/p>","protected":false},"excerpt":{"rendered":"<p>\u2022 M\u0259hsul: DS-2CD3586G3-IS(Y)\u2022 Kateqoriya: IP t\u0259hl\u00fck\u0259sizlik kameras\u0131\u2022 Funksiyalar: 8 MP  [&#8230;]<\/p>","protected":false},"featured_media":12137,"comment_status":"open","ping_status":"closed","template":"","meta":[],"product_brand":[],"product_cat":[167],"product_tag":[],"class_list":{"0":"post-12136","1":"product","2":"type-product","3":"status-publish","4":"has-post-thumbnail","6":"product_cat-hikvision","7":"pa_mehsul-tipi-network-products","9":"first","10":"instock","11":"sold-individually","12":"shipping-taxable","13":"purchasable","14":"product-type-simple"},"_links":{"self":[{"href":"https:\/\/engitech.az\/en\/wp-json\/wp\/v2\/product\/12136","targetHints":{"allow":["GET"]}}],"collection":[{"href":"https:\/\/engitech.az\/en\/wp-json\/wp\/v2\/product"}],"about":[{"href":"https:\/\/engitech.az\/en\/wp-json\/wp\/v2\/types\/product"}],"replies":[{"embeddable":true,"href":"https:\/\/engitech.az\/en\/wp-json\/wp\/v2\/comments?post=12136"}],"wp:featuredmedia":[{"embeddable":true,"href":"https:\/\/engitech.az\/en\/wp-json\/wp\/v2\/media\/12137"}],"wp:attachment":[{"href":"https:\/\/engitech.az\/en\/wp-json\/wp\/v2\/media?parent=12136"}],"wp:term":[{"taxonomy":"product_brand","embeddable":true,"href":"https:\/\/engitech.az\/en\/wp-json\/wp\/v2\/product_brand?post=12136"},{"taxonomy":"product_cat","embeddable":true,"href":"https:\/\/engitech.az\/en\/wp-json\/wp\/v2\/product_cat?post=12136"},{"taxonomy":"product_tag","embeddable":true,"href":"https:\/\/engitech.az\/en\/wp-json\/wp\/v2\/product_tag?post=12136"}],"curies":[{"name":"wp","href":"https:\/\/api.w.org\/{rel}","templated":true}]}}