{"id":12140,"date":"2026-04-01T10:48:18","date_gmt":"2026-04-01T10:48:18","guid":{"rendered":"https:\/\/engitech.az\/?post_type=product&#038;p=12140"},"modified":"2026-04-01T10:48:18","modified_gmt":"2026-04-01T10:48:18","slug":"ds-2cd33c7g3p-lihsuy-sl","status":"publish","type":"product","link":"https:\/\/engitech.az\/en\/product\/ds-2cd33c7g3p-lihsuy-sl\/","title":{"rendered":"DS-2CD33C7G3P-LIHSUY\/SL"},"content":{"rendered":"<p>\u2022 <strong data-start=\"2\" data-end=\"13\">M\u0259hsul:<\/strong> DS-2CD33C7G3P-LIHSUY\/SL<br data-start=\"37\" data-end=\"40\" \/>\u2022 <strong data-start=\"42\" data-end=\"57\">Category:<\/strong> IP t\u0259hl\u00fck\u0259sizlik kameras\u0131<br data-start=\"83\" data-end=\"86\" \/>\u2022 <strong data-start=\"88\" data-end=\"104\">Functions:<\/strong> 12 MP panoramic, 1\/2.5\u2033 sensor, 40\u202fm IR + a\u011f i\u015f\u0131q, AI insan\/avtomobil tan\u0131ma, 130\u202fdB WDR, H.265+, IP67, daxili mikrofon v\u0259 spiker<br data-start=\"234\" data-end=\"237\" \/>\u2022 <strong data-start=\"239\" data-end=\"252\">Usage:<\/strong> Obyekt v\u0259 a\u00e7\u0131q sah\u0259l\u0259r \u00fc\u00e7\u00fcn geni\u015f bucaql\u0131 video n\u0259zar\u0259t v\u0259 aktiv m\u00fcdafi\u0259<\/p>","protected":false},"excerpt":{"rendered":"<p>\u2022 M\u0259hsul: DS-2CD33C7G3P-LIHSUY\/SL\u2022 Kateqoriya: IP t\u0259hl\u00fck\u0259sizlik kameras\u0131\u2022 Funksiyalar: 12 MP  [&#8230;]<\/p>","protected":false},"featured_media":12141,"comment_status":"open","ping_status":"closed","template":"","meta":[],"product_brand":[],"product_cat":[167],"product_tag":[],"class_list":{"0":"post-12140","1":"product","2":"type-product","3":"status-publish","4":"has-post-thumbnail","6":"product_cat-hikvision","7":"pa_mehsul-tipi-network-products","9":"first","10":"instock","11":"sold-individually","12":"shipping-taxable","13":"purchasable","14":"product-type-simple"},"_links":{"self":[{"href":"https:\/\/engitech.az\/en\/wp-json\/wp\/v2\/product\/12140","targetHints":{"allow":["GET"]}}],"collection":[{"href":"https:\/\/engitech.az\/en\/wp-json\/wp\/v2\/product"}],"about":[{"href":"https:\/\/engitech.az\/en\/wp-json\/wp\/v2\/types\/product"}],"replies":[{"embeddable":true,"href":"https:\/\/engitech.az\/en\/wp-json\/wp\/v2\/comments?post=12140"}],"wp:featuredmedia":[{"embeddable":true,"href":"https:\/\/engitech.az\/en\/wp-json\/wp\/v2\/media\/12141"}],"wp:attachment":[{"href":"https:\/\/engitech.az\/en\/wp-json\/wp\/v2\/media?parent=12140"}],"wp:term":[{"taxonomy":"product_brand","embeddable":true,"href":"https:\/\/engitech.az\/en\/wp-json\/wp\/v2\/product_brand?post=12140"},{"taxonomy":"product_cat","embeddable":true,"href":"https:\/\/engitech.az\/en\/wp-json\/wp\/v2\/product_cat?post=12140"},{"taxonomy":"product_tag","embeddable":true,"href":"https:\/\/engitech.az\/en\/wp-json\/wp\/v2\/product_tag?post=12140"}],"curies":[{"name":"wp","href":"https:\/\/api.w.org\/{rel}","templated":true}]}}