{"id":12142,"date":"2026-04-01T10:51:05","date_gmt":"2026-04-01T10:51:05","guid":{"rendered":"https:\/\/engitech.az\/?post_type=product&#038;p=12142"},"modified":"2026-04-01T10:51:06","modified_gmt":"2026-04-01T10:51:06","slug":"ds-2cfs04-4g","status":"publish","type":"product","link":"https:\/\/engitech.az\/en\/product\/ds-2cfs04-4g\/","title":{"rendered":"DS-2CFS04\/4G"},"content":{"rendered":"<p>\u2022 <strong data-start=\"2\" data-end=\"13\">M\u0259hsul:<\/strong> DS-2CFS04\/4G<br data-start=\"26\" data-end=\"29\" \/>\u2022 <strong data-start=\"31\" data-end=\"46\">Category:<\/strong> 4\u202fMP 4G g\u00fcn\u0259\u015f enerjili IP kamera<br data-start=\"79\" data-end=\"82\" \/>\u2022 <strong data-start=\"84\" data-end=\"100\">Functions:<\/strong> 4\u202fMP, 4G LTE, IR + a\u011f i\u015f\u0131q (~30\u202fm), AI insan\/avtomobil a\u015fkarlanmas\u0131, H.265, daxili mikrofon v\u0259 spiker, microSD d\u0259st\u0259yi, IP66, g\u00fcn\u0259\u015f paneli v\u0259 batareya<br data-start=\"251\" data-end=\"254\" \/>\u2022 <strong data-start=\"256\" data-end=\"269\">Usage:<\/strong> Uzaq obyektl\u0259r v\u0259 a\u00e7\u0131q sah\u0259l\u0259r \u00fc\u00e7\u00fcn simsiz video n\u0259zar\u0259t<\/p>","protected":false},"excerpt":{"rendered":"<p>\u2022 M\u0259hsul: DS-2CFS04\/4G\u2022 Kateqoriya: 4\u202fMP 4G g\u00fcn\u0259\u015f enerjili IP kamera\u2022  [&#8230;]<\/p>","protected":false},"featured_media":12143,"comment_status":"open","ping_status":"closed","template":"","meta":[],"product_brand":[],"product_cat":[167],"product_tag":[],"class_list":{"0":"post-12142","1":"product","2":"type-product","3":"status-publish","4":"has-post-thumbnail","6":"product_cat-hikvision","7":"pa_mehsul-tipi-network-products","9":"first","10":"instock","11":"sold-individually","12":"shipping-taxable","13":"purchasable","14":"product-type-simple"},"_links":{"self":[{"href":"https:\/\/engitech.az\/en\/wp-json\/wp\/v2\/product\/12142","targetHints":{"allow":["GET"]}}],"collection":[{"href":"https:\/\/engitech.az\/en\/wp-json\/wp\/v2\/product"}],"about":[{"href":"https:\/\/engitech.az\/en\/wp-json\/wp\/v2\/types\/product"}],"replies":[{"embeddable":true,"href":"https:\/\/engitech.az\/en\/wp-json\/wp\/v2\/comments?post=12142"}],"wp:featuredmedia":[{"embeddable":true,"href":"https:\/\/engitech.az\/en\/wp-json\/wp\/v2\/media\/12143"}],"wp:attachment":[{"href":"https:\/\/engitech.az\/en\/wp-json\/wp\/v2\/media?parent=12142"}],"wp:term":[{"taxonomy":"product_brand","embeddable":true,"href":"https:\/\/engitech.az\/en\/wp-json\/wp\/v2\/product_brand?post=12142"},{"taxonomy":"product_cat","embeddable":true,"href":"https:\/\/engitech.az\/en\/wp-json\/wp\/v2\/product_cat?post=12142"},{"taxonomy":"product_tag","embeddable":true,"href":"https:\/\/engitech.az\/en\/wp-json\/wp\/v2\/product_tag?post=12142"}],"curies":[{"name":"wp","href":"https:\/\/api.w.org\/{rel}","templated":true}]}}