{"id":12144,"date":"2026-04-01T10:54:12","date_gmt":"2026-04-01T10:54:12","guid":{"rendered":"https:\/\/engitech.az\/?post_type=product&#038;p=12144"},"modified":"2026-04-01T10:54:12","modified_gmt":"2026-04-01T10:54:12","slug":"ds-2cd1147g3h-liuf-sl-srb","status":"publish","type":"product","link":"https:\/\/engitech.az\/en\/product\/ds-2cd1147g3h-liuf-sl-srb\/","title":{"rendered":"DS-2CD1147G3H-LIU(F)(\/SL)(\/SRB)"},"content":{"rendered":"<p>\u2022 <strong data-start=\"2\" data-end=\"13\">M\u0259hsul:<\/strong> DS-2CD1147G3H-LIU(F)(\/SL)(\/SRB)<br data-start=\"45\" data-end=\"48\" \/>\u2022 <strong data-start=\"50\" data-end=\"65\">Category:<\/strong> 4\u202fMP IP kamera<br data-start=\"80\" data-end=\"83\" \/>\u2022 <strong data-start=\"85\" data-end=\"101\">Functions:<\/strong> 4\u202fMP, ColorVu g\u00fcnd\u00fcz\/24\/7 r\u0259ngli g\u00f6r\u00fcnt\u00fc, IR + a\u011f i\u015f\u0131q (~30\u202fm), AI insan\/avtomobil tan\u0131ma, 120\u202fdB WDR, H.265+, IP67, vandal m\u00fcqavim\u0259ti, daxili mikrofon v\u0259 iki t\u0259r\u0259fli audio (\/SL\/\/SRB), microSD d\u0259st\u0259yi (-F)<br data-start=\"308\" data-end=\"311\" \/>\u2022 <strong data-start=\"313\" data-end=\"326\">Usage:<\/strong> Obyekt v\u0259 a\u00e7\u0131q sah\u0259l\u0259r \u00fc\u00e7\u00fcn y\u00fcks\u0259k keyfiyy\u0259tli video n\u0259zar\u0259t v\u0259 aktiv x\u0259b\u0259rdarl\u0131q<\/p>","protected":false},"excerpt":{"rendered":"<p>\u2022 M\u0259hsul: DS-2CD1147G3H-LIU(F)(\/SL)(\/SRB)\u2022 Kateqoriya: 4\u202fMP IP kamera\u2022 Funksiyalar: 4\u202fMP, ColorVu  [&#8230;]<\/p>","protected":false},"featured_media":12145,"comment_status":"open","ping_status":"closed","template":"","meta":[],"product_brand":[],"product_cat":[167],"product_tag":[],"class_list":{"0":"post-12144","1":"product","2":"type-product","3":"status-publish","4":"has-post-thumbnail","6":"product_cat-hikvision","7":"pa_mehsul-tipi-network-products","9":"first","10":"instock","11":"sold-individually","12":"shipping-taxable","13":"purchasable","14":"product-type-simple"},"_links":{"self":[{"href":"https:\/\/engitech.az\/en\/wp-json\/wp\/v2\/product\/12144","targetHints":{"allow":["GET"]}}],"collection":[{"href":"https:\/\/engitech.az\/en\/wp-json\/wp\/v2\/product"}],"about":[{"href":"https:\/\/engitech.az\/en\/wp-json\/wp\/v2\/types\/product"}],"replies":[{"embeddable":true,"href":"https:\/\/engitech.az\/en\/wp-json\/wp\/v2\/comments?post=12144"}],"wp:featuredmedia":[{"embeddable":true,"href":"https:\/\/engitech.az\/en\/wp-json\/wp\/v2\/media\/12145"}],"wp:attachment":[{"href":"https:\/\/engitech.az\/en\/wp-json\/wp\/v2\/media?parent=12144"}],"wp:term":[{"taxonomy":"product_brand","embeddable":true,"href":"https:\/\/engitech.az\/en\/wp-json\/wp\/v2\/product_brand?post=12144"},{"taxonomy":"product_cat","embeddable":true,"href":"https:\/\/engitech.az\/en\/wp-json\/wp\/v2\/product_cat?post=12144"},{"taxonomy":"product_tag","embeddable":true,"href":"https:\/\/engitech.az\/en\/wp-json\/wp\/v2\/product_tag?post=12144"}],"curies":[{"name":"wp","href":"https:\/\/api.w.org\/{rel}","templated":true}]}}