{"id":12146,"date":"2026-04-01T10:56:06","date_gmt":"2026-04-01T10:56:06","guid":{"rendered":"https:\/\/engitech.az\/?post_type=product&#038;p=12146"},"modified":"2026-04-01T10:56:06","modified_gmt":"2026-04-01T10:56:06","slug":"ds-2dp8a440ixg1-lef-416f0","status":"publish","type":"product","link":"https:\/\/engitech.az\/en\/product\/ds-2dp8a440ixg1-lef-416f0\/","title":{"rendered":"DS-2DP8A440IXG1-LEF\/416(F0)"},"content":{"rendered":"<p>\u2022 <strong data-start=\"2\" data-end=\"13\">M\u0259hsul:<\/strong> DS\u20112DP8A440IXG1\u2011LEF\/416(F0)<br data-start=\"41\" data-end=\"44\" \/>\u2022 <strong data-start=\"46\" data-end=\"61\">Category:<\/strong> 16\u202fMP panoramik + PTZ (d\u00f6ner) IP kamera<br data-start=\"101\" data-end=\"104\" \/>\u2022 <strong data-start=\"106\" data-end=\"122\">Functions:<\/strong> 16\u202fMP panoramik + PTZ kanallar\u0131, 40\u00d7 optik zoom, 16\u00d7 digital zoom, 300\u202fm IR gec\u0259 g\u00f6r\u00fc\u015f\u00fc, DarkFighter a\u015fa\u011f\u0131 i\u015f\u0131q performans\u0131, auto\u2011tracking\/PTZ izl\u0259m\u0259, H.265+, microSD d\u0259st\u0259yi, 7 giri\u015f\/2 \u00e7\u0131x\u0131\u015f siqnal, IP67\/IP protection + IK10 korpus\u00a0<br data-start=\"393\" data-end=\"396\" \/>\u2022 <strong data-start=\"398\" data-end=\"411\">Usage:<\/strong> Geni\u015f obyektl\u0259r v\u0259 a\u00e7\u0131q sah\u0259l\u0259r \u00fc\u00e7\u00fcn y\u00fcks\u0259k d\u0259qiqlikli panoramik v\u0259 d\u00f6ner video n\u0259zar\u0259t<\/p>","protected":false},"excerpt":{"rendered":"<p>\u2022 M\u0259hsul: DS\u20112DP8A440IXG1\u2011LEF\/416(F0)\u2022 Kateqoriya: 16\u202fMP panoramik + PTZ (d\u00f6ner) IP  [&#8230;]<\/p>","protected":false},"featured_media":12147,"comment_status":"open","ping_status":"closed","template":"","meta":[],"product_brand":[],"product_cat":[167],"product_tag":[],"class_list":{"0":"post-12146","1":"product","2":"type-product","3":"status-publish","4":"has-post-thumbnail","6":"product_cat-hikvision","7":"pa_mehsul-tipi-network-products","9":"first","10":"instock","11":"sold-individually","12":"shipping-taxable","13":"purchasable","14":"product-type-simple"},"_links":{"self":[{"href":"https:\/\/engitech.az\/en\/wp-json\/wp\/v2\/product\/12146","targetHints":{"allow":["GET"]}}],"collection":[{"href":"https:\/\/engitech.az\/en\/wp-json\/wp\/v2\/product"}],"about":[{"href":"https:\/\/engitech.az\/en\/wp-json\/wp\/v2\/types\/product"}],"replies":[{"embeddable":true,"href":"https:\/\/engitech.az\/en\/wp-json\/wp\/v2\/comments?post=12146"}],"wp:featuredmedia":[{"embeddable":true,"href":"https:\/\/engitech.az\/en\/wp-json\/wp\/v2\/media\/12147"}],"wp:attachment":[{"href":"https:\/\/engitech.az\/en\/wp-json\/wp\/v2\/media?parent=12146"}],"wp:term":[{"taxonomy":"product_brand","embeddable":true,"href":"https:\/\/engitech.az\/en\/wp-json\/wp\/v2\/product_brand?post=12146"},{"taxonomy":"product_cat","embeddable":true,"href":"https:\/\/engitech.az\/en\/wp-json\/wp\/v2\/product_cat?post=12146"},{"taxonomy":"product_tag","embeddable":true,"href":"https:\/\/engitech.az\/en\/wp-json\/wp\/v2\/product_tag?post=12146"}],"curies":[{"name":"wp","href":"https:\/\/api.w.org\/{rel}","templated":true}]}}