{"id":12148,"date":"2026-04-01T11:00:20","date_gmt":"2026-04-01T11:00:20","guid":{"rendered":"https:\/\/engitech.az\/?post_type=product&#038;p=12148"},"modified":"2026-04-01T11:00:20","modified_gmt":"2026-04-01T11:00:20","slug":"ds-7632nxi-k2-16p-vpro","status":"publish","type":"product","link":"https:\/\/engitech.az\/en\/product\/ds-7632nxi-k2-16p-vpro\/","title":{"rendered":"DS-7632NXI-K2\/16P\/VPro"},"content":{"rendered":"<p>\u2022 <strong data-start=\"2\" data-end=\"13\">M\u0259hsul:<\/strong> DS\u20117632NXI\u2011K2\/16P\/VPro<br data-start=\"36\" data-end=\"39\" \/>\u2022 <strong data-start=\"41\" data-end=\"56\">Category:<\/strong> 32\u2011kanall\u0131 PoE IP Video Qeydiyyat\u00e7\u0131 (NVR)<br data-start=\"98\" data-end=\"101\" \/>\u2022 <strong data-start=\"103\" data-end=\"119\">Functions:<\/strong> 32 IP kamera giri\u015f, 16 PoE portu, H.265+\/H.265\/H.264+, AcuSense AI analiz (insan\/avtomobil tan\u0131ma v\u0259 AcuSearch), 256\u202fMbps giri\u015f bant geni\u015fliyi, HDMI\/VGA \u00e7\u0131x\u0131\u015f (4K d\u0259st\u0259k), 16\u2011kanal sinxron bax\u0131\u015f, SATA HDD d\u0259st\u0259yi, iki\u2011t\u0259r\u0259fli audio giri\u015f\/\u00e7\u0131x\u0131\u015f\u00a0<br data-start=\"401\" data-end=\"404\" \/>\u2022 <strong data-start=\"406\" data-end=\"419\">Usage:<\/strong> Obyekt v\u0259 m\u00fc\u0259ssis\u0259l\u0259r \u00fc\u00e7\u00fcn y\u00fcks\u0259k performansl\u0131 \u015f\u0259b\u0259k\u0259 video qeyd v\u0259 a\u011f\u0131ll\u0131 t\u0259hl\u00fck\u0259sizlik idar\u0259etm\u0259si<\/p>","protected":false},"excerpt":{"rendered":"<p>\u2022 M\u0259hsul: DS\u20117632NXI\u2011K2\/16P\/VPro\u2022 Kateqoriya: 32\u2011kanall\u0131 PoE IP Video Qeydiyyat\u00e7\u0131 (NVR)\u2022  [&#8230;]<\/p>","protected":false},"featured_media":12149,"comment_status":"open","ping_status":"closed","template":"","meta":[],"product_brand":[],"product_cat":[167],"product_tag":[],"class_list":{"0":"post-12148","1":"product","2":"type-product","3":"status-publish","4":"has-post-thumbnail","6":"product_cat-hikvision","7":"pa_mehsul-tipi-network-products","9":"first","10":"instock","11":"sold-individually","12":"shipping-taxable","13":"purchasable","14":"product-type-simple"},"_links":{"self":[{"href":"https:\/\/engitech.az\/en\/wp-json\/wp\/v2\/product\/12148","targetHints":{"allow":["GET"]}}],"collection":[{"href":"https:\/\/engitech.az\/en\/wp-json\/wp\/v2\/product"}],"about":[{"href":"https:\/\/engitech.az\/en\/wp-json\/wp\/v2\/types\/product"}],"replies":[{"embeddable":true,"href":"https:\/\/engitech.az\/en\/wp-json\/wp\/v2\/comments?post=12148"}],"wp:featuredmedia":[{"embeddable":true,"href":"https:\/\/engitech.az\/en\/wp-json\/wp\/v2\/media\/12149"}],"wp:attachment":[{"href":"https:\/\/engitech.az\/en\/wp-json\/wp\/v2\/media?parent=12148"}],"wp:term":[{"taxonomy":"product_brand","embeddable":true,"href":"https:\/\/engitech.az\/en\/wp-json\/wp\/v2\/product_brand?post=12148"},{"taxonomy":"product_cat","embeddable":true,"href":"https:\/\/engitech.az\/en\/wp-json\/wp\/v2\/product_cat?post=12148"},{"taxonomy":"product_tag","embeddable":true,"href":"https:\/\/engitech.az\/en\/wp-json\/wp\/v2\/product_tag?post=12148"}],"curies":[{"name":"wp","href":"https:\/\/api.w.org\/{rel}","templated":true}]}}