{"id":12150,"date":"2026-04-01T11:27:51","date_gmt":"2026-04-01T11:27:51","guid":{"rendered":"https:\/\/engitech.az\/?post_type=product&#038;p=12150"},"modified":"2026-04-01T11:27:51","modified_gmt":"2026-04-01T11:27:51","slug":"ds-7732nxi-k4-16p-vpro","status":"publish","type":"product","link":"https:\/\/engitech.az\/en\/product\/ds-7732nxi-k4-16p-vpro\/","title":{"rendered":"DS-7732NXI-K4\/16P\/VPro"},"content":{"rendered":"<div class=\"flex flex-col text-sm pb-25\">\n<section class=\"text-token-text-primary w-full focus:outline-none [--shadow-height:45px] has-data-writing-block:pointer-events-none has-data-writing-block:-mt-(--shadow-height) has-data-writing-block:pt-(--shadow-height) [&amp;:has([data-writing-block])&gt;*]:pointer-events-auto scroll-mt-[calc(var(--header-height)+min(200px,max(70px,20svh)))]\" dir=\"auto\" data-turn-id=\"request-WEB:339e43a9-1008-41bd-a57e-8b00fe2e14bb-10\" data-testid=\"conversation-turn-22\" data-scroll-anchor=\"true\" data-turn=\"assistant\">\n<div class=\"text-base my-auto mx-auto pb-10 [--thread-content-margin:var(--thread-content-margin-xs,calc(var(--spacing)*4))] @w-sm\/main:[--thread-content-margin:var(--thread-content-margin-sm,calc(var(--spacing)*6))] @w-lg\/main:[--thread-content-margin:var(--thread-content-margin-lg,calc(var(--spacing)*16))] px-(--thread-content-margin)\">\n<div class=\"[--thread-content-max-width:40rem] @w-lg\/main:[--thread-content-max-width:48rem] mx-auto max-w-(--thread-content-max-width) flex-1 group\/turn-messages focus-visible:outline-hidden relative flex w-full min-w-0 flex-col agent-turn\">\n<div class=\"flex max-w-full flex-col gap-4 grow\">\n<div class=\"min-h-8 text-message relative flex w-full flex-col items-end gap-2 text-start break-words whitespace-normal outline-none keyboard-focused:focus-ring [.text-message+&amp;]:mt-1\" dir=\"auto\" tabindex=\"0\" data-message-author-role=\"assistant\" data-message-id=\"1f2ecf40-6acb-4fdc-98eb-ca4ba67cf83d\" data-turn-start-message=\"true\" data-message-model-slug=\"gpt-5-mini\">\n<div class=\"flex w-full flex-col gap-1 empty:hidden\">\n<div class=\"markdown prose dark:prose-invert w-full wrap-break-word dark markdown-new-styling\">\n<p data-start=\"0\" data-end=\"509\">\u2022 <strong data-start=\"2\" data-end=\"13\">M\u0259hsul:<\/strong> DS\u20117732NXI\u2011K4\/16P\/VPro<br data-start=\"36\" data-end=\"39\" \/>\u2022 <strong data-start=\"41\" data-end=\"56\">Category:<\/strong> 32 kanall\u0131 PoE IP Video Qeydiyyat\u00e7\u0131 (NVR)<br data-start=\"98\" data-end=\"101\" \/>\u2022 <strong data-start=\"103\" data-end=\"119\">Functions:<\/strong> 32 IP kamera giri\u015f, 16 PoE portu, AcuSense AcuSeek &amp; AcuSearch AI analiz (insan\/avtomobil tan\u0131ma v\u0259 smart axtar\u0131\u015f), H.265\/H.265+\/H.264 formats, 256\u202fMbps giri\u015f bant\u0131, 4K HDMI\/VGA \u00e7\u0131x\u0131\u015f, IP spiker d\u0259st\u0259yi, HDD d\u0259st\u0259yi (4 SATA)\u00a0<br data-start=\"386\" data-end=\"389\" \/>\u2022 <strong data-start=\"391\" data-end=\"404\">Usage:<\/strong> Obyekt v\u0259 m\u00fc\u0259ssis\u0259l\u0259r \u00fc\u00e7\u00fcn a\u011f\u0131ll\u0131 video qeyd, analiz v\u0259 idar\u0259etm\u0259.<\/p>\n<\/div>\n<\/div>\n<\/div>\n<\/div>\n<div class=\"z-0 flex min-h-[46px] justify-start\"><\/div>\n<div class=\"mt-3 w-full empty:hidden\">\n<div class=\"text-center\"><\/div>\n<\/div>\n<\/div>\n<\/div>\n<\/section>\n<\/div>\n<div class=\"pointer-events-none h-px w-px absolute bottom-0\" aria-hidden=\"true\" data-edge=\"true\"><\/div>","protected":false},"excerpt":{"rendered":"<p>\u2022 M\u0259hsul: DS\u20117732NXI\u2011K4\/16P\/VPro\u2022 Kateqoriya: 32 kanall\u0131 PoE IP Video Qeydiyyat\u00e7\u0131  [&#8230;]<\/p>","protected":false},"featured_media":12151,"comment_status":"open","ping_status":"closed","template":"","meta":[],"product_brand":[],"product_cat":[167],"product_tag":[],"class_list":{"0":"post-12150","1":"product","2":"type-product","3":"status-publish","4":"has-post-thumbnail","6":"product_cat-hikvision","7":"pa_mehsul-tipi-network-products","9":"first","10":"instock","11":"sold-individually","12":"shipping-taxable","13":"purchasable","14":"product-type-simple"},"_links":{"self":[{"href":"https:\/\/engitech.az\/en\/wp-json\/wp\/v2\/product\/12150","targetHints":{"allow":["GET"]}}],"collection":[{"href":"https:\/\/engitech.az\/en\/wp-json\/wp\/v2\/product"}],"about":[{"href":"https:\/\/engitech.az\/en\/wp-json\/wp\/v2\/types\/product"}],"replies":[{"embeddable":true,"href":"https:\/\/engitech.az\/en\/wp-json\/wp\/v2\/comments?post=12150"}],"wp:featuredmedia":[{"embeddable":true,"href":"https:\/\/engitech.az\/en\/wp-json\/wp\/v2\/media\/12151"}],"wp:attachment":[{"href":"https:\/\/engitech.az\/en\/wp-json\/wp\/v2\/media?parent=12150"}],"wp:term":[{"taxonomy":"product_brand","embeddable":true,"href":"https:\/\/engitech.az\/en\/wp-json\/wp\/v2\/product_brand?post=12150"},{"taxonomy":"product_cat","embeddable":true,"href":"https:\/\/engitech.az\/en\/wp-json\/wp\/v2\/product_cat?post=12150"},{"taxonomy":"product_tag","embeddable":true,"href":"https:\/\/engitech.az\/en\/wp-json\/wp\/v2\/product_tag?post=12150"}],"curies":[{"name":"wp","href":"https:\/\/api.w.org\/{rel}","templated":true}]}}