{"id":12152,"date":"2026-04-01T11:31:22","date_gmt":"2026-04-01T11:31:22","guid":{"rendered":"https:\/\/engitech.az\/?post_type=product&#038;p=12152"},"modified":"2026-04-01T11:31:22","modified_gmt":"2026-04-01T11:31:22","slug":"ds-7604ni-q1e","status":"publish","type":"product","link":"https:\/\/engitech.az\/en\/product\/ds-7604ni-q1e\/","title":{"rendered":"DS-7604NI-Q1(E)"},"content":{"rendered":"<p>\u2022 <strong data-start=\"2\" data-end=\"13\">M\u0259hsul:<\/strong> DS\u20117604NI\u2011Q1(E)<br data-start=\"29\" data-end=\"32\" \/>\u2022 <strong data-start=\"34\" data-end=\"49\">Category:<\/strong> 4 kanall\u0131 IP Video Qeydiyyat\u00e7\u0131 (NVR)<br data-start=\"86\" data-end=\"89\" \/>\u2022 <strong data-start=\"91\" data-end=\"107\">Functions:<\/strong> 4 IP kamera giri\u015f, H.265\/H.264 d\u0259st\u0259yi, HDMI\/VGA \u00e7\u0131x\u0131\u015f, a\u011f\u0131ll\u0131 axtar\u0131\u015f (smart playback), SATA HDD d\u0259st\u0259yi<br data-start=\"213\" data-end=\"216\" \/>\u2022 <strong data-start=\"218\" data-end=\"231\">Usage:<\/strong> Ki\u00e7ik obyekt v\u0259 ev t\u0259hl\u00fck\u0259sizlik sisteml\u0259ri \u00fc\u00e7\u00fcn kompakt video qeyd v\u0259 idar\u0259etm\u0259.<\/p>","protected":false},"excerpt":{"rendered":"<p>\u2022 M\u0259hsul: DS\u20117604NI\u2011Q1(E)\u2022 Kateqoriya: 4 kanall\u0131 IP Video Qeydiyyat\u00e7\u0131 (NVR)\u2022  [&#8230;]<\/p>","protected":false},"featured_media":12153,"comment_status":"open","ping_status":"closed","template":"","meta":[],"product_brand":[],"product_cat":[167],"product_tag":[],"class_list":{"0":"post-12152","1":"product","2":"type-product","3":"status-publish","4":"has-post-thumbnail","6":"product_cat-hikvision","7":"pa_mehsul-tipi-network-products","9":"first","10":"instock","11":"sold-individually","12":"shipping-taxable","13":"purchasable","14":"product-type-simple"},"_links":{"self":[{"href":"https:\/\/engitech.az\/en\/wp-json\/wp\/v2\/product\/12152","targetHints":{"allow":["GET"]}}],"collection":[{"href":"https:\/\/engitech.az\/en\/wp-json\/wp\/v2\/product"}],"about":[{"href":"https:\/\/engitech.az\/en\/wp-json\/wp\/v2\/types\/product"}],"replies":[{"embeddable":true,"href":"https:\/\/engitech.az\/en\/wp-json\/wp\/v2\/comments?post=12152"}],"wp:featuredmedia":[{"embeddable":true,"href":"https:\/\/engitech.az\/en\/wp-json\/wp\/v2\/media\/12153"}],"wp:attachment":[{"href":"https:\/\/engitech.az\/en\/wp-json\/wp\/v2\/media?parent=12152"}],"wp:term":[{"taxonomy":"product_brand","embeddable":true,"href":"https:\/\/engitech.az\/en\/wp-json\/wp\/v2\/product_brand?post=12152"},{"taxonomy":"product_cat","embeddable":true,"href":"https:\/\/engitech.az\/en\/wp-json\/wp\/v2\/product_cat?post=12152"},{"taxonomy":"product_tag","embeddable":true,"href":"https:\/\/engitech.az\/en\/wp-json\/wp\/v2\/product_tag?post=12152"}],"curies":[{"name":"wp","href":"https:\/\/api.w.org\/{rel}","templated":true}]}}