{"id":12154,"date":"2026-04-01T11:36:25","date_gmt":"2026-04-01T11:36:25","guid":{"rendered":"https:\/\/engitech.az\/?post_type=product&#038;p=12154"},"modified":"2026-04-01T11:36:25","modified_gmt":"2026-04-01T11:36:25","slug":"ds-7608ni-q2-8pe","status":"publish","type":"product","link":"https:\/\/engitech.az\/en\/product\/ds-7608ni-q2-8pe\/","title":{"rendered":"DS-7608NI-Q2\/8P(E)"},"content":{"rendered":"<p>\u2022 <strong data-start=\"2\" data-end=\"13\">M\u0259hsul:<\/strong> DS\u20117608NI\u2011Q2\/8P(E)<br data-start=\"32\" data-end=\"35\" \/>\u2022 <strong data-start=\"37\" data-end=\"52\">Category:<\/strong> 8 kanall\u0131 PoE IP Video Qeydiyyat\u00e7\u0131 (NVR)<br data-start=\"93\" data-end=\"96\" \/>\u2022 <strong data-start=\"98\" data-end=\"114\">Functions:<\/strong> 8 IP kamera giri\u015f, H.265+\/H.265\/H.264+, HDMI\/VGA \u00e7\u0131x\u0131\u015f (4K d\u0259st\u0259k), 80\u202fMbps bant geni\u015fliyi, sinxron 8\u2011kanal oynatma, 2\u00d7 SATA HDD (up to 8\u202fTB), PoE portlar (8)\u00a0<br data-start=\"311\" data-end=\"314\" \/>\u2022 <strong data-start=\"316\" data-end=\"329\">Usage:<\/strong> Ki\u00e7ik v\u0259 orta obyektl\u0259r \u00fc\u00e7\u00fcn PoE kamera il\u0259 birl\u0259\u015fdirilmi\u015f video qeyd v\u0259 idar\u0259etm\u0259<\/p>","protected":false},"excerpt":{"rendered":"<p>\u2022 M\u0259hsul: DS\u20117608NI\u2011Q2\/8P(E)\u2022 Kateqoriya: 8 kanall\u0131 PoE IP Video Qeydiyyat\u00e7\u0131  [&#8230;]<\/p>","protected":false},"featured_media":12155,"comment_status":"open","ping_status":"closed","template":"","meta":[],"product_brand":[],"product_cat":[167],"product_tag":[],"class_list":{"0":"post-12154","1":"product","2":"type-product","3":"status-publish","4":"has-post-thumbnail","6":"product_cat-hikvision","7":"pa_mehsul-tipi-network-products","9":"first","10":"instock","11":"sold-individually","12":"shipping-taxable","13":"purchasable","14":"product-type-simple"},"_links":{"self":[{"href":"https:\/\/engitech.az\/en\/wp-json\/wp\/v2\/product\/12154","targetHints":{"allow":["GET"]}}],"collection":[{"href":"https:\/\/engitech.az\/en\/wp-json\/wp\/v2\/product"}],"about":[{"href":"https:\/\/engitech.az\/en\/wp-json\/wp\/v2\/types\/product"}],"replies":[{"embeddable":true,"href":"https:\/\/engitech.az\/en\/wp-json\/wp\/v2\/comments?post=12154"}],"wp:featuredmedia":[{"embeddable":true,"href":"https:\/\/engitech.az\/en\/wp-json\/wp\/v2\/media\/12155"}],"wp:attachment":[{"href":"https:\/\/engitech.az\/en\/wp-json\/wp\/v2\/media?parent=12154"}],"wp:term":[{"taxonomy":"product_brand","embeddable":true,"href":"https:\/\/engitech.az\/en\/wp-json\/wp\/v2\/product_brand?post=12154"},{"taxonomy":"product_cat","embeddable":true,"href":"https:\/\/engitech.az\/en\/wp-json\/wp\/v2\/product_cat?post=12154"},{"taxonomy":"product_tag","embeddable":true,"href":"https:\/\/engitech.az\/en\/wp-json\/wp\/v2\/product_tag?post=12154"}],"curies":[{"name":"wp","href":"https:\/\/api.w.org\/{rel}","templated":true}]}}