{"id":12158,"date":"2026-04-01T11:41:58","date_gmt":"2026-04-01T11:41:58","guid":{"rendered":"https:\/\/engitech.az\/?post_type=product&#038;p=12158"},"modified":"2026-04-01T11:41:58","modified_gmt":"2026-04-01T11:41:58","slug":"ids-7716nxi-p4-16p","status":"publish","type":"product","link":"https:\/\/engitech.az\/en\/product\/ids-7716nxi-p4-16p\/","title":{"rendered":"iDS-7716NXI-P4\/16P"},"content":{"rendered":"<p>\u2022 <strong data-start=\"2\" data-end=\"13\">M\u0259hsul:<\/strong> DS\u20117716NXI\u2011P4\/16P<br data-start=\"31\" data-end=\"34\" \/>\u2022 <strong data-start=\"36\" data-end=\"51\">Category:<\/strong> 16 kanall\u0131 PoE IP Video Qeydiyyat\u00e7\u0131 (NVR)<br data-start=\"93\" data-end=\"96\" \/>\u2022 <strong data-start=\"98\" data-end=\"114\">Functions:<\/strong> 16 IP kamera giri\u015f, inteqrasiya olunmu\u015f PoE portlar, AcuSearch\/AcuSeek v\u0259 dig\u0259r a\u011f\u0131ll\u0131 AI analiz (insan\/avtomobil tan\u0131ma, video strukturla\u015fd\u0131rma), H.265+\/H.265\/H.264+, y\u00fcks\u0259k bant geni\u015fliyi v\u0259 4 SATA HDD d\u0259st\u0259yi\u00a0<br data-start=\"364\" data-end=\"367\" \/>\u2022 <strong data-start=\"369\" data-end=\"382\">Usage:<\/strong> Obyekt v\u0259 m\u00fc\u0259ssis\u0259l\u0259r \u00fc\u00e7\u00fcn a\u011f\u0131ll\u0131 video qeyd, axtar\u0131\u015f v\u0259 t\u0259hl\u00fck\u0259sizlik idar\u0259etm\u0259si<\/p>","protected":false},"excerpt":{"rendered":"<p>\u2022 M\u0259hsul: DS\u20117716NXI\u2011P4\/16P\u2022 Kateqoriya: 16 kanall\u0131 PoE IP Video Qeydiyyat\u00e7\u0131  [&#8230;]<\/p>","protected":false},"featured_media":12159,"comment_status":"open","ping_status":"closed","template":"","meta":[],"product_brand":[],"product_cat":[167],"product_tag":[],"class_list":{"0":"post-12158","1":"product","2":"type-product","3":"status-publish","4":"has-post-thumbnail","6":"product_cat-hikvision","7":"pa_mehsul-tipi-network-products","9":"first","10":"instock","11":"sold-individually","12":"shipping-taxable","13":"purchasable","14":"product-type-simple"},"_links":{"self":[{"href":"https:\/\/engitech.az\/en\/wp-json\/wp\/v2\/product\/12158","targetHints":{"allow":["GET"]}}],"collection":[{"href":"https:\/\/engitech.az\/en\/wp-json\/wp\/v2\/product"}],"about":[{"href":"https:\/\/engitech.az\/en\/wp-json\/wp\/v2\/types\/product"}],"replies":[{"embeddable":true,"href":"https:\/\/engitech.az\/en\/wp-json\/wp\/v2\/comments?post=12158"}],"wp:featuredmedia":[{"embeddable":true,"href":"https:\/\/engitech.az\/en\/wp-json\/wp\/v2\/media\/12159"}],"wp:attachment":[{"href":"https:\/\/engitech.az\/en\/wp-json\/wp\/v2\/media?parent=12158"}],"wp:term":[{"taxonomy":"product_brand","embeddable":true,"href":"https:\/\/engitech.az\/en\/wp-json\/wp\/v2\/product_brand?post=12158"},{"taxonomy":"product_cat","embeddable":true,"href":"https:\/\/engitech.az\/en\/wp-json\/wp\/v2\/product_cat?post=12158"},{"taxonomy":"product_tag","embeddable":true,"href":"https:\/\/engitech.az\/en\/wp-json\/wp\/v2\/product_tag?post=12158"}],"curies":[{"name":"wp","href":"https:\/\/api.w.org\/{rel}","templated":true}]}}