{"id":12166,"date":"2026-04-02T07:10:44","date_gmt":"2026-04-02T07:10:44","guid":{"rendered":"https:\/\/engitech.az\/?post_type=product&#038;p=12166"},"modified":"2026-04-02T07:10:45","modified_gmt":"2026-04-02T07:10:45","slug":"ds-7104hghi-m1","status":"publish","type":"product","link":"https:\/\/engitech.az\/en\/product\/ds-7104hghi-m1\/","title":{"rendered":"DS-7104HGHI-M1"},"content":{"rendered":"<div class=\"flex max-w-full flex-col gap-4 grow\">\n<div class=\"min-h-8 text-message relative flex w-full flex-col items-end gap-2 text-start break-words whitespace-normal outline-none keyboard-focused:focus-ring [.text-message+&amp;]:mt-1\" dir=\"auto\" tabindex=\"0\" data-message-author-role=\"assistant\" data-message-id=\"8847d723-1e50-4f86-b167-54d94bd28ea0\" data-turn-start-message=\"true\" data-message-model-slug=\"gpt-5-3\">\n<div class=\"flex w-full flex-col gap-1 empty:hidden\">\n<div class=\"markdown prose dark:prose-invert w-full wrap-break-word dark markdown-new-styling\">\n<p data-start=\"0\" data-end=\"455\">\u2022 <strong data-start=\"2\" data-end=\"13\">M\u0259hsul:<\/strong> Hikvision DS-7104HGHI-M1<br data-start=\"38\" data-end=\"41\" \/>\u2022 <strong data-start=\"43\" data-end=\"58\">Category:<\/strong> DVR (video m\u00fc\u015fahid\u0259 qeydiyyat cihaz\u0131)<br data-start=\"96\" data-end=\"99\" \/>\u2022 <strong data-start=\"101\" data-end=\"111\">Contact:<\/strong> HDMI, VGA, RJ45, USB<br data-start=\"132\" data-end=\"135\" \/>\u2022 <strong data-start=\"137\" data-end=\"153\">Functions:<\/strong> 4 kanal d\u0259st\u0259yi, H.265 Pro+ s\u0131x\u0131lma, Motion Detection 2.0 (insan\/n\u0259qliyyat tan\u0131ma), 1080p Lite qeydiyyat, analoq v\u0259 IP kamera d\u0259st\u0259yi (maks. 5 IP, 2MP), 4TB HDD d\u0259st\u0259yi <br data-start=\"360\" data-end=\"363\" \/>\u2022 <strong data-start=\"365\" data-end=\"378\">Usage:<\/strong> Ev, ofis v\u0259 obyektl\u0259r \u00fc\u00e7\u00fcn t\u0259hl\u00fck\u0259sizlik kameralar\u0131n\u0131n idar\u0259si v\u0259 qeydiyyat\u0131<\/p>\n<\/div>\n<\/div>\n<\/div>\n<\/div>\n<div class=\"z-0 flex min-h-[46px] justify-start\"><\/div>\n<div class=\"mt-3 w-full empty:hidden\">\n<div class=\"text-center\">\n<div>\n<div class=\"inline-flex border border-gray-100 dark:border-gray-700 rounded-xl\">\n<div class=\"bg-token-main-surface-tertiary w-px flex-1 self-stretch\"><\/div>\n<\/div>\n<\/div>\n<\/div>\n<\/div>","protected":false},"excerpt":{"rendered":"<p>\u2022 M\u0259hsul: Hikvision DS-7104HGHI-M1\u2022 Kateqoriya: DVR (video m\u00fc\u015fahid\u0259 qeydiyyat cihaz\u0131)\u2022  [&#8230;]<\/p>","protected":false},"featured_media":12167,"comment_status":"open","ping_status":"closed","template":"","meta":[],"product_brand":[],"product_cat":[167],"product_tag":[],"class_list":{"0":"post-12166","1":"product","2":"type-product","3":"status-publish","4":"has-post-thumbnail","6":"product_cat-hikvision","7":"pa_mehsul-tipi-turbo-hd-products","9":"first","10":"instock","11":"sold-individually","12":"shipping-taxable","13":"purchasable","14":"product-type-simple"},"_links":{"self":[{"href":"https:\/\/engitech.az\/en\/wp-json\/wp\/v2\/product\/12166","targetHints":{"allow":["GET"]}}],"collection":[{"href":"https:\/\/engitech.az\/en\/wp-json\/wp\/v2\/product"}],"about":[{"href":"https:\/\/engitech.az\/en\/wp-json\/wp\/v2\/types\/product"}],"replies":[{"embeddable":true,"href":"https:\/\/engitech.az\/en\/wp-json\/wp\/v2\/comments?post=12166"}],"wp:featuredmedia":[{"embeddable":true,"href":"https:\/\/engitech.az\/en\/wp-json\/wp\/v2\/media\/12167"}],"wp:attachment":[{"href":"https:\/\/engitech.az\/en\/wp-json\/wp\/v2\/media?parent=12166"}],"wp:term":[{"taxonomy":"product_brand","embeddable":true,"href":"https:\/\/engitech.az\/en\/wp-json\/wp\/v2\/product_brand?post=12166"},{"taxonomy":"product_cat","embeddable":true,"href":"https:\/\/engitech.az\/en\/wp-json\/wp\/v2\/product_cat?post=12166"},{"taxonomy":"product_tag","embeddable":true,"href":"https:\/\/engitech.az\/en\/wp-json\/wp\/v2\/product_tag?post=12166"}],"curies":[{"name":"wp","href":"https:\/\/api.w.org\/{rel}","templated":true}]}}