{"id":12170,"date":"2026-04-02T07:14:49","date_gmt":"2026-04-02T07:14:49","guid":{"rendered":"https:\/\/engitech.az\/?post_type=product&#038;p=12170"},"modified":"2026-04-02T07:14:49","modified_gmt":"2026-04-02T07:14:49","slug":"ids-7316huhi-m4-s","status":"publish","type":"product","link":"https:\/\/engitech.az\/en\/product\/ids-7316huhi-m4-s\/","title":{"rendered":"iDS-7316HUHI-M4\/S"},"content":{"rendered":"<p>\u2022 <strong data-start=\"2\" data-end=\"13\">M\u0259hsul:<\/strong> Hikvision iDS-7316HUHI-M4\/S<br data-start=\"41\" data-end=\"44\" \/>\u2022 <strong data-start=\"46\" data-end=\"61\">Category:<\/strong> DVR (video m\u00fc\u015fahid\u0259 qeydiyyat cihaz\u0131)<br data-start=\"99\" data-end=\"102\" \/>\u2022 <strong data-start=\"104\" data-end=\"114\">Contact:<\/strong> HDMI, VGA, RJ45, USB<br data-start=\"135\" data-end=\"138\" \/>\u2022 <strong data-start=\"140\" data-end=\"156\">Functions:<\/strong> 16 kanal d\u0259st\u0259yi, H.265 Pro+ s\u0131x\u0131lma, AcuSense (insan\/n\u0259qliyyat tan\u0131ma), 8MP qeydiyyat, analoq v\u0259 IP kamera d\u0259st\u0259yi (maks. 34 kanal), 4\u00d7SATA (h\u0259r biri 12TB), RAID d\u0259st\u0259yi<br data-start=\"327\" data-end=\"330\" \/>\u2022 <strong data-start=\"332\" data-end=\"345\">Usage:<\/strong> B\u00f6y\u00fck obyektl\u0259r, ofisl\u0259r v\u0259 geni\u015f t\u0259hl\u00fck\u0259sizlik sisteml\u0259ri \u00fc\u00e7\u00fcn video n\u0259zar\u0259t v\u0259 qeydiyyat<\/p>","protected":false},"excerpt":{"rendered":"<p>\u2022 M\u0259hsul: Hikvision iDS-7316HUHI-M4\/S\u2022 Kateqoriya: DVR (video m\u00fc\u015fahid\u0259 qeydiyyat cihaz\u0131)\u2022  [&#8230;]<\/p>","protected":false},"featured_media":12171,"comment_status":"open","ping_status":"closed","template":"","meta":[],"product_brand":[],"product_cat":[167],"product_tag":[],"class_list":{"0":"post-12170","1":"product","2":"type-product","3":"status-publish","4":"has-post-thumbnail","6":"product_cat-hikvision","7":"pa_mehsul-tipi-turbo-hd-products","9":"first","10":"instock","11":"sold-individually","12":"shipping-taxable","13":"purchasable","14":"product-type-simple"},"_links":{"self":[{"href":"https:\/\/engitech.az\/en\/wp-json\/wp\/v2\/product\/12170","targetHints":{"allow":["GET"]}}],"collection":[{"href":"https:\/\/engitech.az\/en\/wp-json\/wp\/v2\/product"}],"about":[{"href":"https:\/\/engitech.az\/en\/wp-json\/wp\/v2\/types\/product"}],"replies":[{"embeddable":true,"href":"https:\/\/engitech.az\/en\/wp-json\/wp\/v2\/comments?post=12170"}],"wp:featuredmedia":[{"embeddable":true,"href":"https:\/\/engitech.az\/en\/wp-json\/wp\/v2\/media\/12171"}],"wp:attachment":[{"href":"https:\/\/engitech.az\/en\/wp-json\/wp\/v2\/media?parent=12170"}],"wp:term":[{"taxonomy":"product_brand","embeddable":true,"href":"https:\/\/engitech.az\/en\/wp-json\/wp\/v2\/product_brand?post=12170"},{"taxonomy":"product_cat","embeddable":true,"href":"https:\/\/engitech.az\/en\/wp-json\/wp\/v2\/product_cat?post=12170"},{"taxonomy":"product_tag","embeddable":true,"href":"https:\/\/engitech.az\/en\/wp-json\/wp\/v2\/product_tag?post=12170"}],"curies":[{"name":"wp","href":"https:\/\/api.w.org\/{rel}","templated":true}]}}