{"id":12172,"date":"2026-04-02T07:16:32","date_gmt":"2026-04-02T07:16:32","guid":{"rendered":"https:\/\/engitech.az\/?post_type=product&#038;p=12172"},"modified":"2026-04-02T07:16:33","modified_gmt":"2026-04-02T07:16:33","slug":"ds-7208hghi-m1","status":"publish","type":"product","link":"https:\/\/engitech.az\/en\/product\/ds-7208hghi-m1\/","title":{"rendered":"DS-7208HGHI-M1"},"content":{"rendered":"<p>\u2022 <strong data-start=\"2\" data-end=\"13\">M\u0259hsul:<\/strong> Hikvision DS-7208HGHI-M1<br data-start=\"38\" data-end=\"41\" \/>\u2022 <strong data-start=\"43\" data-end=\"58\">Category:<\/strong> DVR (video m\u00fc\u015fahid\u0259 qeydiyyat cihaz\u0131)<br data-start=\"96\" data-end=\"99\" \/>\u2022 <strong data-start=\"101\" data-end=\"111\">Contact:<\/strong> HDMI, VGA, RJ45, USB<br data-start=\"132\" data-end=\"135\" \/>\u2022 <strong data-start=\"137\" data-end=\"153\">Functions:<\/strong> 8 kanal d\u0259st\u0259yi, H.265 Pro+ s\u0131x\u0131lma, Motion Detection 2.0 (insan\/n\u0259qliyyat tan\u0131ma), 1080p Lite qeydiyyat, analoq v\u0259 IP kamera d\u0259st\u0259yi (maks. 10 IP, 5MP), audio over coax, 4TB HDD d\u0259st\u0259yi <br data-start=\"378\" data-end=\"381\" \/>\u2022 <strong data-start=\"383\" data-end=\"396\">Usage:<\/strong> Ev, ofis v\u0259 obyektl\u0259r \u00fc\u00e7\u00fcn orta s\u0259viyy\u0259li CCTV sisteml\u0259rinin idar\u0259si v\u0259 qeydiyyat\u0131<\/p>","protected":false},"excerpt":{"rendered":"<p>\u2022 M\u0259hsul: Hikvision DS-7208HGHI-M1\u2022 Kateqoriya: DVR (video m\u00fc\u015fahid\u0259 qeydiyyat cihaz\u0131)\u2022  [&#8230;]<\/p>","protected":false},"featured_media":12173,"comment_status":"open","ping_status":"closed","template":"","meta":[],"product_brand":[],"product_cat":[167],"product_tag":[],"class_list":{"0":"post-12172","1":"product","2":"type-product","3":"status-publish","4":"has-post-thumbnail","6":"product_cat-hikvision","7":"pa_mehsul-tipi-turbo-hd-products","9":"first","10":"instock","11":"sold-individually","12":"shipping-taxable","13":"purchasable","14":"product-type-simple"},"_links":{"self":[{"href":"https:\/\/engitech.az\/en\/wp-json\/wp\/v2\/product\/12172","targetHints":{"allow":["GET"]}}],"collection":[{"href":"https:\/\/engitech.az\/en\/wp-json\/wp\/v2\/product"}],"about":[{"href":"https:\/\/engitech.az\/en\/wp-json\/wp\/v2\/types\/product"}],"replies":[{"embeddable":true,"href":"https:\/\/engitech.az\/en\/wp-json\/wp\/v2\/comments?post=12172"}],"wp:featuredmedia":[{"embeddable":true,"href":"https:\/\/engitech.az\/en\/wp-json\/wp\/v2\/media\/12173"}],"wp:attachment":[{"href":"https:\/\/engitech.az\/en\/wp-json\/wp\/v2\/media?parent=12172"}],"wp:term":[{"taxonomy":"product_brand","embeddable":true,"href":"https:\/\/engitech.az\/en\/wp-json\/wp\/v2\/product_brand?post=12172"},{"taxonomy":"product_cat","embeddable":true,"href":"https:\/\/engitech.az\/en\/wp-json\/wp\/v2\/product_cat?post=12172"},{"taxonomy":"product_tag","embeddable":true,"href":"https:\/\/engitech.az\/en\/wp-json\/wp\/v2\/product_tag?post=12172"}],"curies":[{"name":"wp","href":"https:\/\/api.w.org\/{rel}","templated":true}]}}