{"id":12174,"date":"2026-04-02T07:18:56","date_gmt":"2026-04-02T07:18:56","guid":{"rendered":"https:\/\/engitech.az\/?post_type=product&#038;p=12174"},"modified":"2026-04-02T07:18:56","modified_gmt":"2026-04-02T07:18:56","slug":"ds-6701hthi-4kb","status":"publish","type":"product","link":"https:\/\/engitech.az\/en\/product\/ds-6701hthi-4kb\/","title":{"rendered":"DS-6701HTHI-4K(B)"},"content":{"rendered":"<p>\u2022 <strong data-start=\"2\" data-end=\"13\">M\u0259hsul:<\/strong> Hikvision DS\u20116701HTHI\u20114K(B)<br data-start=\"41\" data-end=\"44\" \/>\u2022 <strong data-start=\"46\" data-end=\"61\">Category:<\/strong> DVR (video m\u00fc\u015fahid\u0259 qeydiyyat cihaz\u0131)<br data-start=\"99\" data-end=\"102\" \/>\u2022 <strong data-start=\"104\" data-end=\"114\">Contact:<\/strong> HDMI, VGA, RJ45, USB<br data-start=\"135\" data-end=\"138\" \/>\u2022 <strong data-start=\"140\" data-end=\"156\">Functions:<\/strong> 1 kanal d\u0259st\u0259yi, <strong data-start=\"174\" data-end=\"189\">4K Ultra HD<\/strong> qeydiyyat, H.265 Pro+ s\u0131x\u0131lma, Motion Detection, analoq kamera d\u0259st\u0259yi<br data-start=\"260\" data-end=\"263\" \/>\u2022 <strong data-start=\"265\" data-end=\"278\">Usage:<\/strong> Ki\u00e7ik obyektl\u0259r, ev v\u0259 t\u0259k kamera \u00fc\u00e7\u00fcn y\u00fcks\u0259k keyfiyy\u0259tli qeydl\u0259r.<\/p>","protected":false},"excerpt":{"rendered":"<p>\u2022 M\u0259hsul: Hikvision DS\u20116701HTHI\u20114K(B)\u2022 Kateqoriya: DVR (video m\u00fc\u015fahid\u0259 qeydiyyat cihaz\u0131)\u2022  [&#8230;]<\/p>","protected":false},"featured_media":12175,"comment_status":"open","ping_status":"closed","template":"","meta":[],"product_brand":[],"product_cat":[167],"product_tag":[],"class_list":{"0":"post-12174","1":"product","2":"type-product","3":"status-publish","4":"has-post-thumbnail","6":"product_cat-hikvision","7":"pa_mehsul-tipi-turbo-hd-products","9":"first","10":"instock","11":"sold-individually","12":"shipping-taxable","13":"purchasable","14":"product-type-simple"},"_links":{"self":[{"href":"https:\/\/engitech.az\/en\/wp-json\/wp\/v2\/product\/12174","targetHints":{"allow":["GET"]}}],"collection":[{"href":"https:\/\/engitech.az\/en\/wp-json\/wp\/v2\/product"}],"about":[{"href":"https:\/\/engitech.az\/en\/wp-json\/wp\/v2\/types\/product"}],"replies":[{"embeddable":true,"href":"https:\/\/engitech.az\/en\/wp-json\/wp\/v2\/comments?post=12174"}],"wp:featuredmedia":[{"embeddable":true,"href":"https:\/\/engitech.az\/en\/wp-json\/wp\/v2\/media\/12175"}],"wp:attachment":[{"href":"https:\/\/engitech.az\/en\/wp-json\/wp\/v2\/media?parent=12174"}],"wp:term":[{"taxonomy":"product_brand","embeddable":true,"href":"https:\/\/engitech.az\/en\/wp-json\/wp\/v2\/product_brand?post=12174"},{"taxonomy":"product_cat","embeddable":true,"href":"https:\/\/engitech.az\/en\/wp-json\/wp\/v2\/product_cat?post=12174"},{"taxonomy":"product_tag","embeddable":true,"href":"https:\/\/engitech.az\/en\/wp-json\/wp\/v2\/product_tag?post=12174"}],"curies":[{"name":"wp","href":"https:\/\/api.w.org\/{rel}","templated":true}]}}